{"id":55,"date":"2026-03-08T23:04:45","date_gmt":"2026-03-08T22:04:45","guid":{"rendered":"https:\/\/4petis.com\/home-2\/"},"modified":"2026-03-28T21:10:13","modified_gmt":"2026-03-28T20:10:13","slug":"home-2","status":"publish","type":"page","link":"https:\/\/4petis.com\/de\/","title":{"rendered":"Home"},"content":{"rendered":"<div class=\"wp-block-uagb-container uagb-block-dde5c922 alignfull uagb-is-root-container\">\n<div class=\"wp-block-uagb-container uagb-block-b618de5d\">\n<div class=\"wp-block-uagb-info-box uagb-block-1cd420f7 uagb-infobox__content-wrap  uagb-infobox-icon-above-title uagb-infobox-image-valign-top\"><div class=\"uagb-ifb-content\"><div class=\"uagb-ifb-title-wrap\"><h1 class=\"uagb-ifb-title\">Alles f\u00fcr Ihre Lieblinge online kaufen<\/h1><\/div><p class=\"uagb-ifb-desc\">Entdecken Sie hochwertige Tiernahrung und Zubeh\u00f6r f\u00fcr Hunde und Katzen in unserem modernen Online-Shop. Einfach und bequem direkt nach Hause geliefert.<\/p><div class=\"uagb-ifb-button-wrapper wp-block-button\"><a href=\"\/de\/contact\/\" class=\"uagb-infobox-cta-link wp-block-button__link\" target=\"_self\" rel=\"noopener noreferrer\" onclick=\"return true;\"><span class=\"uagb-inline-editing\">Jetzt einkaufen<\/span><\/a><\/div><\/div><\/div>\n<\/div>\n<\/div>\n\n\n\n<div class=\"wp-block-uagb-container uagb-block-4b0b8f05 alignfull uagb-is-root-container\"><div class=\"uagb-container-inner-blocks-wrap\">\n<div class=\"wp-block-uagb-advanced-heading uagb-block-ab53c455\"><h2 class=\"uagb-heading-text\">Erfahren Sie mehr \u00fcber 4Petis und unsere Mission.<\/h2><p class=\"uagb-desc-text\">Bei 4Petis bieten wir liebevollen Haustierbesitzern hochwertige Produkte und einen erstklassigen Service f\u00fcr ihre vierbeinigen Freunde an.<\/p><\/div>\n\n\n\n<div class=\"wp-block-uagb-container uagb-layout-flex uagb-block-9286c5ad\">\n<div class=\"wp-block-uagb-container uagb-layout-flex uagb-block-87eea3b5\">\n<div class=\"wp-block-uagb-image alignleft uagb-block-fdb7a1ed wp-block-uagb-image--layout-default wp-block-uagb-image--effect-static wp-block-uagb-image--align-left\"><figure class=\"wp-block-uagb-image__figure\"><img loading=\"lazy\" decoding=\"async\" srcset=\"https:\/\/4petis.com\/wp-content\/uploads\/2026\/03\/pexels-photo-5033015.jpeg ,https:\/\/4petis.com\/wp-content\/uploads\/2026\/03\/pexels-photo-5033015.jpeg 780w, https:\/\/4petis.com\/wp-content\/uploads\/2026\/03\/pexels-photo-5033015.jpeg 360w\" sizes=\"auto, (max-width: 480px) 150px\" src=\"https:\/\/4petis.com\/wp-content\/uploads\/2026\/03\/pexels-photo-5033015.jpeg\" alt=\"Close-up of a dog treat shaped like a paw held in focus with a blurred dog in the background.\" class=\"uag-image-26\" width=\"600\" height=\"300\" title=\"Services-01\" role=\"img\"\/><\/figure><\/div>\n\n\n\n<div class=\"wp-block-uagb-container uagb-layout-grid uagb-block-59295ad8\">\n<div class=\"wp-block-uagb-image alignleft uagb-block-1d740a84 wp-block-uagb-image--layout-default wp-block-uagb-image--effect-static wp-block-uagb-image--align-left\"><figure class=\"wp-block-uagb-image__figure\"><img loading=\"lazy\" decoding=\"async\" srcset=\"https:\/\/4petis.com\/wp-content\/uploads\/2026\/03\/pexels-photo-30070537.jpeg ,https:\/\/4petis.com\/wp-content\/uploads\/2026\/03\/pexels-photo-30070537.jpeg 780w, https:\/\/4petis.com\/wp-content\/uploads\/2026\/03\/pexels-photo-30070537.jpeg 360w\" sizes=\"auto, (max-width: 480px) 150px\" src=\"https:\/\/4petis.com\/wp-content\/uploads\/2026\/03\/pexels-photo-30070537.jpeg\" alt=\"A dog eagerly waiting for a homemade meal to be served in the kitchen.\" class=\"uag-image-27\" width=\"295\" height=\"190\" title=\"Services-02\" role=\"img\"\/><\/figure><\/div>\n\n\n\n<div class=\"wp-block-uagb-image alignright uagb-block-208e11b1 wp-block-uagb-image--layout-default wp-block-uagb-image--effect-static wp-block-uagb-image--align-right\"><figure class=\"wp-block-uagb-image__figure\"><img loading=\"lazy\" decoding=\"async\" srcset=\"https:\/\/4petis.com\/wp-content\/uploads\/2026\/03\/pexels-photo-6568942.jpeg ,https:\/\/4petis.com\/wp-content\/uploads\/2026\/03\/pexels-photo-6568942.jpeg 780w, https:\/\/4petis.com\/wp-content\/uploads\/2026\/03\/pexels-photo-6568942.jpeg 360w\" sizes=\"auto, (max-width: 480px) 150px\" src=\"https:\/\/4petis.com\/wp-content\/uploads\/2026\/03\/pexels-photo-6568942.jpeg\" alt=\"A hand pouring brown dog food from a paper bag into a white bowl.\" class=\"uag-image-28\" width=\"295\" height=\"190\" title=\"Dienstleistungen-03\" role=\"img\"\/><\/figure><\/div>\n<\/div>\n<\/div>\n\n\n\n<div class=\"wp-block-uagb-container uagb-block-b6ad80b7\">\n<div class=\"wp-block-uagb-info-box uagb-block-db3dcad8 uagb-infobox__content-wrap  uagb-infobox-icon-above-title uagb-infobox-image-valign-top\"><div class=\"uagb-ifb-content\"><div class=\"uagb-ifb-title-wrap\"><h3 class=\"uagb-ifb-title-prefix\">Die Geschichte von 4Petis<\/h3><p class=\"uagb-ifb-title\">4Petis wurde aus der Leidenschaft f\u00fcr Tiere und dem Wunsch, deren Bed\u00fcrfnisse zu erf\u00fcllen, gegr\u00fcndet.<\/p><\/div><p class=\"uagb-ifb-desc\">Wir sind ein Team von Tierliebhabern, das sich f\u00fcr das Wohl Ihrer Haustiere einsetzt.<\/p><div class=\"uagb-ifb-button-wrapper wp-block-button\"><a href=\"\/de\/about\/\" class=\"uagb-infobox-cta-link wp-block-button__link\" target=\"_self\" rel=\"noopener noreferrer\" onclick=\"return true;\"><span class=\"uagb-inline-editing\">Mehr lesen<\/span><\/a><\/div><\/div><\/div>\n<\/div>\n<\/div>\n<\/div><\/div>\n\n\n\n<div class=\"wp-block-uagb-container uagb-block-c3d6e73b alignfull uagb-is-root-container\"><div class=\"uagb-container-inner-blocks-wrap\">\n<div class=\"wp-block-uagb-advanced-heading uagb-block-8510406d\"><p class=\"uagb-desc-text\">Unsere Angebote<\/p><h2 class=\"uagb-heading-text\">Entdecken Sie unser umfangreiches Sortiment<\/h2><\/div>\n\n\n\n<div class=\"wp-block-uagb-container uagb-block-2633a9e1\">\n<div class=\"wp-block-uagb-container uagb-layout-grid uagb-block-31528e8d\">\n<div class=\"wp-block-uagb-info-box uagb-block-7cbf821f uagb-infobox__content-wrap  uagb-infobox-icon-above-title uagb-infobox-image-valign-top\"><div class=\"uagb-ifb-content\"><div class=\"uagb-ifb-title-wrap\"><h3 class=\"uagb-ifb-title\">Tiernahrung<\/h3><\/div><p class=\"uagb-ifb-desc\">Hochwertige, gesunde Nahrung f\u00fcr Hunde und Katzen.<\/p><div class=\"uagb-ifb-button-wrapper wp-block-button\"><a href=\"\/de\/services\/\" target=\"_self\" onclick=\"return true;\" class=\"uagb-infobox-cta-link\" rel=\"noopener noreferrer\"><span class=\"uagb-inline-editing\">Mehr erfahren<\/span><svg xmlns=\"https:\/\/www.w3.org\/2000\/svg\" viewbox=\"0 0 320 512\"><path d=\"M96 480c-8.188 0-16.38-3.125-22.62-9.375c-12.5-12.5-12.5-32.75 0-45.25L242.8 256L73.38 86.63c-12.5-12.5-12.5-32.75 0-45.25s32.75-12.5 45.25 0l192 192c12.5 12.5 12.5 32.75 0 45.25l-192 192C112.4 476.9 104.2 480 96 480z\"><\/path><\/svg><\/a><\/div><\/div><\/div>\n\n\n\n<div class=\"wp-block-uagb-image uagb-block-e6a87125 wp-block-uagb-image--layout-default wp-block-uagb-image--effect-static wp-block-uagb-image--align-none\"><figure class=\"wp-block-uagb-image__figure\"><img loading=\"lazy\" decoding=\"async\" srcset=\"https:\/\/4petis.com\/wp-content\/uploads\/2026\/03\/pexels-photo-3318215.jpeg ,https:\/\/4petis.com\/wp-content\/uploads\/2026\/03\/pexels-photo-3318215.jpeg 780w, https:\/\/4petis.com\/wp-content\/uploads\/2026\/03\/pexels-photo-3318215.jpeg 360w\" sizes=\"auto, (max-width: 480px) 150px\" src=\"https:\/\/4petis.com\/wp-content\/uploads\/2026\/03\/pexels-photo-3318215.jpeg\" alt=\"A woman in a coat feeds a playful tabby cat outdoors on a sunny day.\" class=\"uag-image-29\" width=\"360\" height=\"280\" title=\"kreativ\" role=\"img\"\/><\/figure><\/div>\n<\/div>\n\n\n\n<div class=\"wp-block-uagb-container uagb-layout-grid uagb-block-ca764249\">\n<div class=\"wp-block-uagb-container uagb-layout-grid uagb-block-2fec6e29\">\n<div class=\"wp-block-uagb-info-box uagb-block-1a37e3d1 uagb-infobox__content-wrap  uagb-infobox-icon-above-title uagb-infobox-image-valign-top\"><div class=\"uagb-ifb-content\"><div class=\"uagb-ifb-title-wrap\"><h3 class=\"uagb-ifb-title\">Zubeh\u00f6r<\/h3><\/div><p class=\"uagb-ifb-desc\">Alles f\u00fcr das Wohlbefinden Ihres Tieres.<\/p><div class=\"uagb-ifb-button-wrapper wp-block-button\"><a href=\"\/de\/services\/\" target=\"_self\" onclick=\"return true;\" class=\"uagb-infobox-cta-link\" rel=\"noopener noreferrer\"><span class=\"uagb-inline-editing\">Mehr erfahren<\/span><svg xmlns=\"https:\/\/www.w3.org\/2000\/svg\" viewbox=\"0 0 320 512\"><path d=\"M96 480c-8.188 0-16.38-3.125-22.62-9.375c-12.5-12.5-12.5-32.75 0-45.25L242.8 256L73.38 86.63c-12.5-12.5-12.5-32.75 0-45.25s32.75-12.5 45.25 0l192 192c12.5 12.5 12.5 32.75 0 45.25l-192 192C112.4 476.9 104.2 480 96 480z\"><\/path><\/svg><\/a><\/div><\/div><\/div>\n\n\n\n<div class=\"wp-block-uagb-image uagb-block-79527b34 wp-block-uagb-image--layout-default wp-block-uagb-image--effect-static wp-block-uagb-image--align-none\"><figure class=\"wp-block-uagb-image__figure\"><img loading=\"lazy\" decoding=\"async\" srcset=\"https:\/\/4petis.com\/wp-content\/uploads\/2026\/03\/pexels-photo-4422098.jpeg ,https:\/\/4petis.com\/wp-content\/uploads\/2026\/03\/pexels-photo-4422098.jpeg 780w, https:\/\/4petis.com\/wp-content\/uploads\/2026\/03\/pexels-photo-4422098.jpeg 360w\" sizes=\"auto, (max-width: 480px) 150px\" src=\"https:\/\/4petis.com\/wp-content\/uploads\/2026\/03\/pexels-photo-4422098.jpeg\" alt=\"A person in a denim jacket feeds a Shiba Inu dog a treat, showcasing companionship.\" class=\"uag-image-30\" width=\"550\" height=\"250\" title=\"digital\" role=\"img\"\/><\/figure><\/div>\n<\/div>\n\n\n\n<div class=\"wp-block-uagb-container uagb-block-9b5bbfc7\">\n<div class=\"wp-block-uagb-info-box uagb-block-87281e37 uagb-infobox__content-wrap  uagb-infobox-icon-above-title uagb-infobox-image-valign-top\"><div class=\"uagb-ifb-content\"><div class=\"uagb-ifb-title-wrap\"><h3 class=\"uagb-ifb-title\">Bestseller<\/h3><\/div><p class=\"uagb-ifb-desc\">Unsere beliebtesten Produkte f\u00fcr Ihre Haustiere.<\/p><div class=\"uagb-ifb-button-wrapper wp-block-button\"><a href=\"\/de\/services\/\" target=\"_self\" onclick=\"return true;\" class=\"uagb-infobox-cta-link\" rel=\"noopener noreferrer\"><span class=\"uagb-inline-editing\">Mehr erfahren<\/span><svg xmlns=\"https:\/\/www.w3.org\/2000\/svg\" viewbox=\"0 0 320 512\"><path d=\"M96 480c-8.188 0-16.38-3.125-22.62-9.375c-12.5-12.5-12.5-32.75 0-45.25L242.8 256L73.38 86.63c-12.5-12.5-12.5-32.75 0-45.25s32.75-12.5 45.25 0l192 192c12.5 12.5 12.5 32.75 0 45.25l-192 192C112.4 476.9 104.2 480 96 480z\"><\/path><\/svg><\/a><\/div><\/div><\/div>\n<\/div>\n\n\n\n<div class=\"wp-block-uagb-container uagb-block-d0d012ce\">\n<div class=\"wp-block-uagb-info-box uagb-block-6dacb125 uagb-infobox__content-wrap  uagb-infobox-icon-above-title uagb-infobox-image-valign-top\"><div class=\"uagb-ifb-content\"><div class=\"uagb-ifb-title-wrap\"><h3 class=\"uagb-ifb-title\">Kundenen<\/h3><\/div><p class=\"uagb-ifb-desc\">Echte Meinungen von zufriedenen Kunden.<\/p><div class=\"uagb-ifb-button-wrapper wp-block-button\"><a href=\"\/de\/services\/\" target=\"_self\" onclick=\"return true;\" class=\"uagb-infobox-cta-link\" rel=\"noopener noreferrer\"><span class=\"uagb-inline-editing\">Mehr erfahren<\/span><svg xmlns=\"https:\/\/www.w3.org\/2000\/svg\" viewbox=\"0 0 320 512\"><path d=\"M96 480c-8.188 0-16.38-3.125-22.62-9.375c-12.5-12.5-12.5-32.75 0-45.25L242.8 256L73.38 86.63c-12.5-12.5-12.5-32.75 0-45.25s32.75-12.5 45.25 0l192 192c12.5 12.5 12.5 32.75 0 45.25l-192 192C112.4 476.9 104.2 480 96 480z\"><\/path><\/svg><\/a><\/div><\/div><\/div>\n<\/div>\n<\/div>\n<\/div>\n<\/div><\/div>\n\n\n\n<div class=\"wp-block-uagb-container uagb-block-805fe7a2 alignfull uagb-is-root-container\"><div class=\"uagb-container-inner-blocks-wrap\">\n<div class=\"wp-block-uagb-container uagb-block-ba1f86ad\">\n<div class=\"wp-block-uagb-info-box uagb-block-4142398f uagb-infobox__content-wrap  uagb-infobox-icon-above-title uagb-infobox-image-valign-top\"><div class=\"uagb-ifb-content\"><div class=\"uagb-ifb-title-wrap\"><h2 class=\"uagb-ifb-title\">Jetzt die besten Produkte entdecken<\/h2><\/div><p class=\"uagb-ifb-desc\">Schauen Sie sich unsere vielf\u00e4ltige Auswahl an hochwertiger Tiernahrung und Zubeh\u00f6r an.<\/p><div class=\"uagb-ifb-button-wrapper wp-block-button\"><a href=\"\/de\/contact\/\" class=\"uagb-infobox-cta-link wp-block-button__link\" target=\"_self\" rel=\"noopener noreferrer\" onclick=\"return true;\"><span class=\"uagb-inline-editing\">Jetzt einkaufen<\/span><\/a><\/div><\/div><\/div>\n<\/div>\n<\/div><\/div>\n\n\n\n<div class=\"wp-block-uagb-container uagb-block-f1cf99cc alignfull uagb-is-root-container\"><div class=\"uagb-container-inner-blocks-wrap\">\n<div class=\"wp-block-uagb-container uagb-layout-grid uagb-block-832eed1e\">\n<div class=\"wp-block-uagb-advanced-heading uagb-block-9a3b9b8f\"><p class=\"uagb-desc-text\">Ihre Vorteile<\/p><h2 class=\"uagb-heading-text\">Das besondere an 4Petis<\/h2><\/div>\n\n\n\n<div class=\"wp-block-uagb-image uagb-block-9a6b7734 wp-block-uagb-image--layout-default wp-block-uagb-image--effect-static wp-block-uagb-image--align-none\"><figure class=\"wp-block-uagb-image__figure\"><img loading=\"lazy\" decoding=\"async\" srcset=\"https:\/\/4petis.com\/wp-content\/uploads\/2026\/03\/pexels-photo-20109380.jpeg ,https:\/\/4petis.com\/wp-content\/uploads\/2026\/03\/pexels-photo-20109380.jpeg 780w, https:\/\/4petis.com\/wp-content\/uploads\/2026\/03\/pexels-photo-20109380.jpeg 360w\" sizes=\"auto, (max-width: 480px) 150px\" src=\"https:\/\/4petis.com\/wp-content\/uploads\/2026\/03\/pexels-photo-20109380.jpeg\" alt=\"A domestic cat eating from an automatic pet feeder indoors. Perfect for pet lifestyle concepts.\" class=\"uag-image-32\" width=\"600\" height=\"300\" title=\"Warum sollten Sie sich f\u00fcr uns entscheiden?\" role=\"img\"\/><\/figure><\/div>\n<\/div>\n\n\n\n<div class=\"wp-block-uagb-container uagb-block-a237c42a\">\n<div class=\"wp-block-uagb-advanced-heading uagb-block-98d61022\"><h3 class=\"uagb-heading-text\">Hochwertige Produkte<\/h3><p class=\"uagb-desc-text\">Wir bieten ausschlie\u00dflich sorgf\u00e4ltig ausgew\u00e4hlte Produkte, die die Gesundheit und das Wohl Ihrer Haustiere f\u00f6rdern.<\/p><\/div>\n\n\n\n<div class=\"wp-block-uagb-advanced-heading uagb-block-c99015bc\"><h3 class=\"uagb-heading-text\">Schneller Versand<\/h3><p class=\"uagb-desc-text\">Bestellen Sie noch heute und profitieren Sie von unserem schnellen und zuverl\u00e4ssigen Lieferservice.<\/p><\/div>\n\n\n\n<div class=\"wp-block-uagb-advanced-heading uagb-block-a5041842\"><h3 class=\"uagb-heading-text\">Kundenservice<\/h3><p class=\"uagb-desc-text\">Unser freundliches Team steht Ihnen bei Fragen jederzeit zur Verf\u00fcgung und hilft Ihnen gern weiter.<\/p><\/div>\n<\/div>\n<\/div><\/div>\n\n\n\n<div class=\"wp-block-uagb-container uagb-block-d7b60fd6 alignfull uagb-is-root-container\"><div class=\"uagb-container-inner-blocks-wrap\">\n<div class=\"wp-block-uagb-container uagb-block-cef7200c\"><\/div>\n\n\n\n<div class=\"wp-block-buttons is-layout-flex wp-container-core-buttons-is-layout-a74382ec wp-block-buttons-is-layout-flex\">\n<div class=\"wp-block-button is-style-fill\"><a class=\"wp-block-button__link has-text-align-left wp-element-button\" href=\"https:\/\/4petis.com\/de\/shop\/\">Jetzt EINKAUFEN <\/a><\/div>\n<\/div>\n<\/div><\/div>\n\n\n\n<div class=\"wp-block-uagb-container uagb-block-cea51ada alignfull uagb-is-root-container\"><div class=\"uagb-container-inner-blocks-wrap\"><\/div><\/div>","protected":false},"excerpt":{"rendered":"<p>Erfahren Sie mehr \u00fcber 4Petis und unsere Mission. Bei 4Petis bieten wir liebevollen Haustierbesitzern hochwertige Produkte und einen erstklassigen Service f\u00fcr ihre vierbeinigen Freunde an. Unsere Angebote Entdecken Sie Unser umfangreiches Sortiment Ihre Vorteile Das Besondere an 4Petis Hochwertige Produkte Wir bieten ausschlie\u00dflich sorgf\u00e4ltig ausgew\u00e4hlte Produkte, die die Gesundheit und das Wohl Ihrer Haustiere f\u00f6rdern. [&#8230;]\n","protected":false},"author":1,"featured_media":0,"parent":0,"menu_order":0,"comment_status":"closed","ping_status":"closed","template":"","meta":{"_uag_custom_page_level_css":"","footnotes":""},"class_list":["post-55","page","type-page","status-publish","hentry"],"uagb_featured_image_src":{"full":false,"thumbnail":false,"medium":false,"medium_large":false,"large":false,"1536x1536":false,"2048x2048":false,"trp-custom-language-flag":false,"woocommerce_thumbnail":false,"woocommerce_single":false,"woocommerce_gallery_thumbnail":false},"uagb_author_info":{"display_name":"4Petis","author_link":"https:\/\/4petis.com\/de\/author\/4petis\/"},"uagb_comment_info":0,"uagb_excerpt":"Erfahren Sie mehr \u00fcber 4Petis und unsere Mission. Bei 4Petis bieten wir liebevollen Haustierbesitzern hochwertige Produkte und einen erstklassigen Service f\u00fcr ihre vierbeinigen Freunde an. Unsere Angebote Entdecken Sie Unser umfangreiches Sortiment Ihre Vorteile Das Besondere an 4Petis Hochwertige Produkte Wir bieten ausschlie\u00dflich sorgf\u00e4ltig ausgew\u00e4hlte Produkte, die die Gesundheit und das Wohl Ihrer Haustiere f\u00f6rdern.&hellip;","_links":{"self":[{"href":"https:\/\/4petis.com\/de\/wp-json\/wp\/v2\/pages\/55","targetHints":{"allow":["GET"]}}],"collection":[{"href":"https:\/\/4petis.com\/de\/wp-json\/wp\/v2\/pages"}],"about":[{"href":"https:\/\/4petis.com\/de\/wp-json\/wp\/v2\/types\/page"}],"author":[{"embeddable":true,"href":"https:\/\/4petis.com\/de\/wp-json\/wp\/v2\/users\/1"}],"replies":[{"embeddable":true,"href":"https:\/\/4petis.com\/de\/wp-json\/wp\/v2\/comments?post=55"}],"version-history":[{"count":6,"href":"https:\/\/4petis.com\/de\/wp-json\/wp\/v2\/pages\/55\/revisions"}],"predecessor-version":[{"id":2842,"href":"https:\/\/4petis.com\/de\/wp-json\/wp\/v2\/pages\/55\/revisions\/2842"}],"wp:attachment":[{"href":"https:\/\/4petis.com\/de\/wp-json\/wp\/v2\/media?parent=55"}],"curies":[{"name":"wp","href":"https:\/\/api.w.org\/{rel}","templated":true}]}}