{"id":864,"date":"2026-04-02T22:46:16","date_gmt":"2026-04-02T20:46:16","guid":{"rendered":"https:\/\/4petis.com\/?page_id=864"},"modified":"2026-04-16T13:03:45","modified_gmt":"2026-04-16T11:03:45","slug":"agb","status":"publish","type":"page","link":"https:\/\/4petis.com\/de\/agb\/","title":{"rendered":"AGB"},"content":{"rendered":"<div data-elementor-type=\"wp-page\" data-elementor-id=\"864\" class=\"elementor elementor-864\">\n\t\t\t\t<div class=\"elementor-element elementor-element-6f5e8876 e-flex e-con-boxed e-con e-parent\" data-id=\"6f5e8876\" data-element_type=\"container\" data-e-type=\"container\">\n\t\t\t\t\t<div class=\"e-con-inner\">\n\t\t\t\t<div class=\"elementor-element elementor-element-5b271ae3 elementor-widget elementor-widget-text-editor\" data-id=\"5b271ae3\" data-element_type=\"widget\" data-e-type=\"widget\" data-widget_type=\"text-editor.default\">\n\t\t\t\t\t\t\t\t\t\n\n\n<p>Allgemeine Gesch\u00e4ftsbedingungen (AGB)<\/p>\n\n\n\n<ol class=\"wp-block-list\">\n<li>Geltungsbereich<\/li>\n<\/ol>\n\n\n\n<p>Diese Allgemeinen Gesch\u00e4ftsbedingungen gelten f\u00fcr alle Bestellungen, die Verbraucher \u00fcber den Online-Shop 4petis t\u00e4tigen.<\/p>\n\n\n\n<p>Angaben gem\u00e4\u00df \u00a7 5 TMG<\/p>\n\n\n\n<p>Tuba Yali<br>Einzelunternehmen<\/p>\n\n\n\n<p>Z Club Friseursalon &amp; Onlinehandel (4Petis)<br>Lorettostra\u00dfe 32<br>79100 Freiburg im Breisgau<br>Deutschland<\/p>\n\n\n\n<p>E-Mail: shop@4petis.com<br>Telefon: +49 15906418284<\/p>\n\n\n\n<p><\/p>\n\n\n\n<p><\/p>\n\n\n\n<ol start=\"2\" class=\"wp-block-list\">\n<li>Vertragspartner<\/li>\n<\/ol>\n\n\n\n<p>Der Kaufvertrag kommt zustande mit:<\/p>\n\n\n\n<p>Angaben gem\u00e4\u00df \u00a7 5 TMG<\/p>\n\n\n\n<p>Tuba Yali<br>Einzelunternehmen<\/p>\n\n\n\n<p>Z Club Friseursalon &amp; Onlinehandel (4Petis)<br>Lorettostra\u00dfe 32<br>79100 Freiburg im Breisgau<br>Deutschland<\/p>\n\n\n\n<p>E-Mail: shop@4petis.com<br>Telefon: +49 1590641<\/p>\n\n\n\n<ol start=\"3\" class=\"wp-block-list\">\n<li>Vertragsschluss<\/li>\n<\/ol>\n\n\n\n<p>Die Darstellung der Produkte im Online-Shop stellt kein rechtlich bindendes Angebot dar, sondern eine unverbindliche Aufforderung zur Bestellung.<\/p>\n\n\n\n<p>Durch Anklicken des Buttons \u201eJetzt kaufen\u201c geben Sie eine verbindliche Bestellung ab.<\/p>\n\n\n\n<ol start=\"4\" class=\"wp-block-list\">\n<li>Preise und Versandkosten<\/li>\n<\/ol>\n\n\n\n<p>Die angegebenen Preise enthalten die gesetzliche Mehrwertsteuer.<\/p>\n\n\n\n<p>Zus\u00e4tzlich zu den angegebenen Preisen k\u00f6nnen Versandkosten anfallen. Diese werden w\u00e4hrend des Bestellvorgangs angezeigt.<\/p>\n\n\n\n<ol start=\"5\" class=\"wp-block-list\">\n<li>Lieferung<\/li>\n<\/ol>\n\n\n\n<p>Die Lieferung erfolgt an die vom Kunden angegebene Lieferadresse.<\/p>\n\n\n\n<p>Die Lieferzeit betr\u00e4gt in der Regel 3\u20137 Werktage.<\/p>\n\n\n\n<ol start=\"6\" class=\"wp-block-list\">\n<li>Zahlung<\/li>\n<\/ol>\n\n\n\n<p>Die Zahlung erfolgt \u00fcber die im Shop angebotenen Zahlungsmethoden, wie z. B.:<\/p>\n\n\n\n<ul class=\"wp-block-list\">\n<li>PayPal<\/li>\n\n\n\n<li>Kreditkarte<\/li>\n\n\n\n<li>Weitere angebotene Zahlungsmethoden<\/li>\n<\/ul>\n\n\n\n<ol class=\"wp-block-list\">\n<li>Eigentumsvorbehalt<\/li>\n<\/ol>\n\n\n\n<p>Die Ware bleibt bis zur vollst\u00e4ndigen Bezahlung unser Eigentum.<\/p>\n\n\n\n<ol start=\"8\" class=\"wp-block-list\">\n<li>Erkl\u00e4rung<\/li>\n<\/ol>\n\n\n\n<p>Es gelten die gesetzlichen Gew\u00e4hrleistungsrechte.<\/p>\n\n\n\n<ol start=\"9\" class=\"wp-block-list\">\n<li>Haftung<\/li>\n<\/ol>\n\n\n\n<p>F\u00fcr Sch\u00e4den haften wir nur bei Vorsatz oder grober Fahrl\u00e4ssigkeit.<\/p>\n\n\n\n<ol start=\"10\" class=\"wp-block-list\">\n<li>Streitbeilegung<\/li>\n<\/ol>\n\n\n\n<p>Die Europ\u00e4ische Kommission stellt eine Plattform zur Online-Streitbeilegung bereit:<\/p>\n\n\n\n<figure class=\"wp-block-embed\"><div class=\"wp-block-embed__wrapper\">\nhttps:\/\/ec.europa.eu\/consumers\/odr\n<\/div><\/figure>\n\n\n\n<p>Unsere E-Mail-Adresse lautet:<\/p>\n\n\n\n<p>shop@4petis.com<\/p>\n\n\n\n<p><\/p>\n\t\t\t\t\t\t\t\t<\/div>\n\t\t\t\t\t<\/div>\n\t\t\t\t<\/div>\n\t\t\t\t<\/div>","protected":false},"excerpt":{"rendered":"<p>Allgemeine Gesch\u00e4ftsbedingungen (AGB) Diese Allgemeinen Gesch\u00e4ftsbedingungen gelten f\u00fcr alle Bestellungen, die Verbraucher \u00fcber den Online-Shop 4petis t\u00e4tigen. Angaben gem\u00e4\u00df \u00a7 5 TMG Tuba YaliEinzelunternehmen Z Club Hair Salon &amp; Onlinehandel (4Petis)Lorettostrasse 3279100 Freiburg im BreisgauDeutschland E-Mail: shop@4petis.comTelefon: +49 15906418284 Der Kaufvertrag kommt zustande mit: Angaben gem\u00e4\u00df \u00a7 5 TMG Tuba YaliEinzelunternehmen Z Club Hair Salon [&#8230;]\n","protected":false},"author":1,"featured_media":0,"parent":0,"menu_order":0,"comment_status":"closed","ping_status":"closed","template":"","meta":{"_uag_custom_page_level_css":"","footnotes":""},"class_list":["post-864","page","type-page","status-publish","hentry"],"uagb_featured_image_src":{"full":false,"thumbnail":false,"medium":false,"medium_large":false,"large":false,"1536x1536":false,"2048x2048":false,"trp-custom-language-flag":false,"woocommerce_thumbnail":false,"woocommerce_single":false,"woocommerce_gallery_thumbnail":false},"uagb_author_info":{"display_name":"4Petis","author_link":"https:\/\/4petis.com\/de\/author\/4petis\/"},"uagb_comment_info":0,"uagb_excerpt":"Allgemeine Gesch\u00e4ftsbedingungen (AGB) Diese Allgemeinen Gesch\u00e4ftsbedingungen gelten f\u00fcr alle Bestellungen, die Verbraucher \u00fcber den Online-Shop 4petis t\u00e4tigen. Angaben gem\u00e4\u00df \u00a7 5 TMG Tuba YaliEinzelunternehmen Z Club Hair Salon &amp; Onlinehandel (4Petis)Lorettostrasse 3279100 Freiburg im BreisgauDeutschland E-Mail: shop@4petis.comTelefon: +49 15906418284 Der Kaufvertrag kommt zustande mit: Angaben gem\u00e4\u00df \u00a7 5 TMG Tuba YaliEinzelunternehmen Z Club Hair Salon&hellip;","_links":{"self":[{"href":"https:\/\/4petis.com\/de\/wp-json\/wp\/v2\/pages\/864","targetHints":{"allow":["GET"]}}],"collection":[{"href":"https:\/\/4petis.com\/de\/wp-json\/wp\/v2\/pages"}],"about":[{"href":"https:\/\/4petis.com\/de\/wp-json\/wp\/v2\/types\/page"}],"author":[{"embeddable":true,"href":"https:\/\/4petis.com\/de\/wp-json\/wp\/v2\/users\/1"}],"replies":[{"embeddable":true,"href":"https:\/\/4petis.com\/de\/wp-json\/wp\/v2\/comments?post=864"}],"version-history":[{"count":4,"href":"https:\/\/4petis.com\/de\/wp-json\/wp\/v2\/pages\/864\/revisions"}],"predecessor-version":[{"id":3036,"href":"https:\/\/4petis.com\/de\/wp-json\/wp\/v2\/pages\/864\/revisions\/3036"}],"wp:attachment":[{"href":"https:\/\/4petis.com\/de\/wp-json\/wp\/v2\/media?parent=864"}],"curies":[{"name":"wp","href":"https:\/\/api.w.org\/{rel}","templated":true}]}}