{"id":870,"date":"2026-04-02T22:57:48","date_gmt":"2026-04-02T20:57:48","guid":{"rendered":"https:\/\/4petis.com\/?page_id=870"},"modified":"2026-04-17T12:34:07","modified_gmt":"2026-04-17T10:34:07","slug":"impressium-2","status":"publish","type":"page","link":"https:\/\/4petis.com\/de\/impressium-2\/","title":{"rendered":"Impressium"},"content":{"rendered":"<div data-elementor-type=\"wp-page\" data-elementor-id=\"870\" class=\"elementor elementor-870\">\n\t\t\t\t<div class=\"elementor-element elementor-element-465b9a15 e-flex e-con-boxed e-con e-parent\" data-id=\"465b9a15\" data-element_type=\"container\" data-e-type=\"container\">\n\t\t\t\t\t<div class=\"e-con-inner\">\n\t\t\t\t<div class=\"elementor-element elementor-element-1ee226d3 elementor-widget elementor-widget-text-editor\" data-id=\"1ee226d3\" data-element_type=\"widget\" data-e-type=\"widget\" data-widget_type=\"text-editor.default\">\n\t\t\t\t\t\t\t\t\t<p><\/p>\n<p><\/p>\n<p>Impressum<\/p>\n<p><\/p>\n<p>Angaben gem\u00e4\u00df \u00a7 5 TMG<\/p>\n<p><\/p>\n<p>Angaben gem\u00e4\u00df \u00a7 5 TMG<\/p><p><br><\/p><p>Tuba Yali&nbsp;&nbsp;<\/p><p>Einzelunternehmen&nbsp;&nbsp;<\/p><p><br><\/p><p>Z Club Friseursalon &amp; Onlinehandel (4Petis)&nbsp;&nbsp;<\/p><p>Lorettostra\u00dfe 32&nbsp;&nbsp;<\/p><p>79100 Freiburg im Breisgau&nbsp;&nbsp;<\/p><p>Deutschland&nbsp;&nbsp;<\/p><p><br><\/p><p>E-Mail: shop@4petis.com&nbsp;&nbsp;<\/p><p>Telefon: +49 15906418284<\/p>\n<p><\/p>\n<p>E-Mail: shop@4petis.com<\/p>\n<p><\/p>\n<p>Umsatzsteuer-ID<\/p>\n<p><\/p>\n<p>Umsatzsteuer-Identifikationsnummer gem\u00e4\u00df \u00a7 27 a Umsatzsteuergesetz:<\/p>\n<p><\/p>\n<p>Steuernummer:<\/p><p>06300\/47694<\/p>\n<p><\/p>\n<p>Verantwortlich f\u00fcr den Inhalt gem\u00e4\u00df \u00a7 55 Abs. 2 RStV:<\/p>\n<p><\/p>\n<p>Tuba Yali<br>Lorettostra\u00dfe 32<br>79100 Freiburg im Breisgau<\/p>\n<p><\/p>\n<p>EU-Streitschlichtung<\/p>\n<p><\/p>\n<p>Die Europ\u00e4ische Kommission stellt eine Plattform zur Online-Streitbeilegung (OS) bereit:<\/p>\n<p><\/p>\n<figure class=\"wp-block-embed\">\n<div class=\"wp-block-embed__wrapper\">https:\/\/ec.europa.eu\/consumers\/odr<\/div>\n<\/figure>\n<p><\/p>\n<p>Unsere E-Mail-Adresse finden Sie oben im Impressum.<\/p>\n<p><\/p>\n<p>Verbraucherstreitbeilegung<\/p>\n<p><\/p>\n<p>Wir sind nicht bereit oder verpflichtet, ein Streitbeilegungsverfahren vor einer Verbraucherschlichtungsstelle zu betreiben.<\/p>\n<p><\/p>\t\t\t\t\t\t\t\t<\/div>\n\t\t\t\t\t<\/div>\n\t\t\t\t<\/div>\n\t\t\t\t<\/div>","protected":false},"excerpt":{"rendered":"<p>Impressum Angaben gem\u00e4\u00df \u00a7 5 TMG Angaben gem\u00e4\u00df \u00a7 5 TMG Tuba Yali&nbsp;&nbsp; Einzelunternehmen&nbsp;&nbsp; Z Club Hair Salon &amp; Onlinehandel (4Petis)&nbsp;&nbsp; Lorettostrasse 32&nbsp;&nbsp; 79100 Freiburg im Breisgau&nbsp;&nbsp; Deutschland&nbsp;&nbsp; E-Mail: shop@4petis.com&nbsp;&nbsp; Telefon: +49 15906418284 E-Mail: shop@4petis.com Umsatzsteuer-ID Umsatzsteuer-Identifikationsnummer gem\u00e4\u00df \u00a7 27 a Umsatzsteuergesetz: Steuernummer: 06300\/47694 Verantwortlich f\u00fcr den Inhalt nach \u00a7 55 Abs. 2 RStV: Tuba [&#8230;]\n","protected":false},"author":1,"featured_media":0,"parent":0,"menu_order":0,"comment_status":"closed","ping_status":"closed","template":"","meta":{"_uag_custom_page_level_css":"","footnotes":""},"class_list":["post-870","page","type-page","status-publish","hentry"],"uagb_featured_image_src":{"full":false,"thumbnail":false,"medium":false,"medium_large":false,"large":false,"1536x1536":false,"2048x2048":false,"trp-custom-language-flag":false,"woocommerce_thumbnail":false,"woocommerce_single":false,"woocommerce_gallery_thumbnail":false},"uagb_author_info":{"display_name":"4Petis","author_link":"https:\/\/4petis.com\/de\/author\/4petis\/"},"uagb_comment_info":0,"uagb_excerpt":"Impressum Angaben gem\u00e4\u00df \u00a7 5 TMG Angaben gem\u00e4\u00df \u00a7 5 TMG Tuba Yali&nbsp;&nbsp; Einzelunternehmen&nbsp;&nbsp; Z Club Hair Salon &amp; Onlinehandel (4Petis)&nbsp;&nbsp; Lorettostrasse 32&nbsp;&nbsp; 79100 Freiburg im Breisgau&nbsp;&nbsp; Deutschland&nbsp;&nbsp; E-Mail: shop@4petis.com&nbsp;&nbsp; Telefon: +49 15906418284 E-Mail: shop@4petis.com Umsatzsteuer-ID Umsatzsteuer-Identifikationsnummer gem\u00e4\u00df \u00a7 27 a Umsatzsteuergesetz: Steuernummer: 06300\/47694 Verantwortlich f\u00fcr den Inhalt nach \u00a7 55 Abs. 2 RStV: Tuba&hellip;","_links":{"self":[{"href":"https:\/\/4petis.com\/de\/wp-json\/wp\/v2\/pages\/870","targetHints":{"allow":["GET"]}}],"collection":[{"href":"https:\/\/4petis.com\/de\/wp-json\/wp\/v2\/pages"}],"about":[{"href":"https:\/\/4petis.com\/de\/wp-json\/wp\/v2\/types\/page"}],"author":[{"embeddable":true,"href":"https:\/\/4petis.com\/de\/wp-json\/wp\/v2\/users\/1"}],"replies":[{"embeddable":true,"href":"https:\/\/4petis.com\/de\/wp-json\/wp\/v2\/comments?post=870"}],"version-history":[{"count":4,"href":"https:\/\/4petis.com\/de\/wp-json\/wp\/v2\/pages\/870\/revisions"}],"predecessor-version":[{"id":3076,"href":"https:\/\/4petis.com\/de\/wp-json\/wp\/v2\/pages\/870\/revisions\/3076"}],"wp:attachment":[{"href":"https:\/\/4petis.com\/de\/wp-json\/wp\/v2\/media?parent=870"}],"curies":[{"name":"wp","href":"https:\/\/api.w.org\/{rel}","templated":true}]}}