{"id":874,"date":"2026-04-02T22:59:30","date_gmt":"2026-04-02T20:59:30","guid":{"rendered":"https:\/\/4petis.com\/?page_id=874"},"modified":"2026-04-17T12:37:34","modified_gmt":"2026-04-17T10:37:34","slug":"wiederrufsbelehrung-2","status":"publish","type":"page","link":"https:\/\/4petis.com\/de\/wiederrufsbelehrung-2\/","title":{"rendered":"Wiederrufsbelehrung"},"content":{"rendered":"<div data-elementor-type=\"wp-page\" data-elementor-id=\"874\" class=\"elementor elementor-874\">\n\t\t\t\t<div class=\"elementor-element elementor-element-4606f2b9 e-flex e-con-boxed e-con e-parent\" data-id=\"4606f2b9\" data-element_type=\"container\" data-e-type=\"container\">\n\t\t\t\t\t<div class=\"e-con-inner\">\n\t\t\t\t<div class=\"elementor-element elementor-element-1c0006da elementor-widget elementor-widget-text-editor\" data-id=\"1c0006da\" data-element_type=\"widget\" data-e-type=\"widget\" data-widget_type=\"text-editor.default\">\n\t\t\t\t\t\t\t\t\t<p><\/p>\n<p><\/p>\n<p>Widerrufsbelehrung<\/p>\n<p><\/p>\n<p>Verbraucher haben ein vierzehnt\u00e4giges Widerrufsrecht.<\/p>\n<p><\/p>\n<p>Widerrufsrecht<\/p>\n<p><\/p>\n<p>Sie haben das Recht, binnen vierzehn Tagen ohne Angabe von Gr\u00fcnden diesen Vertrag zu widerrufen.<\/p>\n<p><\/p>\n<p>Die Widerrufsfrist betr\u00e4gt vierzehn Tage ab dem Tag,<br>an dem Sie oder ein von Ihnen benannter Dritter die Waren erhalten haben.<\/p>\n<p><\/p>\n<p>Um Ihr Widerrufsrecht auszu\u00fcben, m\u00fcssen Sie uns:<\/p>\n<p><\/p>\n<p>Angaben gem\u00e4\u00df \u00a7 5 TMG<\/p><p><br><\/p><p>Tuba Yali&nbsp;&nbsp;<\/p><p>Einzelunternehmen&nbsp;&nbsp;<\/p><p><br><\/p><p>Z Club Friseursalon &amp; Onlinehandel (4Petis)&nbsp;&nbsp;<\/p><p>Lorettostra\u00dfe 32&nbsp;&nbsp;<\/p><p>79100 Freiburg im Breisgau&nbsp;&nbsp;<\/p><p>Deutschland&nbsp;&nbsp;<\/p><p><br><\/p><p>E-Mail: shop@4petis.com&nbsp;&nbsp;<\/p><p>Telefon: +49 15906418284<\/p>\n<p><\/p>\n<p>\u00fcber Ihren Entschluss informieren.<\/p>\n<p><\/p>\n<p>Folgen des Widerrufs<\/p>\n<p><\/p>\n<p>Wenn Sie diesen Vertrag widerrufen, erhalten Sie alle Zahlungen zur\u00fcck.<\/p>\n<p><\/p>\n<p>Sie tragen die unmittelbaren Kosten der R\u00fccksendung der Waren.<\/p>\n<p><\/p>\t\t\t\t\t\t\t\t<\/div>\n\t\t\t\t\t<\/div>\n\t\t\t\t<\/div>\n\t\t\t\t<\/div>","protected":false},"excerpt":{"rendered":"<p>Widerrufsbelehrung Verbraucher haben ein vierzehnt\u00e4giges Widerrufsrecht. Widerrufsrecht Sie haben das Recht, binnen vierzehn Tagen ohne Angabe von Gr\u00fcnden diesen Vertrag zu widerrufen. Die Widerrufsfrist betr\u00e4gt vierzehn Tage ab dem Tag,an dem Sie oder ein von Ihnen benannter Dritter die Waren erhalten haben. Um Ihr Widerrufsrecht auszu\u00fcben, m\u00fcssen Sie uns: Angaben gem\u00e4\u00df \u00a7 5 TMG Tuba [&#8230;]\n","protected":false},"author":1,"featured_media":0,"parent":0,"menu_order":0,"comment_status":"closed","ping_status":"closed","template":"","meta":{"_uag_custom_page_level_css":"","footnotes":""},"class_list":["post-874","page","type-page","status-publish","hentry"],"uagb_featured_image_src":{"full":false,"thumbnail":false,"medium":false,"medium_large":false,"large":false,"1536x1536":false,"2048x2048":false,"trp-custom-language-flag":false,"woocommerce_thumbnail":false,"woocommerce_single":false,"woocommerce_gallery_thumbnail":false},"uagb_author_info":{"display_name":"4Petis","author_link":"https:\/\/4petis.com\/de\/author\/4petis\/"},"uagb_comment_info":0,"uagb_excerpt":"Widerrufsbelehrung Verbraucher haben ein vierzehnt\u00e4giges Widerrufsrecht. Widerrufsrecht Sie haben das Recht, binnen vierzehn Tagen ohne Angabe von Gr\u00fcnden diesen Vertrag zu widerrufen. Die Widerrufsfrist betr\u00e4gt vierzehn Tage ab dem Tag,an dem Sie oder ein von Ihnen benannter Dritter die Waren erhalten haben. Um Ihr Widerrufsrecht auszu\u00fcben, m\u00fcssen Sie uns: Angaben gem\u00e4\u00df \u00a7 5 TMG Tuba&hellip;","_links":{"self":[{"href":"https:\/\/4petis.com\/de\/wp-json\/wp\/v2\/pages\/874","targetHints":{"allow":["GET"]}}],"collection":[{"href":"https:\/\/4petis.com\/de\/wp-json\/wp\/v2\/pages"}],"about":[{"href":"https:\/\/4petis.com\/de\/wp-json\/wp\/v2\/types\/page"}],"author":[{"embeddable":true,"href":"https:\/\/4petis.com\/de\/wp-json\/wp\/v2\/users\/1"}],"replies":[{"embeddable":true,"href":"https:\/\/4petis.com\/de\/wp-json\/wp\/v2\/comments?post=874"}],"version-history":[{"count":4,"href":"https:\/\/4petis.com\/de\/wp-json\/wp\/v2\/pages\/874\/revisions"}],"predecessor-version":[{"id":3079,"href":"https:\/\/4petis.com\/de\/wp-json\/wp\/v2\/pages\/874\/revisions\/3079"}],"wp:attachment":[{"href":"https:\/\/4petis.com\/de\/wp-json\/wp\/v2\/media?parent=874"}],"curies":[{"name":"wp","href":"https:\/\/api.w.org\/{rel}","templated":true}]}}