{"id":1315,"date":"2026-04-06T23:06:21","date_gmt":"2026-04-06T21:06:21","guid":{"rendered":"https:\/\/4petis.com\/produkt\/rainwoof-regenjacke\/"},"modified":"2026-04-14T15:51:48","modified_gmt":"2026-04-14T13:51:48","slug":"rainwoof-regenjacke","status":"publish","type":"product","link":"https:\/\/4petis.com\/de\/produkt\/rainwoof-regenjacke\/","title":{"rendered":"RainWoof Regenjacke   f\u00fcr Hunde"},"content":{"rendered":"<p style=\"text-align: center\"><img decoding=\"async\" src=\"https:\/\/cdn.shopify.com\/s\/files\/1\/0837\/5536\/8788\/files\/Rainjacket_Jacket_Sizing.png?v=1767096034\" alt=\"Rainjacket Jacket Sizing\" title=\"RainWoof Regenjacke   f\u00fcr Hunde\"><\/p>\n<p data-start=\"98\" data-end=\"158\"><strong data-start=\"98\" data-end=\"156\">Willkommen zu unserer Regenmantel-Kollektion f\u00fcr Hunde<\/strong><\/p>\n<p data-start=\"160\" data-end=\"216\">Fr\u00f6hliche Designs treffen auf hochwertige Materialien:<\/p>\n<ul data-start=\"217\" data-end=\"487\">\n<li data-start=\"217\" data-end=\"287\">\n<p data-start=\"219\" data-end=\"287\"><strong data-start=\"219\" data-end=\"240\">100 % wasserdicht<\/strong> und <strong data-start=\"245\" data-end=\"261\">atmungsaktiv<\/strong> f\u00fcr Schutz und Komfort.<\/p>\n<\/li>\n<li data-start=\"288\" data-end=\"341\">\n<p data-start=\"290\" data-end=\"341\"><strong data-start=\"290\" data-end=\"312\">Warmes Innenfutter<\/strong> aus Melange-Viskose-Lycra.<\/p>\n<\/li>\n<li data-start=\"342\" data-end=\"410\">\n<p data-start=\"344\" data-end=\"410\"><strong data-start=\"344\" data-end=\"375\">Praktischer Klettverschluss<\/strong> f\u00fcr einfaches An- und Ausziehen.<\/p>\n<\/li>\n<li data-start=\"411\" data-end=\"487\">\n<p data-start=\"413\" data-end=\"487\"><strong data-start=\"413\" data-end=\"429\">Pflegeleicht<\/strong>: Waschbar bei 30 \u00b0C oder abwischbar, kein B\u00fcgeln n\u00f6tig.<\/p>\n<\/li>\n<\/ul>\n<p data-start=\"489\" data-end=\"602\"><strong data-start=\"489\" data-end=\"498\">Tipp:<\/strong> R\u00fcckenl\u00e4nge genau messen, bei Zwischengr\u00f6\u00dfen oder wachsenden Hunden lieber eine Nummer gr\u00f6\u00dfer w\u00e4hlen.<\/p>\n<p data-start=\"604\" data-end=\"682\">Mit WoofyHund bleibt Ihr Hund trocken, warm und stilvoll \u2013 bei jedem Wetter.<\/p>","protected":false},"excerpt":{"rendered":"<p>Willkommen zu unserer Regenmantel-Kollektion f\u00fcr Hunde Fr\u00f6hliche Designs treffen auf hochwertige Materialien: 100 % wasserdicht und atmungsaktiv f\u00fcr Schutz und Komfort. Warmes Innenfutter aus Melange-Viskose-Lycra. Praktischer Klettverschluss f\u00fcr einfaches An- und Ausziehen. Pflegeleicht: Waschbar bei 30 \u00b0C oder abwischbar, kein B\u00fcgeln n\u00f6tig. Tipp: R\u00fcckenl\u00e4nge genau messen, bei Zwischengr\u00f6\u00dfen oder wachsenden Hunden lieber eine Nummer gr\u00f6\u00dfer [&#8230;]\n","protected":false},"featured_media":1553,"comment_status":"open","ping_status":"closed","template":"","meta":{"_uag_custom_page_level_css":""},"product_brand":[],"product_cat":[101,27,105],"product_tag":[201,187,173],"class_list":{"0":"post-1315","1":"product","2":"type-product","3":"status-publish","4":"has-post-thumbnail","6":"product_cat-hunde","7":"product_cat-tierzubehoer","8":"product_cat-zubehoer","9":"product_tag-dog","10":"product_tag-dogs","11":"product_tag-woofy","13":"first","14":"instock","15":"taxable","16":"shipping-taxable","17":"purchasable","18":"product-type-variable"},"uagb_featured_image_src":{"full":["https:\/\/4petis.com\/wp-content\/uploads\/2026\/04\/Screenshot2024-12-22at14.01.53.png",1054,1048,false],"thumbnail":["https:\/\/4petis.com\/wp-content\/uploads\/2026\/04\/Screenshot2024-12-22at14.01.53-280x280.png",280,280,true],"medium":["https:\/\/4petis.com\/wp-content\/uploads\/2026\/04\/Screenshot2024-12-22at14.01.53-402x400.png",402,400,true],"medium_large":["https:\/\/4petis.com\/wp-content\/uploads\/2026\/04\/Screenshot2024-12-22at14.01.53-768x764.png",768,764,true],"large":["https:\/\/4petis.com\/wp-content\/uploads\/2026\/04\/Screenshot2024-12-22at14.01.53-805x800.png",805,800,true],"1536x1536":["https:\/\/4petis.com\/wp-content\/uploads\/2026\/04\/Screenshot2024-12-22at14.01.53.png",1054,1048,false],"2048x2048":["https:\/\/4petis.com\/wp-content\/uploads\/2026\/04\/Screenshot2024-12-22at14.01.53.png",1054,1048,false],"trp-custom-language-flag":["https:\/\/4petis.com\/wp-content\/uploads\/2026\/04\/Screenshot2024-12-22at14.01.53-12x12.png",12,12,true],"woocommerce_thumbnail":["https:\/\/4petis.com\/wp-content\/uploads\/2026\/04\/Screenshot2024-12-22at14.01.53-247x296.png",247,296,true],"woocommerce_single":["https:\/\/4petis.com\/wp-content\/uploads\/2026\/04\/Screenshot2024-12-22at14.01.53-510x507.png",510,507,true],"woocommerce_gallery_thumbnail":["https:\/\/4petis.com\/wp-content\/uploads\/2026\/04\/Screenshot2024-12-22at14.01.53-100x100.png",100,100,true]},"uagb_author_info":{"display_name":"4Petis","author_link":"https:\/\/4petis.com\/de\/author\/"},"uagb_comment_info":0,"uagb_excerpt":"Willkommen zu unserer Regenmantel-Kollektion f\u00fcr Hunde Fr\u00f6hliche Designs treffen auf hochwertige Materialien: 100 % wasserdicht und atmungsaktiv f\u00fcr Schutz und Komfort. Warmes Innenfutter aus Melange-Viskose-Lycra. Praktischer Klettverschluss f\u00fcr einfaches An- und Ausziehen. Pflegeleicht: Waschbar bei 30 \u00b0C oder abwischbar, kein B\u00fcgeln n\u00f6tig. Tipp: R\u00fcckenl\u00e4nge genau messen, bei Zwischengr\u00f6\u00dfen oder wachsenden Hunden lieber eine Nummer gr\u00f6\u00dfer&hellip;","_links":{"self":[{"href":"https:\/\/4petis.com\/de\/wp-json\/wp\/v2\/product\/1315","targetHints":{"allow":["GET"]}}],"collection":[{"href":"https:\/\/4petis.com\/de\/wp-json\/wp\/v2\/product"}],"about":[{"href":"https:\/\/4petis.com\/de\/wp-json\/wp\/v2\/types\/product"}],"replies":[{"embeddable":true,"href":"https:\/\/4petis.com\/de\/wp-json\/wp\/v2\/comments?post=1315"}],"wp:featuredmedia":[{"embeddable":true,"href":"https:\/\/4petis.com\/de\/wp-json\/wp\/v2\/media\/1553"}],"wp:attachment":[{"href":"https:\/\/4petis.com\/de\/wp-json\/wp\/v2\/media?parent=1315"}],"wp:term":[{"taxonomy":"product_brand","embeddable":true,"href":"https:\/\/4petis.com\/de\/wp-json\/wp\/v2\/product_brand?post=1315"},{"taxonomy":"product_cat","embeddable":true,"href":"https:\/\/4petis.com\/de\/wp-json\/wp\/v2\/product_cat?post=1315"},{"taxonomy":"product_tag","embeddable":true,"href":"https:\/\/4petis.com\/de\/wp-json\/wp\/v2\/product_tag?post=1315"}],"curies":[{"name":"wp","href":"https:\/\/api.w.org\/{rel}","templated":true}]}}