{"id":1692,"date":"2026-04-06T23:21:52","date_gmt":"2026-04-06T21:21:52","guid":{"rendered":"https:\/\/4petis.com\/produkt\/graffiti-wasserdichte-pufferjacke\/"},"modified":"2026-04-14T15:47:15","modified_gmt":"2026-04-14T13:47:15","slug":"graffiti-wasserdichte-pufferjacke","status":"publish","type":"product","link":"https:\/\/4petis.com\/de\/produkt\/graffiti-wasserdichte-pufferjacke\/","title":{"rendered":"Graffiti Waterproof Puffer Jacket  Tier"},"content":{"rendered":"<p data-start=\"97\" data-end=\"158\"><strong data-start=\"97\" data-end=\"156\"><img decoding=\"async\" src=\"https:\/\/cdn.shopify.com\/s\/files\/1\/0837\/5536\/8788\/files\/puffer_Jacket_Sizing.png?v=1767093432\" alt=\"Puffer Jacket Sizing\" title=\"Graffiti Waterproof Puffer Jacket  Tier\"><\/strong><\/p>\n<p data-start=\"97\" data-end=\"158\"><strong data-start=\"97\" data-end=\"156\">Puffer Series Hundejacke \u2013 Stilvoll, warm &amp; ultraleicht<\/strong><\/p>\n<p data-start=\"160\" data-end=\"253\">Moderne Steppoptik kombiniert mit Funktionalit\u00e4t \u2013 perfekt f\u00fcr kalte und wechselhafte Tage.<\/p>\n<ul data-start=\"254\" data-end=\"471\">\n<li data-start=\"254\" data-end=\"320\">\n<p data-start=\"256\" data-end=\"320\"><strong data-start=\"256\" data-end=\"275\">Wasserabweisend<\/strong> und <strong data-start=\"280\" data-end=\"295\">superleicht<\/strong> f\u00fcr maximalen Komfort.<\/p>\n<\/li>\n<li data-start=\"321\" data-end=\"394\">\n<p data-start=\"323\" data-end=\"394\"><strong data-start=\"323\" data-end=\"342\">Konstante W\u00e4rme<\/strong> dank Viskose-Lycra-Innenschicht, ohne \u00dcberhitzen.<\/p>\n<\/li>\n<li data-start=\"395\" data-end=\"471\">\n<p data-start=\"397\" data-end=\"471\"><strong data-start=\"397\" data-end=\"413\">Pflegeleicht<\/strong>: Waschbar bei 30 \u00b0C oder abwischbar, kein B\u00fcgeln n\u00f6tig.<\/p>\n<\/li>\n<\/ul>\n<p data-start=\"473\" data-end=\"576\"><strong data-start=\"473\" data-end=\"482\">Tipp:<\/strong> R\u00fcckenl\u00e4nge messen und bei Zwischengr\u00f6\u00dfen oder wachsenden Hunden eine Nummer gr\u00f6\u00dfer w\u00e4hlen.<\/p>","protected":false},"excerpt":{"rendered":"<p>Puffer Series Hundejacke \u2013 Stilvoll, warm &amp; ultraleicht Moderne Steppoptik kombiniert mit Funktionalit\u00e4t \u2013 perfekt f\u00fcr kalte und wechselhafte Tage. Wasserabweisend und superleicht f\u00fcr maximalen Komfort. Konstante W\u00e4rme dank Viskose-Lycra-Innenschicht, ohne \u00dcberhitzen. Pflegeleicht: Waschbar bei 30 \u00b0C oder abwischbar, kein B\u00fcgeln n\u00f6tig. Tipp: R\u00fcckenl\u00e4nge messen und bei Zwischengr\u00f6\u00dfen oder wachsenden Hunden eine Nummer gr\u00f6\u00dfer w\u00e4hlen.<\/p>","protected":false},"featured_media":1797,"comment_status":"open","ping_status":"closed","template":"","meta":{"_uag_custom_page_level_css":""},"product_brand":[],"product_cat":[101,27,105],"product_tag":[201,187,173],"class_list":{"0":"post-1692","1":"product","2":"type-product","3":"status-publish","4":"has-post-thumbnail","6":"product_cat-hunde","7":"product_cat-tierzubehoer","8":"product_cat-zubehoer","9":"product_tag-dog","10":"product_tag-dogs","11":"product_tag-woofy","13":"first","14":"instock","15":"taxable","16":"shipping-taxable","17":"purchasable","18":"product-type-variable"},"uagb_featured_image_src":{"full":["https:\/\/4petis.com\/wp-content\/uploads\/2026\/04\/Screenshot2024-12-22at14.42.50.png",1052,1064,false],"thumbnail":["https:\/\/4petis.com\/wp-content\/uploads\/2026\/04\/Screenshot2024-12-22at14.42.50-280x280.png",280,280,true],"medium":["https:\/\/4petis.com\/wp-content\/uploads\/2026\/04\/Screenshot2024-12-22at14.42.50-395x400.png",395,400,true],"medium_large":["https:\/\/4petis.com\/wp-content\/uploads\/2026\/04\/Screenshot2024-12-22at14.42.50-768x777.png",768,777,true],"large":["https:\/\/4petis.com\/wp-content\/uploads\/2026\/04\/Screenshot2024-12-22at14.42.50-791x800.png",791,800,true],"1536x1536":["https:\/\/4petis.com\/wp-content\/uploads\/2026\/04\/Screenshot2024-12-22at14.42.50.png",1052,1064,false],"2048x2048":["https:\/\/4petis.com\/wp-content\/uploads\/2026\/04\/Screenshot2024-12-22at14.42.50.png",1052,1064,false],"trp-custom-language-flag":["https:\/\/4petis.com\/wp-content\/uploads\/2026\/04\/Screenshot2024-12-22at14.42.50-12x12.png",12,12,true],"woocommerce_thumbnail":["https:\/\/4petis.com\/wp-content\/uploads\/2026\/04\/Screenshot2024-12-22at14.42.50-247x296.png",247,296,true],"woocommerce_single":["https:\/\/4petis.com\/wp-content\/uploads\/2026\/04\/Screenshot2024-12-22at14.42.50-510x516.png",510,516,true],"woocommerce_gallery_thumbnail":["https:\/\/4petis.com\/wp-content\/uploads\/2026\/04\/Screenshot2024-12-22at14.42.50-100x100.png",100,100,true]},"uagb_author_info":{"display_name":"4Petis","author_link":"https:\/\/4petis.com\/de\/author\/"},"uagb_comment_info":0,"uagb_excerpt":"Puffer Series Hundejacke \u2013 Stilvoll, warm &amp; ultraleicht Moderne Steppoptik kombiniert mit Funktionalit\u00e4t \u2013 perfekt f\u00fcr kalte und wechselhafte Tage. Wasserabweisend und superleicht f\u00fcr maximalen Komfort. Konstante W\u00e4rme dank Viskose-Lycra-Innenschicht, ohne \u00dcberhitzen. Pflegeleicht: Waschbar bei 30 \u00b0C oder abwischbar, kein B\u00fcgeln n\u00f6tig. Tipp: R\u00fcckenl\u00e4nge messen und bei Zwischengr\u00f6\u00dfen oder wachsenden Hunden eine Nummer gr\u00f6\u00dfer w\u00e4hlen.","_links":{"self":[{"href":"https:\/\/4petis.com\/de\/wp-json\/wp\/v2\/product\/1692","targetHints":{"allow":["GET"]}}],"collection":[{"href":"https:\/\/4petis.com\/de\/wp-json\/wp\/v2\/product"}],"about":[{"href":"https:\/\/4petis.com\/de\/wp-json\/wp\/v2\/types\/product"}],"replies":[{"embeddable":true,"href":"https:\/\/4petis.com\/de\/wp-json\/wp\/v2\/comments?post=1692"}],"wp:featuredmedia":[{"embeddable":true,"href":"https:\/\/4petis.com\/de\/wp-json\/wp\/v2\/media\/1797"}],"wp:attachment":[{"href":"https:\/\/4petis.com\/de\/wp-json\/wp\/v2\/media?parent=1692"}],"wp:term":[{"taxonomy":"product_brand","embeddable":true,"href":"https:\/\/4petis.com\/de\/wp-json\/wp\/v2\/product_brand?post=1692"},{"taxonomy":"product_cat","embeddable":true,"href":"https:\/\/4petis.com\/de\/wp-json\/wp\/v2\/product_cat?post=1692"},{"taxonomy":"product_tag","embeddable":true,"href":"https:\/\/4petis.com\/de\/wp-json\/wp\/v2\/product_tag?post=1692"}],"curies":[{"name":"wp","href":"https:\/\/api.w.org\/{rel}","templated":true}]}}