{"id":1711,"date":"2026-04-06T23:22:25","date_gmt":"2026-04-06T21:22:25","guid":{"rendered":"https:\/\/4petis.com\/produkt\/dog-bed-rose-dust\/"},"modified":"2026-04-14T15:42:00","modified_gmt":"2026-04-14T13:42:00","slug":"dog-bed-rose-dust","status":"publish","type":"product","link":"https:\/\/4petis.com\/de\/produkt\/dog-bed-rose-dust\/","title":{"rendered":"Hundebett \u201eRosenstaub\u201c"},"content":{"rendered":"<p><strong>Luxuri\u00f6ses Hundebett, das wie ein echtes Bett aussieht<\/strong><\/p>\n<p>G\u00f6nnen Sie Ihrem Hund mehr als nur ein Bett \u2013 schenken Sie ihm ein luxuri\u00f6ses M\u00f6belst\u00fcck, das sich harmonisch in Ihr Zuhause einf\u00fcgt.<\/p>\n<p>Das Doga Royal Bed ist ein handgefertigtes, hochwertiges Hundebett, das einem Miniatur-Bett f\u00fcr Menschen \u00e4hnelt und sich auch so anf\u00fchlt. Dieses Premium-Produkt wurde f\u00fcr stilbewusste Hundebesitzer entworfen und vereint elegantes Design mit langanhaltendem Komfort f\u00fcr Ihr Haustier.<\/p>\n<p>Der Rahmen ist mit unserem hochwertigen Samtstoff bezogen, f\u00fchlt sich weich an, hat eine satte Farbe und ist besonders langlebig. Er ist au\u00dferdem kratzfest und wasserabweisend \u2013 perfekt f\u00fcr Hunde, die gerne faulenzen, aber nicht immer sauber bleiben.<\/p>\n<p>Matratze und Kissen sind mit hochwertiger 100%-Baumwolle bezogen \u2013 einer atmungsaktiven, leichten und ultraweichen Baumwolle, die speziell f\u00fcr Wasserbest\u00e4ndigkeit und nat\u00fcrlichen Komfort entwickelt wurde. Alle Laken sind komplett abnehmbar und maschinenwaschbar, was dieses Hundebett zu einem der sch\u00f6nsten und praktischsten Luxus-Hundebetten auf dem Markt macht.<\/p>\n<p>Egal, ob Sie ein Designer-Hundebett, ein Hundebett mit waschbarem Bezug oder ein Samt-Hundebett suchen, das wie ein M\u00f6belst\u00fcck aussieht \u2013 das Doga Royal Bed bringt Eleganz nach Hause \u2013 in Schwarz oder Wei\u00df.<\/p>\n<p>\u00a0<\/p>\n<hr>\n<p>\u00a0<\/p>\n<h3>\u00a0Merkmale:<\/h3>\n<ul>\n<li>\n<p>Mit hochwertigem Samt bezogen<\/p>\n<p>\u2013 Weich, luxuri\u00f6s und auf Langlebigkeit ausgelegt<\/p>\n<p>\u2013 Kratzfest und wasserabweisend<\/p>\n<\/li>\n<li>\n<p>Bettw\u00e4sche aus unserem innovativen Baumwollgewebe 100%<\/p>\n<p>\u2013 100% Premium-Langstapelbaumwolle<\/p>\n<p>\u2013 Atmungsaktiv, weich, wasserabweisend<\/p>\n<\/li>\n<li>\n<p>Alle Bettlaken und Kissenbez\u00fcge sind waschbar (30\u00b0C).<\/p>\n<\/li>\n<li>\n<p>Handgefertigt<\/p>\n<\/li>\n<li>\n<p>Entworfen, um zu modernen, eleganten Interieurs zu passen.<\/p>\n<\/li>\n<\/ul>\n<h3>\n<span>\u00a0<\/span>Das eleganteste Hundebett f\u00fcr Designliebhaber<\/h3>\n<p>Perfekt f\u00fcr Hundebesitzer, die keine Kompromisse zwischen \u00c4sthetik und Komfort eingehen wollen. Denn Ihr Hund verdient ein Bett, das sich wie ein Teil Ihres Zuhauses anf\u00fchlt \u2013 und nicht wie ein nachtr\u00e4glich hinzugef\u00fcgtes Element.<\/p>\n<ul>\n<li style=\"font-style: italic\"><em>Max. 30\u00b0C in der Waschmaschine.<\/em><\/li>\n<\/ul>\n<p style=\"font-style: italic\">\u00a0<\/p>\n<h3 data-start=\"176\" data-end=\"190\">Gr\u00f6\u00dfenratgeber<\/h3>\n<p data-start=\"192\" data-end=\"443\">Die Wahl der richtigen Bettgr\u00f6\u00dfe ist f\u00fcr den Komfort Ihres Hundes unerl\u00e4sslich.<br data-start=\"256\" data-end=\"259\">Um die perfekte Passform zu finden, messen Sie Ihren Hund von der Nasenspitze bis zum Schwanzansatz.<br data-start=\"350\" data-end=\"353\">Wenn Ihr Hund zwischen zwei Gr\u00f6\u00dfen liegt, empfehlen wir Ihnen, die gr\u00f6\u00dfere Gr\u00f6\u00dfe zu w\u00e4hlen, damit er mehr Platz zum Ausstrecken und D\u00f6sen hat.<\/p>\n<hr data-start=\"445\" data-end=\"448\">\n<h4 data-start=\"450\" data-end=\"469\"><strong data-start=\"455\" data-end=\"469\">Petite-Gr\u00f6\u00dfe<\/strong><\/h4>\n<ul data-start=\"471\" data-end=\"805\">\n<li data-start=\"471\" data-end=\"524\">\n<p data-start=\"473\" data-end=\"524\">Am besten geeignet f\u00fcr Hunde unter <strong data-start=\"493\" data-end=\"502\">48 cm<\/strong> (von der Nase bis zum Schwanzansatz)<\/p>\n<\/li>\n<li data-start=\"525\" data-end=\"584\">\n<p data-start=\"527\" data-end=\"584\">Gesamtgr\u00f6\u00dfe des Bettes: <strong data-start=\"545\" data-end=\"582\">69 cm (L) \u00d7 53 cm (B) \u00d7 41 cm (H)<\/strong><\/p>\n<\/li>\n<li data-start=\"585\" data-end=\"641\">\n<p data-start=\"587\" data-end=\"641\">Matratzengr\u00f6\u00dfe: <strong data-start=\"602\" data-end=\"639\">51 cm (L) \u00d7 35 cm (B) \u00d7 10 cm (H)<\/strong><\/p>\n<\/li>\n<li data-start=\"642\" data-end=\"677\">\n<p data-start=\"644\" data-end=\"677\">Ideal f\u00fcr kleine Rassen und Katzen<\/p>\n<\/li>\n<li data-start=\"678\" data-end=\"805\">\n<p data-start=\"680\" data-end=\"805\">Empfohlen f\u00fcr:<br data-start=\"696\" data-end=\"699\">Pomeranian, Zwergdackel, Jack Russell Terrier, Chihuahua, Yorkshire Terrier, Malteser, Cavalier King Charles Spaniel und Katzen<\/p>\n<\/li>\n<\/ul>\n<hr data-start=\"807\" data-end=\"810\">\n<h4 data-start=\"812\" data-end=\"832\"><strong data-start=\"817\" data-end=\"832\">Klassische Gr\u00f6\u00dfe<\/strong><\/h4>\n<ul data-start=\"834\" data-end=\"1172\">\n<li data-start=\"834\" data-end=\"887\">\n<p data-start=\"836\" data-end=\"887\">Am besten geeignet f\u00fcr Hunde unter <strong data-start=\"856\" data-end=\"865\">62 cm<\/strong> (von der Nase bis zum Schwanzansatz)<\/p>\n<\/li>\n<li data-start=\"888\" data-end=\"947\">\n<p data-start=\"890\" data-end=\"947\">Gesamtgr\u00f6\u00dfe des Bettes: <strong data-start=\"908\" data-end=\"945\">83 cm (L) \u00d7 64 cm (B) \u00d7 42 cm (H)<\/strong><\/p>\n<\/li>\n<li data-start=\"948\" data-end=\"1004\">\n<p data-start=\"950\" data-end=\"1004\">Matratzengr\u00f6\u00dfe: <strong data-start=\"965\" data-end=\"1002\">65 cm (L) \u00d7 46 cm (B) \u00d7 12 cm (H)<\/strong><\/p>\n<\/li>\n<li data-start=\"1005\" data-end=\"1049\">\n<p data-start=\"1007\" data-end=\"1049\">Perfekt f\u00fcr kleine bis mittelgro\u00dfe Hunderassen<\/p>\n<\/li>\n<li data-start=\"1050\" data-end=\"1172\">\n<p data-start=\"1052\" data-end=\"1172\">Empfohlen f\u00fcr:<br data-start=\"1068\" data-end=\"1071\">Corgi, Dackel, Beagle, Englischer Staffordshire Terrier, Franz\u00f6sische Bulldogge, Cocker Spaniel, Pudel und Border Collie<\/p>\n<\/li>\n<\/ul>\n<hr data-start=\"1174\" data-end=\"1177\">\n<p data-start=\"1179\" data-end=\"1375\"><strong data-start=\"1179\" data-end=\"1197\">Messtipp:<\/strong><br data-start=\"1197\" data-end=\"1200\">Verwenden Sie ein weiches Ma\u00dfband und messen Sie Ihren Hund von der Nase bis zum Schwanzansatz (ohne Schwanz). Wenn Sie sich unsicher sind oder Ihr Hund noch w\u00e4chst, w\u00e4hlen Sie die gr\u00f6\u00dfere Gr\u00f6\u00dfe.<\/p>","protected":false},"excerpt":{"rendered":"<p>Luxury Dog Bed That Looks Like a Real Bed Give your dog more than just a bed \u2014 give them a piece of luxury furniture designed to blend beautifully with your home. The Doga Royal Bed is a handcrafted, high-end dog bed that looks and feels like a miniature human bed. Designed for style-conscious dog [&#8230;]\n","protected":false},"featured_media":1891,"comment_status":"open","ping_status":"closed","template":"","meta":{"_uag_custom_page_level_css":""},"product_brand":[],"product_cat":[101,27,105],"product_tag":[202,203,182,204,205,206,207,208,209],"class_list":{"0":"post-1711","1":"product","2":"type-product","3":"status-publish","4":"has-post-thumbnail","6":"product_cat-hunde","7":"product_cat-tierzubehoer","8":"product_cat-zubehoer","9":"product_tag-best-dog-bed","10":"product_tag-dog-bed","11":"product_tag-doga","12":"product_tag-dogaroyal-bed","13":"product_tag-luxurious-dog-bed","14":"product_tag-luxury-dog-bed","15":"product_tag-pet-bed","16":"product_tag-premium-dog-bed","17":"product_tag-soft-dog-bed","19":"first","20":"instock","21":"taxable","22":"shipping-taxable","23":"purchasable","24":"product-type-variable"},"uagb_featured_image_src":{"full":["https:\/\/4petis.com\/wp-content\/uploads\/2026\/04\/doga-royal-luxury-dog-bed-set-rose-dust-medium.jpg",2047,2047,false],"thumbnail":["https:\/\/4petis.com\/wp-content\/uploads\/2026\/04\/doga-royal-luxury-dog-bed-set-rose-dust-medium-280x280.jpg",280,280,true],"medium":["https:\/\/4petis.com\/wp-content\/uploads\/2026\/04\/doga-royal-luxury-dog-bed-set-rose-dust-medium-400x400.jpg",400,400,true],"medium_large":["https:\/\/4petis.com\/wp-content\/uploads\/2026\/04\/doga-royal-luxury-dog-bed-set-rose-dust-medium-768x768.jpg",768,768,true],"large":["https:\/\/4petis.com\/wp-content\/uploads\/2026\/04\/doga-royal-luxury-dog-bed-set-rose-dust-medium-800x800.jpg",800,800,true],"1536x1536":["https:\/\/4petis.com\/wp-content\/uploads\/2026\/04\/doga-royal-luxury-dog-bed-set-rose-dust-medium-1536x1536.jpg",1536,1536,true],"2048x2048":["https:\/\/4petis.com\/wp-content\/uploads\/2026\/04\/doga-royal-luxury-dog-bed-set-rose-dust-medium.jpg",2047,2047,false],"trp-custom-language-flag":["https:\/\/4petis.com\/wp-content\/uploads\/2026\/04\/doga-royal-luxury-dog-bed-set-rose-dust-medium-12x12.jpg",12,12,true],"woocommerce_thumbnail":["https:\/\/4petis.com\/wp-content\/uploads\/2026\/04\/doga-royal-luxury-dog-bed-set-rose-dust-medium-247x296.jpg",247,296,true],"woocommerce_single":["https:\/\/4petis.com\/wp-content\/uploads\/2026\/04\/doga-royal-luxury-dog-bed-set-rose-dust-medium-510x510.jpg",510,510,true],"woocommerce_gallery_thumbnail":["https:\/\/4petis.com\/wp-content\/uploads\/2026\/04\/doga-royal-luxury-dog-bed-set-rose-dust-medium-100x100.jpg",100,100,true]},"uagb_author_info":{"display_name":"4Petis","author_link":"https:\/\/4petis.com\/de\/author\/"},"uagb_comment_info":0,"uagb_excerpt":"Luxury Dog Bed That Looks Like a Real Bed Give your dog more than just a bed \u2014 give them a piece of luxury furniture designed to blend beautifully with your home. The Doga Royal Bed is a handcrafted, high-end dog bed that looks and feels like a miniature human bed. Designed for style-conscious dog&hellip;","_links":{"self":[{"href":"https:\/\/4petis.com\/de\/wp-json\/wp\/v2\/product\/1711","targetHints":{"allow":["GET"]}}],"collection":[{"href":"https:\/\/4petis.com\/de\/wp-json\/wp\/v2\/product"}],"about":[{"href":"https:\/\/4petis.com\/de\/wp-json\/wp\/v2\/types\/product"}],"replies":[{"embeddable":true,"href":"https:\/\/4petis.com\/de\/wp-json\/wp\/v2\/comments?post=1711"}],"wp:featuredmedia":[{"embeddable":true,"href":"https:\/\/4petis.com\/de\/wp-json\/wp\/v2\/media\/1891"}],"wp:attachment":[{"href":"https:\/\/4petis.com\/de\/wp-json\/wp\/v2\/media?parent=1711"}],"wp:term":[{"taxonomy":"product_brand","embeddable":true,"href":"https:\/\/4petis.com\/de\/wp-json\/wp\/v2\/product_brand?post=1711"},{"taxonomy":"product_cat","embeddable":true,"href":"https:\/\/4petis.com\/de\/wp-json\/wp\/v2\/product_cat?post=1711"},{"taxonomy":"product_tag","embeddable":true,"href":"https:\/\/4petis.com\/de\/wp-json\/wp\/v2\/product_tag?post=1711"}],"curies":[{"name":"wp","href":"https:\/\/api.w.org\/{rel}","templated":true}]}}