{"id":1712,"date":"2026-04-06T23:22:25","date_gmt":"2026-04-06T21:22:25","guid":{"rendered":"https:\/\/4petis.com\/produkt\/leine-festival\/"},"modified":"2026-04-14T15:41:48","modified_gmt":"2026-04-14T13:41:48","slug":"leine-festival","status":"publish","type":"product","link":"https:\/\/4petis.com\/de\/produkt\/leine-festival\/","title":{"rendered":"Hundeleine"},"content":{"rendered":"<p><strong> <em>Produktl\u00e4nge: 1,1 m<\/em><\/strong><\/p>\n<p><strong>Schnell trocknende Magie<\/strong><\/p>\n<p>Mit der erstaunlichen Schnelltrocknungsfunktion unseres Stoffes bleibst du frisch und trocken.<\/p>\n<p><strong>Eleganter Touch<\/strong><\/p>\n<p>Verziert mit hochwertigen Accessoires aus gl\u00e4nzendem Goldmetall f\u00fcr den besonderen Hauch von Klasse.<\/p>\n<p><strong>Ultimativer Komfort<\/strong><\/p>\n<p>Entwickelt f\u00fcr maximalen Komfort und Leichtigkeit, damit du gut aussehen und dich noch besser f\u00fchlen kannst!<\/p>\n<p>\u26a0\ufe0f Bitte vermeide es, das Produkt Salzwasser auszusetzen, um seine Form und Langlebigkeit zu erhalten.<\/p>\n<p><!--&gt;--><\/p>","protected":false},"excerpt":{"rendered":"<p>Produktl\u00e4nge: 1,1 m Schnell trocknende Magie Mit der erstaunlichen Schnelltrocknungsfunktion unseres Stoffes bleibst du frisch und trocken. Eleganter Touch Verziert mit hochwertigen Accessoires aus gl\u00e4nzendem Goldmetall f\u00fcr den besonderen Hauch von Klasse. Ultimativer Komfort Entwickelt f\u00fcr maximalen Komfort und Leichtigkeit, damit du gut aussehen und dich noch besser f\u00fchlen kannst! \u26a0\ufe0f Bitte vermeide es, das [&#8230;]\n","protected":false},"featured_media":1893,"comment_status":"open","ping_status":"closed","template":"","meta":{"_uag_custom_page_level_css":""},"product_brand":[],"product_cat":[101,27,105],"product_tag":[201,187,188,189,173],"class_list":{"0":"post-1712","1":"product","2":"type-product","3":"status-publish","4":"has-post-thumbnail","6":"product_cat-hunde","7":"product_cat-tierzubehoer","8":"product_cat-zubehoer","9":"product_tag-dog","10":"product_tag-dogs","11":"product_tag-equipment","12":"product_tag-leash","13":"product_tag-woofy","15":"first","16":"instock","17":"taxable","18":"shipping-taxable","19":"purchasable","20":"product-type-simple"},"uagb_featured_image_src":{"full":["https:\/\/4petis.com\/wp-content\/uploads\/2026\/04\/17d5319f-05e5-446b-ae97-e8a201b568ea.png",1024,1024,false],"thumbnail":["https:\/\/4petis.com\/wp-content\/uploads\/2026\/04\/17d5319f-05e5-446b-ae97-e8a201b568ea-280x280.png",280,280,true],"medium":["https:\/\/4petis.com\/wp-content\/uploads\/2026\/04\/17d5319f-05e5-446b-ae97-e8a201b568ea-400x400.png",400,400,true],"medium_large":["https:\/\/4petis.com\/wp-content\/uploads\/2026\/04\/17d5319f-05e5-446b-ae97-e8a201b568ea-768x768.png",768,768,true],"large":["https:\/\/4petis.com\/wp-content\/uploads\/2026\/04\/17d5319f-05e5-446b-ae97-e8a201b568ea-800x800.png",800,800,true],"1536x1536":["https:\/\/4petis.com\/wp-content\/uploads\/2026\/04\/17d5319f-05e5-446b-ae97-e8a201b568ea.png",1024,1024,false],"2048x2048":["https:\/\/4petis.com\/wp-content\/uploads\/2026\/04\/17d5319f-05e5-446b-ae97-e8a201b568ea.png",1024,1024,false],"trp-custom-language-flag":["https:\/\/4petis.com\/wp-content\/uploads\/2026\/04\/17d5319f-05e5-446b-ae97-e8a201b568ea-12x12.png",12,12,true],"woocommerce_thumbnail":["https:\/\/4petis.com\/wp-content\/uploads\/2026\/04\/17d5319f-05e5-446b-ae97-e8a201b568ea-247x296.png",247,296,true],"woocommerce_single":["https:\/\/4petis.com\/wp-content\/uploads\/2026\/04\/17d5319f-05e5-446b-ae97-e8a201b568ea-510x510.png",510,510,true],"woocommerce_gallery_thumbnail":["https:\/\/4petis.com\/wp-content\/uploads\/2026\/04\/17d5319f-05e5-446b-ae97-e8a201b568ea-100x100.png",100,100,true]},"uagb_author_info":{"display_name":"4Petis","author_link":"https:\/\/4petis.com\/de\/author\/"},"uagb_comment_info":0,"uagb_excerpt":"Produktl\u00e4nge: 1,1 m Schnell trocknende Magie Mit der erstaunlichen Schnelltrocknungsfunktion unseres Stoffes bleibst du frisch und trocken. Eleganter Touch Verziert mit hochwertigen Accessoires aus gl\u00e4nzendem Goldmetall f\u00fcr den besonderen Hauch von Klasse. Ultimativer Komfort Entwickelt f\u00fcr maximalen Komfort und Leichtigkeit, damit du gut aussehen und dich noch besser f\u00fchlen kannst! \u26a0\ufe0f Bitte vermeide es, das&hellip;","_links":{"self":[{"href":"https:\/\/4petis.com\/de\/wp-json\/wp\/v2\/product\/1712","targetHints":{"allow":["GET"]}}],"collection":[{"href":"https:\/\/4petis.com\/de\/wp-json\/wp\/v2\/product"}],"about":[{"href":"https:\/\/4petis.com\/de\/wp-json\/wp\/v2\/types\/product"}],"replies":[{"embeddable":true,"href":"https:\/\/4petis.com\/de\/wp-json\/wp\/v2\/comments?post=1712"}],"wp:featuredmedia":[{"embeddable":true,"href":"https:\/\/4petis.com\/de\/wp-json\/wp\/v2\/media\/1893"}],"wp:attachment":[{"href":"https:\/\/4petis.com\/de\/wp-json\/wp\/v2\/media?parent=1712"}],"wp:term":[{"taxonomy":"product_brand","embeddable":true,"href":"https:\/\/4petis.com\/de\/wp-json\/wp\/v2\/product_brand?post=1712"},{"taxonomy":"product_cat","embeddable":true,"href":"https:\/\/4petis.com\/de\/wp-json\/wp\/v2\/product_cat?post=1712"},{"taxonomy":"product_tag","embeddable":true,"href":"https:\/\/4petis.com\/de\/wp-json\/wp\/v2\/product_tag?post=1712"}],"curies":[{"name":"wp","href":"https:\/\/api.w.org\/{rel}","templated":true}]}}