{"id":1721,"date":"2026-04-06T23:22:41","date_gmt":"2026-04-06T21:22:41","guid":{"rendered":"https:\/\/4petis.com\/produkt\/hands-free-hundeleine-aurora\/"},"modified":"2026-04-14T15:39:49","modified_gmt":"2026-04-14T13:39:49","slug":"hands-free-hundeleine-aurora","status":"publish","type":"product","link":"https:\/\/4petis.com\/de\/produkt\/hands-free-hundeleine-aurora\/","title":{"rendered":"Freihand-Hundeleine Aurora"},"content":{"rendered":"<p><strong><em>Produktl\u00e4nge: 2 m<\/em><\/strong><\/p>\n<p>Erlebe die Freiheit des freih\u00e4ndigen Gehens mit unserer vielseitigen, stilvollen Leine! Trage sie bequem um die H\u00fcfte oder als Umh\u00e4ngetasche \u2013 perfekt, um beim Spazierengehen, Joggen oder Wandern die H\u00e4nde frei zu haben.<\/p>\n<p><strong>Schnell trocknend und frisch<\/strong><\/p>\n<p>Diese Leine ist aus einem leistungsstarken, schnell trocknenden Material gefertigt und sorgt daf\u00fcr, dass du auch bei intensiven Aktivit\u00e4ten trocken und frisch bleibst.<\/p>\n<p><strong>Elegante Goldakzente<\/strong><\/p>\n<p>Mit hochwertigen, leuchtend goldenen Metallakzenten verleiht diese Leine deinen Ausfl\u00fcgen einen Hauch von Eleganz.<\/p>\n<p><strong>Ganzt\u00e4giger Komfort<\/strong><\/p>\n<p>Sie ist f\u00fcr ultimativen Komfort konzipiert, liegt eng an und f\u00fchlt sich leicht an, sodass du dich m\u00fchelos bewegen kannst, w\u00e4hrend du mit deinem vierbeinigen Freund verbunden bleibst.<\/p>","protected":false},"excerpt":{"rendered":"<p>Produktl\u00e4nge: 2 m Erlebe die Freiheit des freih\u00e4ndigen Gehens mit unserer vielseitigen, stilvollen Leine! Trage sie bequem um die H\u00fcfte oder als Umh\u00e4ngetasche \u2013 perfekt, um beim Spazierengehen, Joggen oder Wandern die H\u00e4nde frei zu haben. Schnell trocknend und frisch Diese Leine ist aus einem leistungsstarken, schnell trocknenden Material gefertigt und sorgt daf\u00fcr, dass du [&#8230;]\n","protected":false},"featured_media":1921,"comment_status":"open","ping_status":"closed","template":"","meta":{"_uag_custom_page_level_css":""},"product_brand":[],"product_cat":[101,27,105],"product_tag":[187,188,189,173],"class_list":{"0":"post-1721","1":"product","2":"type-product","3":"status-publish","4":"has-post-thumbnail","6":"product_cat-hunde","7":"product_cat-tierzubehoer","8":"product_cat-zubehoer","9":"product_tag-dogs","10":"product_tag-equipment","11":"product_tag-leash","12":"product_tag-woofy","14":"first","15":"instock","16":"taxable","17":"shipping-taxable","18":"purchasable","19":"product-type-simple"},"uagb_featured_image_src":{"full":["https:\/\/4petis.com\/wp-content\/uploads\/2026\/04\/17559094-db3e-4f1d-9fc4-36b173cfde5d.png",2048,2048,false],"thumbnail":["https:\/\/4petis.com\/wp-content\/uploads\/2026\/04\/17559094-db3e-4f1d-9fc4-36b173cfde5d-280x280.png",280,280,true],"medium":["https:\/\/4petis.com\/wp-content\/uploads\/2026\/04\/17559094-db3e-4f1d-9fc4-36b173cfde5d-400x400.png",400,400,true],"medium_large":["https:\/\/4petis.com\/wp-content\/uploads\/2026\/04\/17559094-db3e-4f1d-9fc4-36b173cfde5d-768x768.png",768,768,true],"large":["https:\/\/4petis.com\/wp-content\/uploads\/2026\/04\/17559094-db3e-4f1d-9fc4-36b173cfde5d-800x800.png",800,800,true],"1536x1536":["https:\/\/4petis.com\/wp-content\/uploads\/2026\/04\/17559094-db3e-4f1d-9fc4-36b173cfde5d-1536x1536.png",1536,1536,true],"2048x2048":["https:\/\/4petis.com\/wp-content\/uploads\/2026\/04\/17559094-db3e-4f1d-9fc4-36b173cfde5d.png",2048,2048,false],"trp-custom-language-flag":["https:\/\/4petis.com\/wp-content\/uploads\/2026\/04\/17559094-db3e-4f1d-9fc4-36b173cfde5d-12x12.png",12,12,true],"woocommerce_thumbnail":["https:\/\/4petis.com\/wp-content\/uploads\/2026\/04\/17559094-db3e-4f1d-9fc4-36b173cfde5d-247x296.png",247,296,true],"woocommerce_single":["https:\/\/4petis.com\/wp-content\/uploads\/2026\/04\/17559094-db3e-4f1d-9fc4-36b173cfde5d-510x510.png",510,510,true],"woocommerce_gallery_thumbnail":["https:\/\/4petis.com\/wp-content\/uploads\/2026\/04\/17559094-db3e-4f1d-9fc4-36b173cfde5d-100x100.png",100,100,true]},"uagb_author_info":{"display_name":"4Petis","author_link":"https:\/\/4petis.com\/de\/author\/"},"uagb_comment_info":0,"uagb_excerpt":"Produktl\u00e4nge: 2 m Erlebe die Freiheit des freih\u00e4ndigen Gehens mit unserer vielseitigen, stilvollen Leine! Trage sie bequem um die H\u00fcfte oder als Umh\u00e4ngetasche \u2013 perfekt, um beim Spazierengehen, Joggen oder Wandern die H\u00e4nde frei zu haben. Schnell trocknend und frisch Diese Leine ist aus einem leistungsstarken, schnell trocknenden Material gefertigt und sorgt daf\u00fcr, dass du&hellip;","_links":{"self":[{"href":"https:\/\/4petis.com\/de\/wp-json\/wp\/v2\/product\/1721","targetHints":{"allow":["GET"]}}],"collection":[{"href":"https:\/\/4petis.com\/de\/wp-json\/wp\/v2\/product"}],"about":[{"href":"https:\/\/4petis.com\/de\/wp-json\/wp\/v2\/types\/product"}],"replies":[{"embeddable":true,"href":"https:\/\/4petis.com\/de\/wp-json\/wp\/v2\/comments?post=1721"}],"wp:featuredmedia":[{"embeddable":true,"href":"https:\/\/4petis.com\/de\/wp-json\/wp\/v2\/media\/1921"}],"wp:attachment":[{"href":"https:\/\/4petis.com\/de\/wp-json\/wp\/v2\/media?parent=1721"}],"wp:term":[{"taxonomy":"product_brand","embeddable":true,"href":"https:\/\/4petis.com\/de\/wp-json\/wp\/v2\/product_brand?post=1721"},{"taxonomy":"product_cat","embeddable":true,"href":"https:\/\/4petis.com\/de\/wp-json\/wp\/v2\/product_cat?post=1721"},{"taxonomy":"product_tag","embeddable":true,"href":"https:\/\/4petis.com\/de\/wp-json\/wp\/v2\/product_tag?post=1721"}],"curies":[{"name":"wp","href":"https:\/\/api.w.org\/{rel}","templated":true}]}}