{"id":2058,"date":"2026-04-07T01:00:29","date_gmt":"2026-04-06T23:00:29","guid":{"rendered":"https:\/\/4petis.com\/produkt\/maly-zvieraci-batoh-na-nosenie-ruzovy-s-macickou\/"},"modified":"2026-04-22T11:45:09","modified_gmt":"2026-04-22T09:45:09","slug":"maly-zvieraci-batoh-na-nosenie-ruzovy-s-macickou","status":"publish","type":"product","link":"https:\/\/4petis.com\/de\/produkt\/maly-zvieraci-batoh-na-nosenie-ruzovy-s-macickou\/","title":{"rendered":"Kleiner Tierrucksack, rosa mit einer Katze"},"content":{"rendered":"<p>Moderner Rucksack zum Transport von Katzen und kleinen Hunden mit Bel\u00fcftungs\u00f6ffnungen, durchsichtiger Haube und gepolsterten Tr\u00e4gern f\u00fcr bequemes Reisen.<\/p>","protected":false},"excerpt":{"rendered":"<p>Moderner Rucksack zum Transport von Katzen und kleinen Hunden mit Bel\u00fcftungs\u00f6ffnungen, durchsichtiger Haube und gepolsterten Tr\u00e4gern f\u00fcr bequemes Reisen.<\/p>","protected":false},"featured_media":2248,"comment_status":"open","ping_status":"closed","template":"","meta":{"_uag_custom_page_level_css":""},"product_brand":[],"product_cat":[101,102,104,25,27,105],"product_tag":[279],"class_list":{"0":"post-2058","1":"product","2":"type-product","3":"status-publish","4":"has-post-thumbnail","6":"product_cat-hunde","7":"product_cat-katzen","8":"product_cat-kleintiere","9":"product_cat-nager-kaninchen","10":"product_cat-tierzubehoer","11":"product_cat-zubehoer","12":"product_tag-sk","14":"first","15":"instock","16":"taxable","17":"shipping-taxable","18":"purchasable","19":"product-type-simple"},"uagb_featured_image_src":{"full":["https:\/\/4petis.com\/wp-content\/uploads\/2026\/04\/kisallathordozo-taska-rozsaszin-cicas-3_c4681542-cc84-48db-a6c9-9be73c474a85.jpg",1000,1000,false],"thumbnail":["https:\/\/4petis.com\/wp-content\/uploads\/2026\/04\/kisallathordozo-taska-rozsaszin-cicas-3_c4681542-cc84-48db-a6c9-9be73c474a85-280x280.jpg",280,280,true],"medium":["https:\/\/4petis.com\/wp-content\/uploads\/2026\/04\/kisallathordozo-taska-rozsaszin-cicas-3_c4681542-cc84-48db-a6c9-9be73c474a85-400x400.jpg",400,400,true],"medium_large":["https:\/\/4petis.com\/wp-content\/uploads\/2026\/04\/kisallathordozo-taska-rozsaszin-cicas-3_c4681542-cc84-48db-a6c9-9be73c474a85-768x768.jpg",768,768,true],"large":["https:\/\/4petis.com\/wp-content\/uploads\/2026\/04\/kisallathordozo-taska-rozsaszin-cicas-3_c4681542-cc84-48db-a6c9-9be73c474a85-800x800.jpg",800,800,true],"1536x1536":["https:\/\/4petis.com\/wp-content\/uploads\/2026\/04\/kisallathordozo-taska-rozsaszin-cicas-3_c4681542-cc84-48db-a6c9-9be73c474a85.jpg",1000,1000,false],"2048x2048":["https:\/\/4petis.com\/wp-content\/uploads\/2026\/04\/kisallathordozo-taska-rozsaszin-cicas-3_c4681542-cc84-48db-a6c9-9be73c474a85.jpg",1000,1000,false],"trp-custom-language-flag":["https:\/\/4petis.com\/wp-content\/uploads\/2026\/04\/kisallathordozo-taska-rozsaszin-cicas-3_c4681542-cc84-48db-a6c9-9be73c474a85-12x12.jpg",12,12,true],"woocommerce_thumbnail":["https:\/\/4petis.com\/wp-content\/uploads\/2026\/04\/kisallathordozo-taska-rozsaszin-cicas-3_c4681542-cc84-48db-a6c9-9be73c474a85-247x296.jpg",247,296,true],"woocommerce_single":["https:\/\/4petis.com\/wp-content\/uploads\/2026\/04\/kisallathordozo-taska-rozsaszin-cicas-3_c4681542-cc84-48db-a6c9-9be73c474a85-510x510.jpg",510,510,true],"woocommerce_gallery_thumbnail":["https:\/\/4petis.com\/wp-content\/uploads\/2026\/04\/kisallathordozo-taska-rozsaszin-cicas-3_c4681542-cc84-48db-a6c9-9be73c474a85-100x100.jpg",100,100,true]},"uagb_author_info":{"display_name":"4Petis","author_link":"https:\/\/4petis.com\/de\/author\/"},"uagb_comment_info":0,"uagb_excerpt":"Moderner Rucksack zum Transport von Katzen und kleinen Hunden mit Bel\u00fcftungs\u00f6ffnungen, durchsichtiger Haube und gepolsterten Tr\u00e4gern f\u00fcr bequemes Reisen.","_links":{"self":[{"href":"https:\/\/4petis.com\/de\/wp-json\/wp\/v2\/product\/2058","targetHints":{"allow":["GET"]}}],"collection":[{"href":"https:\/\/4petis.com\/de\/wp-json\/wp\/v2\/product"}],"about":[{"href":"https:\/\/4petis.com\/de\/wp-json\/wp\/v2\/types\/product"}],"replies":[{"embeddable":true,"href":"https:\/\/4petis.com\/de\/wp-json\/wp\/v2\/comments?post=2058"}],"wp:featuredmedia":[{"embeddable":true,"href":"https:\/\/4petis.com\/de\/wp-json\/wp\/v2\/media\/2248"}],"wp:attachment":[{"href":"https:\/\/4petis.com\/de\/wp-json\/wp\/v2\/media?parent=2058"}],"wp:term":[{"taxonomy":"product_brand","embeddable":true,"href":"https:\/\/4petis.com\/de\/wp-json\/wp\/v2\/product_brand?post=2058"},{"taxonomy":"product_cat","embeddable":true,"href":"https:\/\/4petis.com\/de\/wp-json\/wp\/v2\/product_cat?post=2058"},{"taxonomy":"product_tag","embeddable":true,"href":"https:\/\/4petis.com\/de\/wp-json\/wp\/v2\/product_tag?post=2058"}],"curies":[{"name":"wp","href":"https:\/\/api.w.org\/{rel}","templated":true}]}}