{"id":2068,"date":"2026-04-07T01:00:43","date_gmt":"2026-04-06T23:00:43","guid":{"rendered":"https:\/\/4petis.com\/produkt\/vonkajsia-pojazdna-klietka-pre-male-zvierata\/"},"modified":"2026-04-22T11:46:41","modified_gmt":"2026-04-22T09:46:41","slug":"vonkajsia-pojazdna-klietka-pre-male-zvierata","status":"publish","type":"product","link":"https:\/\/4petis.com\/de\/produkt\/vonkajsia-pojazdna-klietka-pre-male-zvierata\/","title":{"rendered":"Transportk\u00e4fig f\u00fcr Kleintiere"},"content":{"rendered":"<p>Ger\u00e4umiger dreist\u00f6ckiger K\u00e4fig f\u00fcr Kleintiere mit Rollen, herausziehbarer Schale, Fressnapf und Trinkflasche. Leicht zu transportieren, leicht zu reinigen und komfortabel f\u00fcr dein Lieblingstier.<\/p>","protected":false},"excerpt":{"rendered":"<p>Ger\u00e4umiger dreist\u00f6ckiger K\u00e4fig f\u00fcr Kleintiere mit Rollen, herausziehbarer Schale, Fressnapf und Trinkflasche. Leicht zu transportieren, leicht zu reinigen und komfortabel f\u00fcr dein Lieblingstier.<\/p>","protected":false},"featured_media":2329,"comment_status":"open","ping_status":"closed","template":"","meta":{"_uag_custom_page_level_css":""},"product_brand":[],"product_cat":[104,25,27,105],"product_tag":[279],"class_list":{"0":"post-2068","1":"product","2":"type-product","3":"status-publish","4":"has-post-thumbnail","6":"product_cat-kleintiere","7":"product_cat-nager-kaninchen","8":"product_cat-tierzubehoer","9":"product_cat-zubehoer","10":"product_tag-sk","12":"first","13":"instock","14":"taxable","15":"shipping-taxable","16":"purchasable","17":"product-type-simple"},"uagb_featured_image_src":{"full":["https:\/\/4petis.com\/wp-content\/uploads\/2026\/04\/kulteri-gurulos-kisallat-ketrec-1_1_43bbf140-6336-4c1c-925c-19d5a75b5ea3.jpg",1080,1080,false],"thumbnail":["https:\/\/4petis.com\/wp-content\/uploads\/2026\/04\/kulteri-gurulos-kisallat-ketrec-1_1_43bbf140-6336-4c1c-925c-19d5a75b5ea3-280x280.jpg",280,280,true],"medium":["https:\/\/4petis.com\/wp-content\/uploads\/2026\/04\/kulteri-gurulos-kisallat-ketrec-1_1_43bbf140-6336-4c1c-925c-19d5a75b5ea3-400x400.jpg",400,400,true],"medium_large":["https:\/\/4petis.com\/wp-content\/uploads\/2026\/04\/kulteri-gurulos-kisallat-ketrec-1_1_43bbf140-6336-4c1c-925c-19d5a75b5ea3-768x768.jpg",768,768,true],"large":["https:\/\/4petis.com\/wp-content\/uploads\/2026\/04\/kulteri-gurulos-kisallat-ketrec-1_1_43bbf140-6336-4c1c-925c-19d5a75b5ea3-800x800.jpg",800,800,true],"1536x1536":["https:\/\/4petis.com\/wp-content\/uploads\/2026\/04\/kulteri-gurulos-kisallat-ketrec-1_1_43bbf140-6336-4c1c-925c-19d5a75b5ea3.jpg",1080,1080,false],"2048x2048":["https:\/\/4petis.com\/wp-content\/uploads\/2026\/04\/kulteri-gurulos-kisallat-ketrec-1_1_43bbf140-6336-4c1c-925c-19d5a75b5ea3.jpg",1080,1080,false],"trp-custom-language-flag":["https:\/\/4petis.com\/wp-content\/uploads\/2026\/04\/kulteri-gurulos-kisallat-ketrec-1_1_43bbf140-6336-4c1c-925c-19d5a75b5ea3-12x12.jpg",12,12,true],"woocommerce_thumbnail":["https:\/\/4petis.com\/wp-content\/uploads\/2026\/04\/kulteri-gurulos-kisallat-ketrec-1_1_43bbf140-6336-4c1c-925c-19d5a75b5ea3-247x296.jpg",247,296,true],"woocommerce_single":["https:\/\/4petis.com\/wp-content\/uploads\/2026\/04\/kulteri-gurulos-kisallat-ketrec-1_1_43bbf140-6336-4c1c-925c-19d5a75b5ea3-510x510.jpg",510,510,true],"woocommerce_gallery_thumbnail":["https:\/\/4petis.com\/wp-content\/uploads\/2026\/04\/kulteri-gurulos-kisallat-ketrec-1_1_43bbf140-6336-4c1c-925c-19d5a75b5ea3-100x100.jpg",100,100,true]},"uagb_author_info":{"display_name":"4Petis","author_link":"https:\/\/4petis.com\/de\/author\/"},"uagb_comment_info":0,"uagb_excerpt":"Ger\u00e4umiger dreist\u00f6ckiger K\u00e4fig f\u00fcr Kleintiere mit Rollen, herausziehbarer Schale, Fressnapf und Trinkflasche. Leicht zu transportieren, leicht zu reinigen und komfortabel f\u00fcr dein Lieblingstier.","_links":{"self":[{"href":"https:\/\/4petis.com\/de\/wp-json\/wp\/v2\/product\/2068","targetHints":{"allow":["GET"]}}],"collection":[{"href":"https:\/\/4petis.com\/de\/wp-json\/wp\/v2\/product"}],"about":[{"href":"https:\/\/4petis.com\/de\/wp-json\/wp\/v2\/types\/product"}],"replies":[{"embeddable":true,"href":"https:\/\/4petis.com\/de\/wp-json\/wp\/v2\/comments?post=2068"}],"wp:featuredmedia":[{"embeddable":true,"href":"https:\/\/4petis.com\/de\/wp-json\/wp\/v2\/media\/2329"}],"wp:attachment":[{"href":"https:\/\/4petis.com\/de\/wp-json\/wp\/v2\/media?parent=2068"}],"wp:term":[{"taxonomy":"product_brand","embeddable":true,"href":"https:\/\/4petis.com\/de\/wp-json\/wp\/v2\/product_brand?post=2068"},{"taxonomy":"product_cat","embeddable":true,"href":"https:\/\/4petis.com\/de\/wp-json\/wp\/v2\/product_cat?post=2068"},{"taxonomy":"product_tag","embeddable":true,"href":"https:\/\/4petis.com\/de\/wp-json\/wp\/v2\/product_tag?post=2068"}],"curies":[{"name":"wp","href":"https:\/\/api.w.org\/{rel}","templated":true}]}}