{"id":2072,"date":"2026-04-07T01:00:48","date_gmt":"2026-04-06T23:00:48","guid":{"rendered":"https:\/\/4petis.com\/produkt\/macska-maszoka-kaktusz\/"},"modified":"2026-04-18T11:43:20","modified_gmt":"2026-04-18T09:43:20","slug":"macska-maszoka-kaktusz","status":"publish","type":"product","link":"https:\/\/4petis.com\/de\/produkt\/macska-maszoka-kaktusz\/","title":{"rendered":"Katzenkletterger\u00fcst, Kaktus"},"content":{"rendered":"<p>Ein stilvoller Kratzbaum in Kaktusform mit mehreren Ruhe- und Spielpl\u00e4tzen. Modernes Design, strapazierf\u00e4hige Materialien \u2013 bietet deiner Katze perfekte Entspannung!<\/p>","protected":false},"excerpt":{"rendered":"<p>Ein stilvoller Kratzbaum in Kaktusform mit mehreren Ruhe- und Spielpl\u00e4tzen. Modernes Design, strapazierf\u00e4hige Materialien \u2013 bietet deiner Katze perfekte Entspannung!<\/p>","protected":false},"featured_media":2358,"comment_status":"open","ping_status":"closed","template":"","meta":{"_uag_custom_page_level_css":""},"product_brand":[],"product_cat":[102,24,104,25,27,105],"product_tag":[285,284],"class_list":{"0":"post-2072","1":"product","2":"type-product","3":"status-publish","4":"has-post-thumbnail","6":"product_cat-katzen","7":"product_cat-katzenfutter","8":"product_cat-kleintiere","9":"product_cat-nager-kaninchen","10":"product_cat-tierzubehoer","11":"product_cat-zubehoer","12":"product_tag-hopphu","13":"product_tag-hu","15":"first","16":"instock","17":"taxable","18":"shipping-taxable","19":"purchasable","20":"product-type-simple"},"uagb_featured_image_src":{"full":["https:\/\/4petis.com\/wp-content\/uploads\/2026\/04\/macska-maszoka-kaktusz-1_8cd843dd-942d-4406-bf81-eaeee520cd10.jpg",1000,1000,false],"thumbnail":["https:\/\/4petis.com\/wp-content\/uploads\/2026\/04\/macska-maszoka-kaktusz-1_8cd843dd-942d-4406-bf81-eaeee520cd10-280x280.jpg",280,280,true],"medium":["https:\/\/4petis.com\/wp-content\/uploads\/2026\/04\/macska-maszoka-kaktusz-1_8cd843dd-942d-4406-bf81-eaeee520cd10-400x400.jpg",400,400,true],"medium_large":["https:\/\/4petis.com\/wp-content\/uploads\/2026\/04\/macska-maszoka-kaktusz-1_8cd843dd-942d-4406-bf81-eaeee520cd10-768x768.jpg",768,768,true],"large":["https:\/\/4petis.com\/wp-content\/uploads\/2026\/04\/macska-maszoka-kaktusz-1_8cd843dd-942d-4406-bf81-eaeee520cd10-800x800.jpg",800,800,true],"1536x1536":["https:\/\/4petis.com\/wp-content\/uploads\/2026\/04\/macska-maszoka-kaktusz-1_8cd843dd-942d-4406-bf81-eaeee520cd10.jpg",1000,1000,false],"2048x2048":["https:\/\/4petis.com\/wp-content\/uploads\/2026\/04\/macska-maszoka-kaktusz-1_8cd843dd-942d-4406-bf81-eaeee520cd10.jpg",1000,1000,false],"trp-custom-language-flag":["https:\/\/4petis.com\/wp-content\/uploads\/2026\/04\/macska-maszoka-kaktusz-1_8cd843dd-942d-4406-bf81-eaeee520cd10-12x12.jpg",12,12,true],"woocommerce_thumbnail":["https:\/\/4petis.com\/wp-content\/uploads\/2026\/04\/macska-maszoka-kaktusz-1_8cd843dd-942d-4406-bf81-eaeee520cd10-247x296.jpg",247,296,true],"woocommerce_single":["https:\/\/4petis.com\/wp-content\/uploads\/2026\/04\/macska-maszoka-kaktusz-1_8cd843dd-942d-4406-bf81-eaeee520cd10-510x510.jpg",510,510,true],"woocommerce_gallery_thumbnail":["https:\/\/4petis.com\/wp-content\/uploads\/2026\/04\/macska-maszoka-kaktusz-1_8cd843dd-942d-4406-bf81-eaeee520cd10-100x100.jpg",100,100,true]},"uagb_author_info":{"display_name":"4Petis","author_link":"https:\/\/4petis.com\/de\/author\/"},"uagb_comment_info":0,"uagb_excerpt":"Ein stilvoller Kratzbaum in Kaktusform mit mehreren Ruhe- und Spielpl\u00e4tzen. Modernes Design, strapazierf\u00e4hige Materialien \u2013 bietet deiner Katze perfekte Entspannung!","_links":{"self":[{"href":"https:\/\/4petis.com\/de\/wp-json\/wp\/v2\/product\/2072","targetHints":{"allow":["GET"]}}],"collection":[{"href":"https:\/\/4petis.com\/de\/wp-json\/wp\/v2\/product"}],"about":[{"href":"https:\/\/4petis.com\/de\/wp-json\/wp\/v2\/types\/product"}],"replies":[{"embeddable":true,"href":"https:\/\/4petis.com\/de\/wp-json\/wp\/v2\/comments?post=2072"}],"wp:featuredmedia":[{"embeddable":true,"href":"https:\/\/4petis.com\/de\/wp-json\/wp\/v2\/media\/2358"}],"wp:attachment":[{"href":"https:\/\/4petis.com\/de\/wp-json\/wp\/v2\/media?parent=2072"}],"wp:term":[{"taxonomy":"product_brand","embeddable":true,"href":"https:\/\/4petis.com\/de\/wp-json\/wp\/v2\/product_brand?post=2072"},{"taxonomy":"product_cat","embeddable":true,"href":"https:\/\/4petis.com\/de\/wp-json\/wp\/v2\/product_cat?post=2072"},{"taxonomy":"product_tag","embeddable":true,"href":"https:\/\/4petis.com\/de\/wp-json\/wp\/v2\/product_tag?post=2072"}],"curies":[{"name":"wp","href":"https:\/\/api.w.org\/{rel}","templated":true}]}}