{"id":2073,"date":"2026-04-07T01:00:50","date_gmt":"2026-04-06T23:00:50","guid":{"rendered":"https:\/\/4petis.com\/produkt\/maly-zvieraci-batoh-na-nosenie-biely-s-listovym-vzorom\/"},"modified":"2026-04-18T11:43:17","modified_gmt":"2026-04-18T09:43:17","slug":"maly-zvieraci-batoh-na-nosenie-biely-s-listovym-vzorom","status":"publish","type":"product","link":"https:\/\/4petis.com\/de\/produkt\/maly-zvieraci-batoh-na-nosenie-biely-s-listovym-vzorom\/","title":{"rendered":"Kleiner Tierrucksack zum Tragen, wei\u00df mit Blattmuster"},"content":{"rendered":"<pre id=\"tw-target-text\" class=\"tw-data-text tw-text-large tw-ta\" dir=\"ltr\" tabindex=\"-1\" role=\"text\" data-placeholder=\"\u00dcbersetzung\" aria-label=\"\u00dcbersetzter Text: Moderner Rucksack f\u00fcr den Transport von Katzen und kleinen Hunden mit Luftl\u00f6chern, einer transparenten Kuppel und gepolsterten Gurten f\u00fcr bequemes Reisen.\" data-ved=\"2ahUKEwjJ4cyErNqTAxXzQfEDHcMuDfUQ3ewLegQIEBAW\"><span class=\"Y2IQFc\" lang=\"de\">Moderner Rucksack f\u00fcr den Transport von Katzen und kleinen Hunden mit Luftl\u00f6chern, einer transparenten Kuppel und gepolsterten Gurten f\u00fcr bequemes Reisen.<\/span><\/pre>","protected":false},"excerpt":{"rendered":"<p>Moderner Rucksack f\u00fcr den Transport von Katzen und kleinen Hunden mit Luftl\u00f6chern, einer transparenten Kuppel und gepolsterten Gurten f\u00fcr bequemes Reisen.<\/p>","protected":false},"featured_media":2363,"comment_status":"open","ping_status":"closed","template":"","meta":{"_uag_custom_page_level_css":""},"product_brand":[],"product_cat":[101,102,104,27,105],"product_tag":[279],"class_list":{"0":"post-2073","1":"product","2":"type-product","3":"status-publish","4":"has-post-thumbnail","6":"product_cat-hunde","7":"product_cat-katzen","8":"product_cat-kleintiere","9":"product_cat-tierzubehoer","10":"product_cat-zubehoer","11":"product_tag-sk","13":"first","14":"instock","15":"taxable","16":"shipping-taxable","17":"purchasable","18":"product-type-simple"},"uagb_featured_image_src":{"full":["https:\/\/4petis.com\/wp-content\/uploads\/2026\/04\/kisallat-hordozo-taska-feher-faleveles-1_180b54eb-c559-4ee0-8cb7-b9143bb4fac1.jpg",1000,1000,false],"thumbnail":["https:\/\/4petis.com\/wp-content\/uploads\/2026\/04\/kisallat-hordozo-taska-feher-faleveles-1_180b54eb-c559-4ee0-8cb7-b9143bb4fac1-280x280.jpg",280,280,true],"medium":["https:\/\/4petis.com\/wp-content\/uploads\/2026\/04\/kisallat-hordozo-taska-feher-faleveles-1_180b54eb-c559-4ee0-8cb7-b9143bb4fac1-400x400.jpg",400,400,true],"medium_large":["https:\/\/4petis.com\/wp-content\/uploads\/2026\/04\/kisallat-hordozo-taska-feher-faleveles-1_180b54eb-c559-4ee0-8cb7-b9143bb4fac1-768x768.jpg",768,768,true],"large":["https:\/\/4petis.com\/wp-content\/uploads\/2026\/04\/kisallat-hordozo-taska-feher-faleveles-1_180b54eb-c559-4ee0-8cb7-b9143bb4fac1-800x800.jpg",800,800,true],"1536x1536":["https:\/\/4petis.com\/wp-content\/uploads\/2026\/04\/kisallat-hordozo-taska-feher-faleveles-1_180b54eb-c559-4ee0-8cb7-b9143bb4fac1.jpg",1000,1000,false],"2048x2048":["https:\/\/4petis.com\/wp-content\/uploads\/2026\/04\/kisallat-hordozo-taska-feher-faleveles-1_180b54eb-c559-4ee0-8cb7-b9143bb4fac1.jpg",1000,1000,false],"trp-custom-language-flag":["https:\/\/4petis.com\/wp-content\/uploads\/2026\/04\/kisallat-hordozo-taska-feher-faleveles-1_180b54eb-c559-4ee0-8cb7-b9143bb4fac1-12x12.jpg",12,12,true],"woocommerce_thumbnail":["https:\/\/4petis.com\/wp-content\/uploads\/2026\/04\/kisallat-hordozo-taska-feher-faleveles-1_180b54eb-c559-4ee0-8cb7-b9143bb4fac1-247x296.jpg",247,296,true],"woocommerce_single":["https:\/\/4petis.com\/wp-content\/uploads\/2026\/04\/kisallat-hordozo-taska-feher-faleveles-1_180b54eb-c559-4ee0-8cb7-b9143bb4fac1-510x510.jpg",510,510,true],"woocommerce_gallery_thumbnail":["https:\/\/4petis.com\/wp-content\/uploads\/2026\/04\/kisallat-hordozo-taska-feher-faleveles-1_180b54eb-c559-4ee0-8cb7-b9143bb4fac1-100x100.jpg",100,100,true]},"uagb_author_info":{"display_name":"4Petis","author_link":"https:\/\/4petis.com\/de\/author\/"},"uagb_comment_info":0,"uagb_excerpt":"Moderner Rucksack f\u00fcr den Transport von Katzen und kleinen Hunden mit Luftl\u00f6chern, einer transparenten Kuppel und gepolsterten Gurten f\u00fcr bequemes Reisen.","_links":{"self":[{"href":"https:\/\/4petis.com\/de\/wp-json\/wp\/v2\/product\/2073","targetHints":{"allow":["GET"]}}],"collection":[{"href":"https:\/\/4petis.com\/de\/wp-json\/wp\/v2\/product"}],"about":[{"href":"https:\/\/4petis.com\/de\/wp-json\/wp\/v2\/types\/product"}],"replies":[{"embeddable":true,"href":"https:\/\/4petis.com\/de\/wp-json\/wp\/v2\/comments?post=2073"}],"wp:featuredmedia":[{"embeddable":true,"href":"https:\/\/4petis.com\/de\/wp-json\/wp\/v2\/media\/2363"}],"wp:attachment":[{"href":"https:\/\/4petis.com\/de\/wp-json\/wp\/v2\/media?parent=2073"}],"wp:term":[{"taxonomy":"product_brand","embeddable":true,"href":"https:\/\/4petis.com\/de\/wp-json\/wp\/v2\/product_brand?post=2073"},{"taxonomy":"product_cat","embeddable":true,"href":"https:\/\/4petis.com\/de\/wp-json\/wp\/v2\/product_cat?post=2073"},{"taxonomy":"product_tag","embeddable":true,"href":"https:\/\/4petis.com\/de\/wp-json\/wp\/v2\/product_tag?post=2073"}],"curies":[{"name":"wp","href":"https:\/\/api.w.org\/{rel}","templated":true}]}}