{"id":2600,"date":"2026-04-07T01:12:33","date_gmt":"2026-04-06T23:12:33","guid":{"rendered":"https:\/\/4petis.com\/produkt\/maly-zvieraci-batoh-na-nosenie-modry\/"},"modified":"2026-04-22T11:44:44","modified_gmt":"2026-04-22T09:44:44","slug":"kleiner-tierrucksack-blau","status":"publish","type":"product","link":"https:\/\/4petis.com\/de\/produkt\/kleiner-tierrucksack-blau\/","title":{"rendered":"Kleiner Tierrucksack, blau"},"content":{"rendered":"<p>Moderne Batoh na pren\u00e1\u0161anie ma\u010diek a mal\u00fdch psov so vzdu\u0161n\u00fdmi otvormi, prieh\u013eadnou kupolou a polstrovan\u00fdmi popruhmi pre pohodln\u00e9 cestovanie.<\/p>","protected":false},"excerpt":{"rendered":"<p>Moderne Batoh na pren\u00e1\u0161anie ma\u010diek a mal\u00fdch psov so vzdu\u0161n\u00fdmi otvormi, prieh\u013eadnou kupolou a polstrovan\u00fdmi popruhmi pre pohodln\u00e9 cestovanie.<\/p>","protected":false},"featured_media":2659,"comment_status":"open","ping_status":"closed","template":"","meta":{"_uag_custom_page_level_css":""},"product_brand":[],"product_cat":[101,102,104,25,27,105],"product_tag":[279],"class_list":{"0":"post-2600","1":"product","2":"type-product","3":"status-publish","4":"has-post-thumbnail","6":"product_cat-hunde","7":"product_cat-katzen","8":"product_cat-kleintiere","9":"product_cat-nager-kaninchen","10":"product_cat-tierzubehoer","11":"product_cat-zubehoer","12":"product_tag-sk","14":"first","15":"instock","16":"taxable","17":"shipping-taxable","18":"purchasable","19":"product-type-simple"},"uagb_featured_image_src":{"full":["https:\/\/4petis.com\/wp-content\/uploads\/2026\/04\/kisallathordozo-taska-kek-1_c9fc039f-dfc5-4469-9bf7-12c1248501e8.jpg",1000,1000,false],"thumbnail":["https:\/\/4petis.com\/wp-content\/uploads\/2026\/04\/kisallathordozo-taska-kek-1_c9fc039f-dfc5-4469-9bf7-12c1248501e8-280x280.jpg",280,280,true],"medium":["https:\/\/4petis.com\/wp-content\/uploads\/2026\/04\/kisallathordozo-taska-kek-1_c9fc039f-dfc5-4469-9bf7-12c1248501e8-400x400.jpg",400,400,true],"medium_large":["https:\/\/4petis.com\/wp-content\/uploads\/2026\/04\/kisallathordozo-taska-kek-1_c9fc039f-dfc5-4469-9bf7-12c1248501e8-768x768.jpg",768,768,true],"large":["https:\/\/4petis.com\/wp-content\/uploads\/2026\/04\/kisallathordozo-taska-kek-1_c9fc039f-dfc5-4469-9bf7-12c1248501e8-800x800.jpg",800,800,true],"1536x1536":["https:\/\/4petis.com\/wp-content\/uploads\/2026\/04\/kisallathordozo-taska-kek-1_c9fc039f-dfc5-4469-9bf7-12c1248501e8.jpg",1000,1000,false],"2048x2048":["https:\/\/4petis.com\/wp-content\/uploads\/2026\/04\/kisallathordozo-taska-kek-1_c9fc039f-dfc5-4469-9bf7-12c1248501e8.jpg",1000,1000,false],"trp-custom-language-flag":["https:\/\/4petis.com\/wp-content\/uploads\/2026\/04\/kisallathordozo-taska-kek-1_c9fc039f-dfc5-4469-9bf7-12c1248501e8-12x12.jpg",12,12,true],"woocommerce_thumbnail":["https:\/\/4petis.com\/wp-content\/uploads\/2026\/04\/kisallathordozo-taska-kek-1_c9fc039f-dfc5-4469-9bf7-12c1248501e8-247x296.jpg",247,296,true],"woocommerce_single":["https:\/\/4petis.com\/wp-content\/uploads\/2026\/04\/kisallathordozo-taska-kek-1_c9fc039f-dfc5-4469-9bf7-12c1248501e8-510x510.jpg",510,510,true],"woocommerce_gallery_thumbnail":["https:\/\/4petis.com\/wp-content\/uploads\/2026\/04\/kisallathordozo-taska-kek-1_c9fc039f-dfc5-4469-9bf7-12c1248501e8-100x100.jpg",100,100,true]},"uagb_author_info":{"display_name":"4Petis","author_link":"https:\/\/4petis.com\/de\/author\/"},"uagb_comment_info":0,"uagb_excerpt":"Modern\u00fd batoh na pren\u00e1\u0161anie ma\u010diek a mal\u00fdch psov so vzdu\u0161n\u00fdmi otvormi, prieh\u013eadnou kupolou a polstrovan\u00fdmi popruhmi pre pohodln\u00e9 cestovanie.","_links":{"self":[{"href":"https:\/\/4petis.com\/de\/wp-json\/wp\/v2\/product\/2600","targetHints":{"allow":["GET"]}}],"collection":[{"href":"https:\/\/4petis.com\/de\/wp-json\/wp\/v2\/product"}],"about":[{"href":"https:\/\/4petis.com\/de\/wp-json\/wp\/v2\/types\/product"}],"replies":[{"embeddable":true,"href":"https:\/\/4petis.com\/de\/wp-json\/wp\/v2\/comments?post=2600"}],"wp:featuredmedia":[{"embeddable":true,"href":"https:\/\/4petis.com\/de\/wp-json\/wp\/v2\/media\/2659"}],"wp:attachment":[{"href":"https:\/\/4petis.com\/de\/wp-json\/wp\/v2\/media?parent=2600"}],"wp:term":[{"taxonomy":"product_brand","embeddable":true,"href":"https:\/\/4petis.com\/de\/wp-json\/wp\/v2\/product_brand?post=2600"},{"taxonomy":"product_cat","embeddable":true,"href":"https:\/\/4petis.com\/de\/wp-json\/wp\/v2\/product_cat?post=2600"},{"taxonomy":"product_tag","embeddable":true,"href":"https:\/\/4petis.com\/de\/wp-json\/wp\/v2\/product_tag?post=2600"}],"curies":[{"name":"wp","href":"https:\/\/api.w.org\/{rel}","templated":true}]}}