{"id":2601,"date":"2026-04-07T01:12:33","date_gmt":"2026-04-06T23:12:33","guid":{"rendered":"https:\/\/4petis.com\/produkt\/hay-rack-pastel-pink\/"},"modified":"2026-04-20T23:44:15","modified_gmt":"2026-04-20T21:44:15","slug":"hay-rack-pastel-pink","status":"publish","type":"product","link":"https:\/\/4petis.com\/de\/produkt\/hay-rack-pastel-pink\/","title":{"rendered":"Heuregal \u2013 Pastellrosa"},"content":{"rendered":"<p>Heuraufe zur Befestigung am K\u00e4fig jetzt erh\u00e4ltlich!<\/p>\n<p>Hast du es satt, dass \u00fcberall Heu auf dem Boden liegt? Dann ist es Zeit, dein Heu-Game auf ein neues Level zu heben! Unsere Heuraufe ist die perfekte L\u00f6sung, um den Bereich deines Kleintiers sauber zu halten und sein Heu frisch zu bewahren!<\/p>\n<p>Eigenschaften:<\/p>\n<p>Kompatibel mit den meisten K\u00e4figtypen und senkrechten Fl\u00e4chen<br \/>\nHergestellt aus 3D-gedrucktem PLA, einem umweltfreundlichen, lebensmittelechten Kunststoff<br \/>\nRobust und langlebig genug f\u00fcr das t\u00e4gliche Nachf\u00fcllen von Heu<br \/>\nOffenes Design f\u00fcr schnelles und einfaches Nachf\u00fcllen<br \/>\nKnabbersichere Holzd\u00fcbel aus 100 % FSC-zertifiziertem Kiefernholz<br \/>\nSichtfenster zur \u00dcberwachung des Heuvorrats, passend zu unseren Trinkflaschenhaltern<br \/>\nEntworfen und hergestellt in Gro\u00dfbritannien<br \/>\nSuper einfach zu installieren<br \/>\nErh\u00e4ltlich mit oder ohne Logo<\/p>\n<p>Perfekt f\u00fcr:<br \/>\nKaninchen, Meerschweinchen, Chinchillas, Degus und alle kleinen Haustiere, die Heu fressen<\/p>\n<p>Warum nicht das Set vervollst\u00e4ndigen?<br \/>\nKombinieren Sie es mit unserem Wasserflaschenhalter f\u00fcr ein passendes Set.<\/p>\n<p>Und wenn das Heu-Chaos aus dem Ruder l\u00e4uft, schauen Sie sich unsere Kehrschaufel- und B\u00fcrstensets an \u2013 ein aufger\u00e4umtes Gehege ist nur einen Wisch entfernt.<\/p>\n<p>Getestet und f\u00fcr gut befunden:<br \/>\nVon unserem hauseigenen Kaninchen-Forschungsteam, Button und Teacup, f\u00fcr gut befunden!<\/p>","protected":false},"excerpt":{"rendered":"<p>Heuraufe zur Befestigung am K\u00e4fig jetzt erh\u00e4ltlich! Hast du es satt, dass \u00fcberall Heu auf dem Boden liegt? Dann ist es Zeit, dein Heu-Game auf ein neues Level zu heben! Unsere Heuraufe ist die perfekte L\u00f6sung, um den Bereich deines Kleintiers sauber zu halten und sein Heu frisch zu bewahren! Eigenschaften: Kompatibel mit den meisten [&#8230;]\n","protected":false},"featured_media":2663,"comment_status":"open","ping_status":"closed","template":"","meta":{"_uag_custom_page_level_css":""},"product_brand":[],"product_cat":[104,25,27,105],"product_tag":[237,281,298,299,300,83,301,302,303,304,96,305,306,307,308],"class_list":{"0":"post-2601","1":"product","2":"type-product","3":"status-publish","4":"has-post-thumbnail","6":"product_cat-kleintiere","7":"product_cat-nager-kaninchen","8":"product_cat-tierzubehoer","9":"product_cat-zubehoer","10":"product_tag-blue","11":"product_tag-bpp","12":"product_tag-chinchilla","13":"product_tag-degu","14":"product_tag-feeder","15":"product_tag-green","16":"product_tag-guinea-pig","17":"product_tag-hamster","18":"product_tag-hay","19":"product_tag-mounted","20":"product_tag-pink","21":"product_tag-rabbit","22":"product_tag-rack","23":"product_tag-wall","24":"product_tag-wall-mounted","26":"first","27":"instock","28":"taxable","29":"shipping-taxable","30":"purchasable","31":"product-type-variable"},"uagb_featured_image_src":{"full":["https:\/\/4petis.com\/wp-content\/uploads\/2026\/04\/4_318224cd-0671-428b-9e9e-7c13544ed0cd.png",1080,1080,false],"thumbnail":["https:\/\/4petis.com\/wp-content\/uploads\/2026\/04\/4_318224cd-0671-428b-9e9e-7c13544ed0cd-280x280.png",280,280,true],"medium":["https:\/\/4petis.com\/wp-content\/uploads\/2026\/04\/4_318224cd-0671-428b-9e9e-7c13544ed0cd-400x400.png",400,400,true],"medium_large":["https:\/\/4petis.com\/wp-content\/uploads\/2026\/04\/4_318224cd-0671-428b-9e9e-7c13544ed0cd-768x768.png",768,768,true],"large":["https:\/\/4petis.com\/wp-content\/uploads\/2026\/04\/4_318224cd-0671-428b-9e9e-7c13544ed0cd-800x800.png",800,800,true],"1536x1536":["https:\/\/4petis.com\/wp-content\/uploads\/2026\/04\/4_318224cd-0671-428b-9e9e-7c13544ed0cd.png",1080,1080,false],"2048x2048":["https:\/\/4petis.com\/wp-content\/uploads\/2026\/04\/4_318224cd-0671-428b-9e9e-7c13544ed0cd.png",1080,1080,false],"trp-custom-language-flag":["https:\/\/4petis.com\/wp-content\/uploads\/2026\/04\/4_318224cd-0671-428b-9e9e-7c13544ed0cd-12x12.png",12,12,true],"woocommerce_thumbnail":["https:\/\/4petis.com\/wp-content\/uploads\/2026\/04\/4_318224cd-0671-428b-9e9e-7c13544ed0cd-247x296.png",247,296,true],"woocommerce_single":["https:\/\/4petis.com\/wp-content\/uploads\/2026\/04\/4_318224cd-0671-428b-9e9e-7c13544ed0cd-510x510.png",510,510,true],"woocommerce_gallery_thumbnail":["https:\/\/4petis.com\/wp-content\/uploads\/2026\/04\/4_318224cd-0671-428b-9e9e-7c13544ed0cd-100x100.png",100,100,true]},"uagb_author_info":{"display_name":"4Petis","author_link":"https:\/\/4petis.com\/de\/author\/"},"uagb_comment_info":0,"uagb_excerpt":"Heuraufe zur Befestigung am K\u00e4fig jetzt erh\u00e4ltlich! Hast du es satt, dass \u00fcberall Heu auf dem Boden liegt? Dann ist es Zeit, dein Heu-Game auf ein neues Level zu heben! Unsere Heuraufe ist die perfekte L\u00f6sung, um den Bereich deines Kleintiers sauber zu halten und sein Heu frisch zu bewahren! Eigenschaften: Kompatibel mit den meisten&hellip;","_links":{"self":[{"href":"https:\/\/4petis.com\/de\/wp-json\/wp\/v2\/product\/2601","targetHints":{"allow":["GET"]}}],"collection":[{"href":"https:\/\/4petis.com\/de\/wp-json\/wp\/v2\/product"}],"about":[{"href":"https:\/\/4petis.com\/de\/wp-json\/wp\/v2\/types\/product"}],"replies":[{"embeddable":true,"href":"https:\/\/4petis.com\/de\/wp-json\/wp\/v2\/comments?post=2601"}],"wp:featuredmedia":[{"embeddable":true,"href":"https:\/\/4petis.com\/de\/wp-json\/wp\/v2\/media\/2663"}],"wp:attachment":[{"href":"https:\/\/4petis.com\/de\/wp-json\/wp\/v2\/media?parent=2601"}],"wp:term":[{"taxonomy":"product_brand","embeddable":true,"href":"https:\/\/4petis.com\/de\/wp-json\/wp\/v2\/product_brand?post=2601"},{"taxonomy":"product_cat","embeddable":true,"href":"https:\/\/4petis.com\/de\/wp-json\/wp\/v2\/product_cat?post=2601"},{"taxonomy":"product_tag","embeddable":true,"href":"https:\/\/4petis.com\/de\/wp-json\/wp\/v2\/product_tag?post=2601"}],"curies":[{"name":"wp","href":"https:\/\/api.w.org\/{rel}","templated":true}]}}