{"id":2612,"date":"2026-04-07T01:12:46","date_gmt":"2026-04-06T23:12:46","guid":{"rendered":"https:\/\/4petis.com\/produkt\/cat-flap-ferplast-swing-1-white-plastic\/"},"modified":"2026-04-16T23:35:53","modified_gmt":"2026-04-16T21:35:53","slug":"cat-flap-ferplast-swing-1-white-plastic","status":"publish","type":"product","link":"https:\/\/4petis.com\/de\/produkt\/cat-flap-ferplast-swing-1-white-plastic\/","title":{"rendered":"Katzenklappe Ferplast Swing 1, wei\u00df, Kunststoff"},"content":{"rendered":"<p>If you are looking for new market trending items, we present the <b>Katzenklappe Ferplast Swing 1 Wei\u00dfer Kunststoff<\/b>!<\/p>\n<ul>\n<li>Colour: White<\/li>\n<li>Pet: Cat<\/li>\n<li>Type: Cat Flap<\/li>\n<li>Material: Plastic<\/li>\n<li>Positions: 2 Positions<\/li>\n<\/ul>","protected":false},"excerpt":{"rendered":"<p>Wenn Sie nach neuen Trendartikeln suchen, pr\u00e4sentieren wir Ihnen die Katzenklappe Ferplast Swing 1 aus wei\u00dfem Kunststoff! Farbe: Wei\u00df; Haustier: Katze; Typ: Katzenklappe; Material: Kunststoff; Positionen: 2<\/p>","protected":false},"featured_media":2763,"comment_status":"open","ping_status":"closed","template":"","meta":{"_uag_custom_page_level_css":""},"product_brand":[],"product_cat":[102,27,105],"product_tag":[39,297,294],"class_list":{"0":"post-2612","1":"product","2":"type-product","3":"status-publish","4":"has-post-thumbnail","6":"product_cat-katzen","7":"product_cat-tierzubehoer","8":"product_cat-zubehoer","9":"product_tag-fbs-c004","10":"product_tag-ferplast","11":"product_tag-home-garden-pets-beds-and-mattresses","13":"first","14":"instock","15":"taxable","16":"shipping-taxable","17":"purchasable","18":"product-type-simple"},"uagb_featured_image_src":{"full":["https:\/\/4petis.com\/wp-content\/uploads\/2026\/04\/8010690057217_S7161602_P01.jpg",1200,1200,false],"thumbnail":["https:\/\/4petis.com\/wp-content\/uploads\/2026\/04\/8010690057217_S7161602_P01-280x280.jpg",280,280,true],"medium":["https:\/\/4petis.com\/wp-content\/uploads\/2026\/04\/8010690057217_S7161602_P01-400x400.jpg",400,400,true],"medium_large":["https:\/\/4petis.com\/wp-content\/uploads\/2026\/04\/8010690057217_S7161602_P01-768x768.jpg",768,768,true],"large":["https:\/\/4petis.com\/wp-content\/uploads\/2026\/04\/8010690057217_S7161602_P01-800x800.jpg",800,800,true],"1536x1536":["https:\/\/4petis.com\/wp-content\/uploads\/2026\/04\/8010690057217_S7161602_P01.jpg",1200,1200,false],"2048x2048":["https:\/\/4petis.com\/wp-content\/uploads\/2026\/04\/8010690057217_S7161602_P01.jpg",1200,1200,false],"trp-custom-language-flag":["https:\/\/4petis.com\/wp-content\/uploads\/2026\/04\/8010690057217_S7161602_P01-12x12.jpg",12,12,true],"woocommerce_thumbnail":["https:\/\/4petis.com\/wp-content\/uploads\/2026\/04\/8010690057217_S7161602_P01-247x296.jpg",247,296,true],"woocommerce_single":["https:\/\/4petis.com\/wp-content\/uploads\/2026\/04\/8010690057217_S7161602_P01-510x510.jpg",510,510,true],"woocommerce_gallery_thumbnail":["https:\/\/4petis.com\/wp-content\/uploads\/2026\/04\/8010690057217_S7161602_P01-100x100.jpg",100,100,true]},"uagb_author_info":{"display_name":"4Petis","author_link":"https:\/\/4petis.com\/de\/author\/"},"uagb_comment_info":0,"uagb_excerpt":"If you are looking for new market trending items, we present the Cat Flap Ferplast Swing 1 White Plastic! Colour: White Pet: Cat Type: Cat Flap Material: Plastic Positions: 2 Positions","_links":{"self":[{"href":"https:\/\/4petis.com\/de\/wp-json\/wp\/v2\/product\/2612","targetHints":{"allow":["GET"]}}],"collection":[{"href":"https:\/\/4petis.com\/de\/wp-json\/wp\/v2\/product"}],"about":[{"href":"https:\/\/4petis.com\/de\/wp-json\/wp\/v2\/types\/product"}],"replies":[{"embeddable":true,"href":"https:\/\/4petis.com\/de\/wp-json\/wp\/v2\/comments?post=2612"}],"wp:featuredmedia":[{"embeddable":true,"href":"https:\/\/4petis.com\/de\/wp-json\/wp\/v2\/media\/2763"}],"wp:attachment":[{"href":"https:\/\/4petis.com\/de\/wp-json\/wp\/v2\/media?parent=2612"}],"wp:term":[{"taxonomy":"product_brand","embeddable":true,"href":"https:\/\/4petis.com\/de\/wp-json\/wp\/v2\/product_brand?post=2612"},{"taxonomy":"product_cat","embeddable":true,"href":"https:\/\/4petis.com\/de\/wp-json\/wp\/v2\/product_cat?post=2612"},{"taxonomy":"product_tag","embeddable":true,"href":"https:\/\/4petis.com\/de\/wp-json\/wp\/v2\/product_tag?post=2612"}],"curies":[{"name":"wp","href":"https:\/\/api.w.org\/{rel}","templated":true}]}}