{"id":2613,"date":"2026-04-07T01:12:47","date_gmt":"2026-04-06T23:12:47","guid":{"rendered":"https:\/\/4petis.com\/produkt\/garden-of-gold-forage-blend\/"},"modified":"2026-04-23T11:37:02","modified_gmt":"2026-04-23T09:37:02","slug":"garden-of-gold-forage-blend","status":"publish","type":"product","link":"https:\/\/4petis.com\/de\/produkt\/garden-of-gold-forage-blend\/","title":{"rendered":"Garden of Gold Futtermittelmischung f\u00fcr Kleintiere"},"content":{"rendered":"<div>\u201eGarden of Gold Forage Mix\u201c bringt mit einer nahrhaften Leckerli- und Futtermischung, die sowohl auf das Wohlbefinden als auch auf die Bereicherung des Alltags ausgerichtet ist, einen Hauch von Sonnenschein in den Alltag Ihres Kaninchens. Dieser duftende Futterzusatz sorgt f\u00fcr Abwechslung in der Ern\u00e4hrung Ihres Kaninchens und f\u00f6rdert gleichzeitig sein nat\u00fcrliches Futtersuchverhalten \u2013 denn Kaninchenleckerlis sollten ebenso wohltuend wie sch\u00f6n sein.<\/div>\n<div><\/div>\n<div>Garden of Gold wird aus Ringelblumen, Kamille, Schafgarbenbl\u00fcten und Zitronenmelisse hergestellt und ist reich an sanften Kr\u00e4utern, die f\u00fcr ihre beruhigenden und verdauungsf\u00f6rdernden Eigenschaften bekannt sind. Es ist eine reine, pflanzliche Alternative zu industriell hergestellten Kaninchenleckereien, ohne F\u00fcllstoffe oder k\u00fcnstliche Inhaltsstoffe.<\/div>\n<div><\/div>\n<div>Warum wir es lieben:<\/div>\n<div><\/div>\n<div>Unterst\u00fctzung der Verdauung \u2013 Kamille und Schafgarbe helfen, den Darm zu beruhigen und eine gesunde Verdauung zu f\u00f6rdern<\/div>\n<div><\/div>\n<div>Beruhigung &amp; Entspannung \u2013 Zitronenmelisse f\u00f6rdert ein Gef\u00fchl der Ruhe und des allgemeinen Gleichgewichts<\/div>\n<div><\/div>\n<div>Ganzheitliches Wohlbefinden \u2013 Ringelblume unterst\u00fctzt die Haut, das Immunsystem und die nat\u00fcrliche Heilung<\/div>\n<div><\/div>\n<div>Auf Bereicherung ausgerichteter Kaninchen-Leckerbissen \u2013 F\u00f6rdert das nat\u00fcrliche Futtersuchen und die geistige Stimulation<\/div>\n<div><\/div>\n<div>Leichtes, blumiges Aroma \u2013 Riecht frisch und einladend, was es f\u00fcr Kaninchen unwiderstehlich macht<\/div>\n<div><\/div>\n<div>Verwenden Sie Garden of Gold als gesunden Kaninchen-Leckerbissen, t\u00e4gliche Futtermischung oder Heuzusatz, um die Mahlzeiten Ihres Kaninchens mit funktionellen Bl\u00fcten und nat\u00fcrlicher Bereicherung aufzuwerten.<\/div>\n<div><\/div>\n<div>GR\u00d6SSE: 1 oz &amp; 3 oz<\/div>","protected":false},"excerpt":{"rendered":"<p>\u201eGarden of Gold Forage Mix\u201c bringt mit einer nahrhaften Leckerli- und Futtermischung, die sowohl auf das Wohlbefinden als auch auf die Bereicherung des Alltags ausgerichtet ist, einen Hauch von Sonnenschein in den Alltag Ihres Kaninchens. Dieser duftende Futterzusatz sorgt f\u00fcr Abwechslung in der Ern\u00e4hrung Ihres Kaninchens und f\u00f6rdert gleichzeitig sein nat\u00fcrliches Futtersuchverhalten \u2013 denn Kaninchenleckerlis [&#8230;]\n","protected":false},"featured_media":2764,"comment_status":"open","ping_status":"closed","template":"","meta":{"_uag_custom_page_level_css":""},"product_brand":[],"product_cat":[104,25],"product_tag":[282,283],"class_list":{"0":"post-2613","1":"product","2":"type-product","3":"status-publish","4":"has-post-thumbnail","6":"product_cat-kleintiere","7":"product_cat-nager-kaninchen","8":"product_tag-forage","9":"product_tag-wiha","11":"first","12":"instock","13":"taxable","14":"shipping-taxable","15":"purchasable","16":"product-type-variable"},"uagb_featured_image_src":{"full":["https:\/\/4petis.com\/wp-content\/uploads\/2026\/04\/4_87826a02-4ee0-4dfd-9359-c031aedb337a-scaled.png",2560,1920,false],"thumbnail":["https:\/\/4petis.com\/wp-content\/uploads\/2026\/04\/4_87826a02-4ee0-4dfd-9359-c031aedb337a-280x280.png",280,280,true],"medium":["https:\/\/4petis.com\/wp-content\/uploads\/2026\/04\/4_87826a02-4ee0-4dfd-9359-c031aedb337a-533x400.png",533,400,true],"medium_large":["https:\/\/4petis.com\/wp-content\/uploads\/2026\/04\/4_87826a02-4ee0-4dfd-9359-c031aedb337a-768x576.png",768,576,true],"large":["https:\/\/4petis.com\/wp-content\/uploads\/2026\/04\/4_87826a02-4ee0-4dfd-9359-c031aedb337a-1067x800.png",1020,765,true],"1536x1536":["https:\/\/4petis.com\/wp-content\/uploads\/2026\/04\/4_87826a02-4ee0-4dfd-9359-c031aedb337a-1536x1152.png",1536,1152,true],"2048x2048":["https:\/\/4petis.com\/wp-content\/uploads\/2026\/04\/4_87826a02-4ee0-4dfd-9359-c031aedb337a-2048x1536.png",2048,1536,true],"trp-custom-language-flag":["https:\/\/4petis.com\/wp-content\/uploads\/2026\/04\/4_87826a02-4ee0-4dfd-9359-c031aedb337a-16x12.png",16,12,true],"woocommerce_thumbnail":["https:\/\/4petis.com\/wp-content\/uploads\/2026\/04\/4_87826a02-4ee0-4dfd-9359-c031aedb337a-247x296.png",247,296,true],"woocommerce_single":["https:\/\/4petis.com\/wp-content\/uploads\/2026\/04\/4_87826a02-4ee0-4dfd-9359-c031aedb337a-510x382.png",510,382,true],"woocommerce_gallery_thumbnail":["https:\/\/4petis.com\/wp-content\/uploads\/2026\/04\/4_87826a02-4ee0-4dfd-9359-c031aedb337a-100x100.png",100,100,true]},"uagb_author_info":{"display_name":"4Petis","author_link":"https:\/\/4petis.com\/de\/author\/"},"uagb_comment_info":0,"uagb_excerpt":"\u201eGarden of Gold Forage Mix\u201c bringt mit einer nahrhaften Leckerli- und Futtermischung, die sowohl auf das Wohlbefinden als auch auf die Bereicherung des Alltags ausgerichtet ist, einen Hauch von Sonnenschein in den Alltag Ihres Kaninchens. Dieser duftende Futterzusatz sorgt f\u00fcr Abwechslung in der Ern\u00e4hrung Ihres Kaninchens und f\u00f6rdert gleichzeitig sein nat\u00fcrliches Futtersuchverhalten \u2013 denn Kaninchenleckerlis&hellip;","_links":{"self":[{"href":"https:\/\/4petis.com\/de\/wp-json\/wp\/v2\/product\/2613","targetHints":{"allow":["GET"]}}],"collection":[{"href":"https:\/\/4petis.com\/de\/wp-json\/wp\/v2\/product"}],"about":[{"href":"https:\/\/4petis.com\/de\/wp-json\/wp\/v2\/types\/product"}],"replies":[{"embeddable":true,"href":"https:\/\/4petis.com\/de\/wp-json\/wp\/v2\/comments?post=2613"}],"wp:featuredmedia":[{"embeddable":true,"href":"https:\/\/4petis.com\/de\/wp-json\/wp\/v2\/media\/2764"}],"wp:attachment":[{"href":"https:\/\/4petis.com\/de\/wp-json\/wp\/v2\/media?parent=2613"}],"wp:term":[{"taxonomy":"product_brand","embeddable":true,"href":"https:\/\/4petis.com\/de\/wp-json\/wp\/v2\/product_brand?post=2613"},{"taxonomy":"product_cat","embeddable":true,"href":"https:\/\/4petis.com\/de\/wp-json\/wp\/v2\/product_cat?post=2613"},{"taxonomy":"product_tag","embeddable":true,"href":"https:\/\/4petis.com\/de\/wp-json\/wp\/v2\/product_tag?post=2613"}],"curies":[{"name":"wp","href":"https:\/\/api.w.org\/{rel}","templated":true}]}}