{"id":396,"date":"2026-03-12T23:57:42","date_gmt":"2026-03-12T22:57:42","guid":{"rendered":"https:\/\/4petis.com\/produkt\/wooden-pet-feeder-with-stainless-steel-bowls-raised-dog-food-stand\/"},"modified":"2026-04-20T11:57:19","modified_gmt":"2026-04-20T09:57:19","slug":"wooden-pet-feeder-with-stainless-steel-bowls-raised-dog-food-stand","status":"publish","type":"product","link":"https:\/\/4petis.com\/de\/produkt\/wooden-pet-feeder-with-stainless-steel-bowls-raised-dog-food-stand\/","title":{"rendered":"Futterautomat aus Holz mit Edelstahln\u00e4pfen, erh\u00f6hter Futterteller f\u00fcr Hunde"},"content":{"rendered":"<p><span>DETAILS: <\/span><br \/><span>Handgefertigt aus neuem Kiefernholz aus der Region. <\/span><br \/><span>Mit sch\u00fctzender Klarlackschicht versiegelt. <\/span><br \/><span>Vollst\u00e4ndig montiert.<\/span><br \/><span>Erh\u00e4ltlich in 2 Gr\u00f6\u00dfen. <\/span><br \/><span>2 Edelstahlsch\u00fcsseln inklusive. <\/span><br \/><span>Die Sch\u00fcsseln sind sp\u00fclmaschinenfest.<\/span><\/p>\n<p>MEDIUM:<br \/>Gesamtabmessungen: 43 cm breit x 20 cm tief x 9,5 cm hoch<br \/>\u00a0 Sch\u00fcsselgr\u00f6\u00dfe: 27,05 oz. \u00a0<\/p>\n<p>GROSS:\u00a0<br \/>Gesamtabmessungen: 56 cm breit x 28,6 cm tief x 9,5 cm hoch<br \/>\u00a0 Sch\u00fcsselgr\u00f6\u00dfe: 60,85 oz (ca. 1,78 l)<span>FARBEN: <\/span><br \/><span>Beizt\u00f6ne: Verwittertes Grau, Goldene Eiche, Spezialnussbaum, Espresso, Tiefschwarz<\/span><\/p>\n<p><span>UPGRADES: <\/span><br \/><span>Name hinzuf\u00fcgen<\/span><\/p>\n<p><span>NAMENSOPTIONEN: <\/span><br \/><span>Die Schrift ist eingraviert. <\/span><br \/><span>Mit Ihrem Text individuell anpassbar. Es wird kein Entwurf f\u00fcr Schriftart und Layout bereitgestellt.<\/span><\/p>\n<p><span>VERSAND:<\/span><br \/><span>Schiffe komplett montiert und einsatzbereit.\u00a0<\/span><br \/><span>Bestellungen werden per UPS Standardversand verschickt. Bestellungen nach Hawaii und Alaska werden gegebenenfalls per USPS versendet. Sendungsverfolgungsnummern werden bereitgestellt. Alle Bestellungen werden von Arkport, New York, aus versendet. <\/span><\/p>\n<p><span>BITTE BEACHTEN SIE-<\/span><br \/><span>Handgefertigt in New York aus neuem Kiefernholz. Jedes St\u00fcck wird individuell aus neuem Holz gefertigt. Abweichungen in der Holzmaserung und\/oder Astl\u00f6cher sind zu erwarten und k\u00f6nnen vom gezeigten Bild abweichen. Aufgrund der nat\u00fcrlichen Beschaffenheit des Holzes k\u00f6nnen Astl\u00f6cher oder andere Unregelm\u00e4\u00dfigkeiten auftreten. Da jedes St\u00fcck Holz einzigartig ist, kann die endg\u00fcltige Beizfarbe variieren. Wir sind der Meinung, dass kleine Unvollkommenheiten den Charakter unserer handgefertigten Artikel unterstreichen. Zu den nat\u00fcrlichen Variationen von Holzprodukten geh\u00f6ren unter anderem Maserung, Farbunterschiede, feine Risse, kleine Dellen oder Kratzer, Astl\u00f6cher und\/oder Mineralstreifen. <\/span><\/p>","protected":false},"excerpt":{"rendered":"<p>DETAILS: Handmade from locally sources new pine. Sealed with protective clear finish. Fully assembled.Available in 2 sizes. 2 Stainless steel bowls included. Bowls are dishwasher safe. MEDIUM:Overall dimensions: 17&#8243; wide x 8&#8243; deep x 3.75&#8243; tall\u00a0 Bowl size: 27.05 oz. \u00a0 LARGE:\u00a0Overall dimensions: 22&#8243; wide x 11.25&#8243; deep x 3.75&#8243; tall\u00a0 Bowl size: 60.85 ozCOLORS: [&#8230;]\n","protected":false},"featured_media":397,"comment_status":"open","ping_status":"closed","template":"","meta":{"_uag_custom_page_level_css":""},"product_brand":[],"product_cat":[102,27,105],"product_tag":[272,269,273,274,275,36],"class_list":{"0":"post-396","1":"product","2":"type-product","3":"status-publish","4":"has-post-thumbnail","6":"product_cat-katzen","7":"product_cat-tierzubehoer","8":"product_cat-zubehoer","9":"product_tag-elevated-bog-bowls","10":"product_tag-pet-bowls","11":"product_tag-pet-feeder","12":"product_tag-raised-dog-stand","13":"product_tag-stainless-steel-bowls","14":"product_tag-tmw","16":"first","17":"instock","18":"taxable","19":"shipping-taxable","20":"purchasable","21":"product-type-variable"},"uagb_featured_image_src":{"full":["https:\/\/4petis.com\/wp-content\/uploads\/2026\/03\/IMG_5245-scaled.jpg",2560,1707,false],"thumbnail":["https:\/\/4petis.com\/wp-content\/uploads\/2026\/03\/IMG_5245-150x150.jpg",150,150,true],"medium":["https:\/\/4petis.com\/wp-content\/uploads\/2026\/03\/IMG_5245-300x200.jpg",300,200,true],"medium_large":["https:\/\/4petis.com\/wp-content\/uploads\/2026\/03\/IMG_5245-768x512.jpg",768,512,true],"large":["https:\/\/4petis.com\/wp-content\/uploads\/2026\/03\/IMG_5245-1024x683.jpg",1020,680,true],"1536x1536":["https:\/\/4petis.com\/wp-content\/uploads\/2026\/03\/IMG_5245-1536x1024.jpg",1536,1024,true],"2048x2048":["https:\/\/4petis.com\/wp-content\/uploads\/2026\/03\/IMG_5245-2048x1365.jpg",2048,1365,true],"trp-custom-language-flag":["https:\/\/4petis.com\/wp-content\/uploads\/2026\/03\/IMG_5245-scaled.jpg",18,12,false],"woocommerce_thumbnail":["https:\/\/4petis.com\/wp-content\/uploads\/2026\/03\/IMG_5245-scaled-247x296.jpg",247,296,true],"woocommerce_single":["https:\/\/4petis.com\/wp-content\/uploads\/2026\/03\/IMG_5245-scaled-510x340.jpg",510,340,true],"woocommerce_gallery_thumbnail":["https:\/\/4petis.com\/wp-content\/uploads\/2026\/03\/IMG_5245-scaled-100x100.jpg",100,100,true]},"uagb_author_info":{"display_name":"4Petis","author_link":"https:\/\/4petis.com\/de\/author\/"},"uagb_comment_info":0,"uagb_excerpt":"DETAILS: Handmade from locally sources new pine. Sealed with protective clear finish. Fully assembled.Available in 2 sizes. 2 Stainless steel bowls included. Bowls are dishwasher safe. MEDIUM:Overall dimensions: 17&#8243; wide x 8&#8243; deep x 3.75&#8243; tall\u00a0 Bowl size: 27.05 oz. \u00a0 LARGE:\u00a0Overall dimensions: 22&#8243; wide x 11.25&#8243; deep x 3.75&#8243; tall\u00a0 Bowl size: 60.85 ozCOLORS:&hellip;","_links":{"self":[{"href":"https:\/\/4petis.com\/de\/wp-json\/wp\/v2\/product\/396","targetHints":{"allow":["GET"]}}],"collection":[{"href":"https:\/\/4petis.com\/de\/wp-json\/wp\/v2\/product"}],"about":[{"href":"https:\/\/4petis.com\/de\/wp-json\/wp\/v2\/types\/product"}],"replies":[{"embeddable":true,"href":"https:\/\/4petis.com\/de\/wp-json\/wp\/v2\/comments?post=396"}],"wp:featuredmedia":[{"embeddable":true,"href":"https:\/\/4petis.com\/de\/wp-json\/wp\/v2\/media\/397"}],"wp:attachment":[{"href":"https:\/\/4petis.com\/de\/wp-json\/wp\/v2\/media?parent=396"}],"wp:term":[{"taxonomy":"product_brand","embeddable":true,"href":"https:\/\/4petis.com\/de\/wp-json\/wp\/v2\/product_brand?post=396"},{"taxonomy":"product_cat","embeddable":true,"href":"https:\/\/4petis.com\/de\/wp-json\/wp\/v2\/product_cat?post=396"},{"taxonomy":"product_tag","embeddable":true,"href":"https:\/\/4petis.com\/de\/wp-json\/wp\/v2\/product_tag?post=396"}],"curies":[{"name":"wp","href":"https:\/\/api.w.org\/{rel}","templated":true}]}}