{"id":427,"date":"2026-03-12T23:59:38","date_gmt":"2026-03-12T22:59:38","guid":{"rendered":"https:\/\/4petis.com\/produkt\/hanging-wooden-dog-feeder-mounted-pet-feeding-station-shepherd-food-stand\/"},"modified":"2026-04-20T11:56:34","modified_gmt":"2026-04-20T09:56:34","slug":"hanging-wooden-dog-feeder-mounted-pet-feeding-station-shepherd-food-stand","status":"publish","type":"product","link":"https:\/\/4petis.com\/de\/produkt\/hanging-wooden-dog-feeder-mounted-pet-feeding-station-shepherd-food-stand\/","title":{"rendered":"H\u00e4ngender Hundenapf aus Holz, Wandmontierte Futterstation f\u00fcr Haustiere, Futterst\u00e4nder f\u00fcr Sch\u00e4ferhunde"},"content":{"rendered":"<p>Your beloved pet will love it! With handmade wooden hanging food &amp; water feeding stations you will minimize messes that require time consuming clean up and at the same time create healthy meal time routines for your dogs and cats and make sure all your home details are reasonable yet stylish.<\/p>\n<p><strong>Easy to Install<\/strong><br \/>Oak veneered MDF board floating pet food stands are super easy to install. You will find pre-drilled screw holes. Only a couple of minutes and your pet will enjoy comfortable eating.<\/p>\n<p><strong>Healthy Feeding Posture<\/strong><br \/>Mounted wall feeding stand features two separate bowls which help to reduce strain on the dog&#8217;s, cat&#8217;s neck, spine and hips, all while supporting healthy digestion.<\/p>\n<p><strong>Firm Hold, Less Mess<\/strong><br \/>A double wooden floating stand holds both of the bowls in place so it means no more mess around or spill water and you don&#8217;t need to mop around each time your lovely pet has food.<\/p>\n<p><strong>Ideal Feeding Portions<\/strong><br \/>Floating pet stand including two stainless steel bowls. It&#8217;s good for your pet&#8217;s hygiene. The most important thing &#8211; bowls perfectly fit a dog&#8217;s or cat&#8217;s food portion.<\/p>\n<p><strong>Dishwasher Safe Bowls<\/strong><br \/>Stainless steel pet&#8217;s bowls are removable and dishwasher safe.<\/p>\n<p><strong>Elegant Design<\/strong><br \/>Simple yet modern mood hanging wall feeder is inspired by Nordic minimalism. Elegant smooth lines create simplicity and quality. Wood pattern &amp; colours will easily match with all home interiors.<\/p>\n<p><strong><br \/>Measurements:<\/strong><\/p>\n<p><strong>Large SIZE<\/strong> (For large dogs)<br \/>Size of hanging stand: 56cm x 24cm x 9.5cm \/ 22&#8221; x 9.4&#8221; x 3.7&#8221;<br \/>Stainless steel bowl volume: 1500 ml = 3.3 lb<\/p>\n<p><strong>Colors:<br \/><\/strong>Oak<br \/>White<strong><\/p>\n<p>Base material:<\/strong><br \/>Oak veneered MDF board<\/p>\n<p><strong>Easy to install:<\/strong><br \/>It has one wooden bracket which needs to be attached to the wall. The main wooden body goes in like a drawer and sits firmly.<\/p>\n<p><strong>Shipment:<\/strong><br \/>Each item is carefully packed, maximum security wrapped before long or short distance shipping. Item is ready to be shipped in 1-2 business days.<br \/>Natural wood shades and patterns can be slightly different than seen in the pictures.<br \/>Please notice that your device screen settings could slightly change the colors of real wood.<\/p>","protected":false},"excerpt":{"rendered":"<p>Your beloved pet will love it! With handmade wooden hanging food &amp; water feeding stations you will minimize messes that require time consuming clean up and at the same time create healthy meal time routines for your dogs and cats and make sure all your home details are reasonable yet stylish. Easy to InstallOak veneered [&#8230;]\n","protected":false},"featured_media":428,"comment_status":"open","ping_status":"closed","template":"","meta":{"_uag_custom_page_level_css":""},"product_brand":[],"product_cat":[101,102,27,105],"product_tag":[42],"class_list":{"0":"post-427","1":"product","2":"type-product","3":"status-publish","4":"has-post-thumbnail","6":"product_cat-hunde","7":"product_cat-katzen","8":"product_cat-tierzubehoer","9":"product_cat-zubehoer","10":"product_tag-vali","12":"first","13":"instock","14":"taxable","15":"shipping-taxable","16":"purchasable","17":"product-type-variable"},"uagb_featured_image_src":{"full":["https:\/\/4petis.com\/wp-content\/uploads\/2026\/03\/dog-feeding-stand-valiai-large-size-005.jpg",2048,2048,false],"thumbnail":["https:\/\/4petis.com\/wp-content\/uploads\/2026\/03\/dog-feeding-stand-valiai-large-size-005-150x150.jpg",150,150,true],"medium":["https:\/\/4petis.com\/wp-content\/uploads\/2026\/03\/dog-feeding-stand-valiai-large-size-005-300x300.jpg",300,300,true],"medium_large":["https:\/\/4petis.com\/wp-content\/uploads\/2026\/03\/dog-feeding-stand-valiai-large-size-005-768x768.jpg",768,768,true],"large":["https:\/\/4petis.com\/wp-content\/uploads\/2026\/03\/dog-feeding-stand-valiai-large-size-005-1024x1024.jpg",800,800,true],"1536x1536":["https:\/\/4petis.com\/wp-content\/uploads\/2026\/03\/dog-feeding-stand-valiai-large-size-005-1536x1536.jpg",1536,1536,true],"2048x2048":["https:\/\/4petis.com\/wp-content\/uploads\/2026\/03\/dog-feeding-stand-valiai-large-size-005.jpg",2048,2048,false],"trp-custom-language-flag":["https:\/\/4petis.com\/wp-content\/uploads\/2026\/03\/dog-feeding-stand-valiai-large-size-005.jpg",12,12,false],"woocommerce_thumbnail":["https:\/\/4petis.com\/wp-content\/uploads\/2026\/03\/dog-feeding-stand-valiai-large-size-005-247x296.jpg",247,296,true],"woocommerce_single":["https:\/\/4petis.com\/wp-content\/uploads\/2026\/03\/dog-feeding-stand-valiai-large-size-005-510x510.jpg",510,510,true],"woocommerce_gallery_thumbnail":["https:\/\/4petis.com\/wp-content\/uploads\/2026\/03\/dog-feeding-stand-valiai-large-size-005-100x100.jpg",100,100,true]},"uagb_author_info":{"display_name":"4Petis","author_link":"https:\/\/4petis.com\/de\/author\/"},"uagb_comment_info":0,"uagb_excerpt":"Your beloved pet will love it! With handmade wooden hanging food &amp; water feeding stations you will minimize messes that require time consuming clean up and at the same time create healthy meal time routines for your dogs and cats and make sure all your home details are reasonable yet stylish. Easy to InstallOak veneered&hellip;","_links":{"self":[{"href":"https:\/\/4petis.com\/de\/wp-json\/wp\/v2\/product\/427","targetHints":{"allow":["GET"]}}],"collection":[{"href":"https:\/\/4petis.com\/de\/wp-json\/wp\/v2\/product"}],"about":[{"href":"https:\/\/4petis.com\/de\/wp-json\/wp\/v2\/types\/product"}],"replies":[{"embeddable":true,"href":"https:\/\/4petis.com\/de\/wp-json\/wp\/v2\/comments?post=427"}],"wp:featuredmedia":[{"embeddable":true,"href":"https:\/\/4petis.com\/de\/wp-json\/wp\/v2\/media\/428"}],"wp:attachment":[{"href":"https:\/\/4petis.com\/de\/wp-json\/wp\/v2\/media?parent=427"}],"wp:term":[{"taxonomy":"product_brand","embeddable":true,"href":"https:\/\/4petis.com\/de\/wp-json\/wp\/v2\/product_brand?post=427"},{"taxonomy":"product_cat","embeddable":true,"href":"https:\/\/4petis.com\/de\/wp-json\/wp\/v2\/product_cat?post=427"},{"taxonomy":"product_tag","embeddable":true,"href":"https:\/\/4petis.com\/de\/wp-json\/wp\/v2\/product_tag?post=427"}],"curies":[{"name":"wp","href":"https:\/\/api.w.org\/{rel}","templated":true}]}}