{"id":456,"date":"2026-03-13T00:01:09","date_gmt":"2026-03-12T23:01:09","guid":{"rendered":"https:\/\/4petis.com\/produkt\/xiaomi-smart-pet-food-feeder-2-eu-bhr9030eu-bhr9030eu\/"},"modified":"2026-04-14T16:12:01","modified_gmt":"2026-04-14T14:12:01","slug":"xiaomi-smart-pet-food-feeder-2-eu-bhr9030eu-bhr9030eu","status":"publish","type":"product","link":"https:\/\/4petis.com\/de\/produkt\/xiaomi-smart-pet-food-feeder-2-eu-bhr9030eu-bhr9030eu\/","title":{"rendered":"Xiaomi Smart Pet Food Feeder 2 EU \/ BHR9030EU (BHR9030EU)"},"content":{"rendered":"<p><strong>Jellemz\u0151k<\/strong><\/p>\n<ul><\/p>\n<li>Term\u00e9k t\u00edpusa: Okos kis\u00e1llat etet\u0151<\/li>\n<p><\/p>\n<li>Kompatibilit\u00e1s: Android 8.0 &amp; iOS 12.0 vagy magasabb<\/li>\n<p><\/p>\n<li>K\u00fcl\u00f6nleges jellemz\u0151k: 5 literes kapacit\u00e1s, LED kijelz\u0151, vezet\u00e9k n\u00e9lk\u00fcli kapcsolat_ Wi-Fi IEEE 802.11 b\/g\/n 2.4 GHz<\/li>\n<p><\/p>\n<li>M\u0171k\u00f6d\u00e9si m\u00f3d:H\u00e1l\u00f3zati\/Akkumul\u00e1toros<\/li>\n<p><\/p>\n<li>Sz\u00edn:: Feh\u00e9r<\/li>\n<p><\/p>\n<li>Sz\u00e9less\u00e9g: 38.4 cm<\/li>\n<p><\/p>\n<li>Magass\u00e1g: 22 cm<\/li>\n<p><\/p>\n<li>M\u00e9lys\u00e9g: 34.2 cm<\/li>\n<p><\/p>\n<li>T\u00f6meg: 3.049 kg<\/li>\n<p><\/ul>\n<p>Doboz tartalma_ Okos kis\u00e1llat etet\u0151, \u00e9telt\u00e1l, nedvsz\u00edv\u00f3 patron, t\u00e1pk\u00e1bel, haszn\u00e1lati \u00fatmutat\u00f3<\/p>\n<p>&nbsp;<\/p>\n<p>Megj.: CIF<\/p>","protected":false},"excerpt":{"rendered":"<p>Jellemz\u0151k Term\u00e9k t\u00edpusa: Okos kis\u00e1llat etet\u0151 Kompatibilit\u00e1s: Android 8.0 &amp; iOS 12.0 vagy magasabb K\u00fcl\u00f6nleges jellemz\u0151k: 5 literes kapacit\u00e1s, LED kijelz\u0151, vezet\u00e9k n\u00e9lk\u00fcli kapcsolat_ Wi-Fi IEEE 802.11 b\/g\/n 2.4 GHz M\u0171k\u00f6d\u00e9si m\u00f3d:H\u00e1l\u00f3zati\/Akkumul\u00e1toros Sz\u00edn:: Feh\u00e9r Sz\u00e9less\u00e9g: 38.4 cm Magass\u00e1g: 22 cm M\u00e9lys\u00e9g: 34.2 cm T\u00f6meg: 3.049 kg Doboz tartalma_ Okos kis\u00e1llat etet\u0151, \u00e9telt\u00e1l, nedvsz\u00edv\u00f3 patron, t\u00e1pk\u00e1bel, [&#8230;]\n","protected":false},"featured_media":457,"comment_status":"open","ping_status":"closed","template":"","meta":{"_uag_custom_page_level_css":""},"product_brand":[],"product_cat":[101,102,104,27,105],"product_tag":[],"class_list":{"0":"post-456","1":"product","2":"type-product","3":"status-publish","4":"has-post-thumbnail","6":"product_cat-hunde","7":"product_cat-katzen","8":"product_cat-kleintiere","9":"product_cat-tierzubehoer","10":"product_cat-zubehoer","12":"first","13":"instock","14":"taxable","15":"shipping-taxable","16":"purchasable","17":"product-type-simple"},"uagb_featured_image_src":{"full":["https:\/\/4petis.com\/wp-content\/uploads\/2026\/03\/3b0c8207-73ff-482b-87b6-66dacb00b063.png",1000,1000,false],"thumbnail":["https:\/\/4petis.com\/wp-content\/uploads\/2026\/03\/3b0c8207-73ff-482b-87b6-66dacb00b063-150x150.png",150,150,true],"medium":["https:\/\/4petis.com\/wp-content\/uploads\/2026\/03\/3b0c8207-73ff-482b-87b6-66dacb00b063-300x300.png",300,300,true],"medium_large":["https:\/\/4petis.com\/wp-content\/uploads\/2026\/03\/3b0c8207-73ff-482b-87b6-66dacb00b063-768x768.png",768,768,true],"large":["https:\/\/4petis.com\/wp-content\/uploads\/2026\/03\/3b0c8207-73ff-482b-87b6-66dacb00b063.png",800,800,false],"1536x1536":["https:\/\/4petis.com\/wp-content\/uploads\/2026\/03\/3b0c8207-73ff-482b-87b6-66dacb00b063.png",1000,1000,false],"2048x2048":["https:\/\/4petis.com\/wp-content\/uploads\/2026\/03\/3b0c8207-73ff-482b-87b6-66dacb00b063.png",1000,1000,false],"trp-custom-language-flag":["https:\/\/4petis.com\/wp-content\/uploads\/2026\/03\/3b0c8207-73ff-482b-87b6-66dacb00b063.png",12,12,false],"woocommerce_thumbnail":["https:\/\/4petis.com\/wp-content\/uploads\/2026\/03\/3b0c8207-73ff-482b-87b6-66dacb00b063-247x296.png",247,296,true],"woocommerce_single":["https:\/\/4petis.com\/wp-content\/uploads\/2026\/03\/3b0c8207-73ff-482b-87b6-66dacb00b063-510x510.png",510,510,true],"woocommerce_gallery_thumbnail":["https:\/\/4petis.com\/wp-content\/uploads\/2026\/03\/3b0c8207-73ff-482b-87b6-66dacb00b063-100x100.png",100,100,true]},"uagb_author_info":{"display_name":"4Petis","author_link":"https:\/\/4petis.com\/de\/author\/"},"uagb_comment_info":0,"uagb_excerpt":"Jellemz\u0151k Term\u00e9k t\u00edpusa: Okos kis\u00e1llat etet\u0151 Kompatibilit\u00e1s: Android 8.0 &amp; iOS 12.0 vagy magasabb K\u00fcl\u00f6nleges jellemz\u0151k: 5 literes kapacit\u00e1s, LED kijelz\u0151, vezet\u00e9k n\u00e9lk\u00fcli kapcsolat_ Wi-Fi IEEE 802.11 b\/g\/n 2.4 GHz M\u0171k\u00f6d\u00e9si m\u00f3d:H\u00e1l\u00f3zati\/Akkumul\u00e1toros Sz\u00edn:: Feh\u00e9r Sz\u00e9less\u00e9g: 38.4 cm Magass\u00e1g: 22 cm M\u00e9lys\u00e9g: 34.2 cm T\u00f6meg: 3.049 kg Doboz tartalma_ Okos kis\u00e1llat etet\u0151, \u00e9telt\u00e1l, nedvsz\u00edv\u00f3 patron, t\u00e1pk\u00e1bel,&hellip;","_links":{"self":[{"href":"https:\/\/4petis.com\/de\/wp-json\/wp\/v2\/product\/456","targetHints":{"allow":["GET"]}}],"collection":[{"href":"https:\/\/4petis.com\/de\/wp-json\/wp\/v2\/product"}],"about":[{"href":"https:\/\/4petis.com\/de\/wp-json\/wp\/v2\/types\/product"}],"replies":[{"embeddable":true,"href":"https:\/\/4petis.com\/de\/wp-json\/wp\/v2\/comments?post=456"}],"wp:featuredmedia":[{"embeddable":true,"href":"https:\/\/4petis.com\/de\/wp-json\/wp\/v2\/media\/457"}],"wp:attachment":[{"href":"https:\/\/4petis.com\/de\/wp-json\/wp\/v2\/media?parent=456"}],"wp:term":[{"taxonomy":"product_brand","embeddable":true,"href":"https:\/\/4petis.com\/de\/wp-json\/wp\/v2\/product_brand?post=456"},{"taxonomy":"product_cat","embeddable":true,"href":"https:\/\/4petis.com\/de\/wp-json\/wp\/v2\/product_cat?post=456"},{"taxonomy":"product_tag","embeddable":true,"href":"https:\/\/4petis.com\/de\/wp-json\/wp\/v2\/product_tag?post=456"}],"curies":[{"name":"wp","href":"https:\/\/api.w.org\/{rel}","templated":true}]}}