{"id":923,"date":"2026-04-06T22:49:33","date_gmt":"2026-04-06T20:49:33","guid":{"rendered":"https:\/\/4petis.com\/produkt\/2-in-1-wall-cat-bed-and-scratching-post\/"},"modified":"2026-04-25T11:39:56","modified_gmt":"2026-04-25T09:39:56","slug":"2-in-1-wall-cat-bed-and-scratching-post","status":"publish","type":"product","link":"https:\/\/4petis.com\/de\/produkt\/2-in-1-wall-cat-bed-and-scratching-post\/","title":{"rendered":"2-in-1-Katzenbett und Kratzbaum f\u00fcr die Wand"},"content":{"rendered":"<p data-start=\"162\" data-end=\"243\">K\u00fchlendes, wandmontiertes Katzenhaus mit Kratzfl\u00e4che und Bel\u00fcftung<\/p>\n<p data-start=\"245\" data-end=\"529\"><strong data-start=\"245\" data-end=\"263\">Spezifikationen<\/strong><br data-start=\"263\" data-end=\"266\">\u2022 Marke: <br data-start=\"280\" data-end=\"283\">\u2022 Produkttyp: Katzenbett &amp; Kratzbaum<br data-start=\"324\" data-end=\"327\">\u2022 Gr\u00f6\u00dfe: Doppellagig<br data-start=\"347\" data-end=\"350\" data-is-only-node=\"\">\u2022 Abmessungen: 56 cm x 28 cm x 30 cm<br data-start=\"385\" data-end=\"388\">\u2022 Material: Karton<br data-start=\"409\" data-end=\"412\">\u2022 Farbe: TV-Modell<br data-start=\"429\" data-end=\"432\">\u2022 Zielart: Katze<br data-start=\"453\" data-end=\"456\">\u2022 Montageart: Wandmontage<br data-start=\"482\" data-end=\"485\">\u2022 Schichten: 2<br data-start=\"496\" data-end=\"499\">\u2022 Merkmal: Bel\u00fcftungsschlitze<\/p>\n<p data-start=\"531\" data-end=\"863\"><strong data-start=\"531\" data-end=\"543\">Vorteile<\/strong><br data-start=\"543\" data-end=\"546\">F\u00f6rdert Luftzirkulation und Komfort durch integrierte Bel\u00fcftungsschlitze<br data-start=\"606\" data-end=\"609\">Das multifunktionale Design spart Platz und dient gleichzeitig als Kratzbaum.<br data-start=\"677\" data-end=\"680\">Die strapazierf\u00e4hige Oberfl\u00e4che minimiert das Absplittern und h\u00e4lt h\u00e4ufigem Kratzen stand.<br data-start=\"747\" data-end=\"750\" data-is-only-node=\"\">Die Wandbefestigung sorgt f\u00fcr erh\u00f6hten und sicheren Halt Ihres Haustieres.<br data-start=\"807\" data-end=\"810\">Das ansprechende Design l\u00e4dt zum Ausruhen und Spielen in einem Raum ein.<\/p>\n<p data-start=\"865\" data-end=\"1289\" data-is-last-node=\"\" data-is-only-node=\"\"><strong data-start=\"865\" data-end=\"880\">Beschreibung<\/strong><br data-start=\"880\" data-end=\"883\">Das 2-in-1-Wand-Katzenbett mit Kratzbaum ist ideal zum Ausruhen und Spielen und somit perfekt f\u00fcr Wohnungskatzen geeignet. Dank seiner platzsparenden Wandmontage bietet es eine Kratzfl\u00e4che und Bel\u00fcftungsschlitze, die Ihre Katze in den w\u00e4rmeren Monaten k\u00fchl halten. Hergestellt aus robustem Karton, bietet es einen gem\u00fctlichen, erh\u00f6hten Schlafplatz und erm\u00f6glicht es Ihrer Katze, ihrem nat\u00fcrlichen Kratztrieb nachzugehen.<\/p>","protected":false},"excerpt":{"rendered":"<p>Cooling wall-mounted cat house with scratch surface and ventilation Specifications\u2022 Brand: \u2022 Product Type: Cat Bed &amp; Scratching Post\u2022 Size: Double Layer\u2022 Dimensions: 56 cm x 28 cm x 30 cm\u2022 Material: Cardboard\u2022 Color: TV Model\u2022 Target Species: Cat\u2022 Mount Type: Wall-Mounted\u2022 Layers: 2\u2022 Feature: Ventilation Slots BenefitsPromotes airflow and comfort with built-in ventilation slotsDual-purpose [&#8230;]\n","protected":false},"featured_media":969,"comment_status":"open","ping_status":"closed","template":"","meta":{"_uag_custom_page_level_css":""},"product_brand":[],"product_cat":[102,27,105],"product_tag":[227,228,41],"class_list":{"0":"post-923","1":"product","2":"type-product","3":"status-publish","4":"has-post-thumbnail","6":"product_cat-katzen","7":"product_cat-tierzubehoer","8":"product_cat-zubehoer","9":"product_tag-carsales","10":"product_tag-decathlon","11":"product_tag-nne","13":"first","14":"instock","15":"taxable","16":"shipping-taxable","17":"purchasable","18":"product-type-simple"},"uagb_featured_image_src":{"full":["https:\/\/4petis.com\/wp-content\/uploads\/2026\/04\/4e62ecf4-78b3-42f1-b4a9-f6c3ee8ea980.jpg",800,800,false],"thumbnail":["https:\/\/4petis.com\/wp-content\/uploads\/2026\/04\/4e62ecf4-78b3-42f1-b4a9-f6c3ee8ea980-280x280.jpg",280,280,true],"medium":["https:\/\/4petis.com\/wp-content\/uploads\/2026\/04\/4e62ecf4-78b3-42f1-b4a9-f6c3ee8ea980-400x400.jpg",400,400,true],"medium_large":["https:\/\/4petis.com\/wp-content\/uploads\/2026\/04\/4e62ecf4-78b3-42f1-b4a9-f6c3ee8ea980-768x768.jpg",768,768,true],"large":["https:\/\/4petis.com\/wp-content\/uploads\/2026\/04\/4e62ecf4-78b3-42f1-b4a9-f6c3ee8ea980.jpg",800,800,false],"1536x1536":["https:\/\/4petis.com\/wp-content\/uploads\/2026\/04\/4e62ecf4-78b3-42f1-b4a9-f6c3ee8ea980.jpg",800,800,false],"2048x2048":["https:\/\/4petis.com\/wp-content\/uploads\/2026\/04\/4e62ecf4-78b3-42f1-b4a9-f6c3ee8ea980.jpg",800,800,false],"trp-custom-language-flag":["https:\/\/4petis.com\/wp-content\/uploads\/2026\/04\/4e62ecf4-78b3-42f1-b4a9-f6c3ee8ea980-12x12.jpg",12,12,true],"woocommerce_thumbnail":["https:\/\/4petis.com\/wp-content\/uploads\/2026\/04\/4e62ecf4-78b3-42f1-b4a9-f6c3ee8ea980-247x296.jpg",247,296,true],"woocommerce_single":["https:\/\/4petis.com\/wp-content\/uploads\/2026\/04\/4e62ecf4-78b3-42f1-b4a9-f6c3ee8ea980-510x510.jpg",510,510,true],"woocommerce_gallery_thumbnail":["https:\/\/4petis.com\/wp-content\/uploads\/2026\/04\/4e62ecf4-78b3-42f1-b4a9-f6c3ee8ea980-100x100.jpg",100,100,true]},"uagb_author_info":{"display_name":"4Petis","author_link":"https:\/\/4petis.com\/de\/author\/"},"uagb_comment_info":0,"uagb_excerpt":"Cooling wall-mounted cat house with scratch surface and ventilation Specifications\u2022 Brand: \u2022 Product Type: Cat Bed &amp; Scratching Post\u2022 Size: Double Layer\u2022 Dimensions: 56 cm x 28 cm x 30 cm\u2022 Material: Cardboard\u2022 Color: TV Model\u2022 Target Species: Cat\u2022 Mount Type: Wall-Mounted\u2022 Layers: 2\u2022 Feature: Ventilation Slots BenefitsPromotes airflow and comfort with built-in ventilation slotsDual-purpose&hellip;","_links":{"self":[{"href":"https:\/\/4petis.com\/de\/wp-json\/wp\/v2\/product\/923","targetHints":{"allow":["GET"]}}],"collection":[{"href":"https:\/\/4petis.com\/de\/wp-json\/wp\/v2\/product"}],"about":[{"href":"https:\/\/4petis.com\/de\/wp-json\/wp\/v2\/types\/product"}],"replies":[{"embeddable":true,"href":"https:\/\/4petis.com\/de\/wp-json\/wp\/v2\/comments?post=923"}],"wp:featuredmedia":[{"embeddable":true,"href":"https:\/\/4petis.com\/de\/wp-json\/wp\/v2\/media\/969"}],"wp:attachment":[{"href":"https:\/\/4petis.com\/de\/wp-json\/wp\/v2\/media?parent=923"}],"wp:term":[{"taxonomy":"product_brand","embeddable":true,"href":"https:\/\/4petis.com\/de\/wp-json\/wp\/v2\/product_brand?post=923"},{"taxonomy":"product_cat","embeddable":true,"href":"https:\/\/4petis.com\/de\/wp-json\/wp\/v2\/product_cat?post=923"},{"taxonomy":"product_tag","embeddable":true,"href":"https:\/\/4petis.com\/de\/wp-json\/wp\/v2\/product_tag?post=923"}],"curies":[{"name":"wp","href":"https:\/\/api.w.org\/{rel}","templated":true}]}}