{"id":926,"date":"2026-04-06T22:49:37","date_gmt":"2026-04-06T20:49:37","guid":{"rendered":"https:\/\/4petis.com\/produkt\/haven-ventilated-outdoor-indoor-cat-house\/"},"modified":"2026-04-20T11:43:12","modified_gmt":"2026-04-20T09:43:12","slug":"haven-ventilated-outdoor-indoor-cat-house","status":"publish","type":"product","link":"https:\/\/4petis.com\/de\/produkt\/haven-ventilated-outdoor-indoor-cat-house\/","title":{"rendered":"Haven \u2013 Bel\u00fcftetes Katzenhaus f\u00fcr drinnen und drau\u00dfen"},"content":{"rendered":"<p data-start=\"78\" data-end=\"162\">Bieten Sie Ihrer Katze einen luftigen, privaten R\u00fcckzugsort zum Entspannen und Spielen im Sommer.<\/p>\n<p data-start=\"164\" data-end=\"315\"><strong data-start=\"164\" data-end=\"183\">Spezifikationen:<\/strong><br data-start=\"183\" data-end=\"186\">Farbe: Transparent<br data-start=\"204\" data-end=\"207\">Stil: Modern<br data-start=\"226\" data-end=\"229\">Material: Synthetische Faser<br data-start=\"254\" data-end=\"257\" data-is-only-node=\"\">Montage: Erforderlich<br data-start=\"275\" data-end=\"278\">Produktgr\u00f6\u00dfe: 60 cm x 40 cm x 50 cm<\/p>\n<p data-start=\"317\" data-end=\"617\"><strong data-start=\"317\" data-end=\"330\">Vorteile:<\/strong><br data-start=\"330\" data-end=\"333\">Sorgt f\u00fcr Luftzirkulation und damit f\u00fcr den Komfort Ihrer Katze an warmen Tagen<br data-start=\"389\" data-end=\"392\">Das stilvolle, transparente Design f\u00fcgt sich m\u00fchelos in jede Einrichtung ein.<br data-start=\"447\" data-end=\"450\">Gro\u00dfz\u00fcgiger Innenraum, ideal zum Faulenzen, Verstecken und Spielen<br data-start=\"507\" data-end=\"510\" data-is-only-node=\"\">Vielseitig einsetzbar f\u00fcr Katzen im Innen- und Au\u00dfenbereich<br data-start=\"558\" data-end=\"561\">Leichte und dennoch robuste Konstruktion f\u00fcr einfache Bewegung<\/p>\n<p data-start=\"619\" data-end=\"1037\"><strong data-start=\"619\" data-end=\"635\">Beschreibung:<\/strong><br data-start=\"635\" data-end=\"638\">Das Katzenhaus \u201eHaven\u201c ist der perfekte Sommer-R\u00fcckzugsort f\u00fcr Ihre Katze. Hergestellt aus hochwertigen Kunstfasern, besticht dieses bel\u00fcftete Katzenhaus durch sein modernes, transparentes Design, das Ihr Haustier k\u00fchl h\u00e4lt und ihm gleichzeitig Sichtkontakt erm\u00f6glicht und ihm Privatsph\u00e4re und Komfort bietet. Dank seiner vielseitigen Konstruktion eignet es sich sowohl f\u00fcr den Innen- als auch f\u00fcr den Au\u00dfenbereich \u2013 ob im Wohnzimmer, auf dem Balkon oder im Garten.<\/p>\n<p>\u00a0<\/p>","protected":false},"excerpt":{"rendered":"<p>Give your cat a breezy, private retreat for summer lounging and play. Specifications:Color: TransparentStyle: ContemporaryMaterial: Synthetic FiberAssembly: RequiredProduct Size: 60 cm x 40 cm x 50 cm Benefits:Promotes airflow for your cat&#8217;s comfort during warm daysStylish transparent design blends easily with any decorSpacious interior ideal for lounging, hiding, and playingVersatile for both indoor and outdoor [&#8230;]\n","protected":false},"featured_media":978,"comment_status":"open","ping_status":"closed","template":"","meta":{"_uag_custom_page_level_css":""},"product_brand":[],"product_cat":[102,104,27,105],"product_tag":[227,228,41],"class_list":{"0":"post-926","1":"product","2":"type-product","3":"status-publish","4":"has-post-thumbnail","6":"product_cat-katzen","7":"product_cat-kleintiere","8":"product_cat-tierzubehoer","9":"product_cat-zubehoer","10":"product_tag-carsales","11":"product_tag-decathlon","12":"product_tag-nne","14":"first","15":"instock","16":"taxable","17":"shipping-taxable","18":"purchasable","19":"product-type-simple"},"uagb_featured_image_src":{"full":["https:\/\/4petis.com\/wp-content\/uploads\/2026\/04\/sample_product_19_c69c16b6-1e44-4a12-81fa-e35555a15adf.png",800,800,false],"thumbnail":["https:\/\/4petis.com\/wp-content\/uploads\/2026\/04\/sample_product_19_c69c16b6-1e44-4a12-81fa-e35555a15adf-280x280.png",280,280,true],"medium":["https:\/\/4petis.com\/wp-content\/uploads\/2026\/04\/sample_product_19_c69c16b6-1e44-4a12-81fa-e35555a15adf-400x400.png",400,400,true],"medium_large":["https:\/\/4petis.com\/wp-content\/uploads\/2026\/04\/sample_product_19_c69c16b6-1e44-4a12-81fa-e35555a15adf-768x768.png",768,768,true],"large":["https:\/\/4petis.com\/wp-content\/uploads\/2026\/04\/sample_product_19_c69c16b6-1e44-4a12-81fa-e35555a15adf.png",800,800,false],"1536x1536":["https:\/\/4petis.com\/wp-content\/uploads\/2026\/04\/sample_product_19_c69c16b6-1e44-4a12-81fa-e35555a15adf.png",800,800,false],"2048x2048":["https:\/\/4petis.com\/wp-content\/uploads\/2026\/04\/sample_product_19_c69c16b6-1e44-4a12-81fa-e35555a15adf.png",800,800,false],"trp-custom-language-flag":["https:\/\/4petis.com\/wp-content\/uploads\/2026\/04\/sample_product_19_c69c16b6-1e44-4a12-81fa-e35555a15adf-12x12.png",12,12,true],"woocommerce_thumbnail":["https:\/\/4petis.com\/wp-content\/uploads\/2026\/04\/sample_product_19_c69c16b6-1e44-4a12-81fa-e35555a15adf-247x296.png",247,296,true],"woocommerce_single":["https:\/\/4petis.com\/wp-content\/uploads\/2026\/04\/sample_product_19_c69c16b6-1e44-4a12-81fa-e35555a15adf-510x510.png",510,510,true],"woocommerce_gallery_thumbnail":["https:\/\/4petis.com\/wp-content\/uploads\/2026\/04\/sample_product_19_c69c16b6-1e44-4a12-81fa-e35555a15adf-100x100.png",100,100,true]},"uagb_author_info":{"display_name":"4Petis","author_link":"https:\/\/4petis.com\/de\/author\/"},"uagb_comment_info":0,"uagb_excerpt":"Give your cat a breezy, private retreat for summer lounging and play. Specifications:Color: TransparentStyle: ContemporaryMaterial: Synthetic FiberAssembly: RequiredProduct Size: 60 cm x 40 cm x 50 cm Benefits:Promotes airflow for your cat&#8217;s comfort during warm daysStylish transparent design blends easily with any decorSpacious interior ideal for lounging, hiding, and playingVersatile for both indoor and outdoor&hellip;","_links":{"self":[{"href":"https:\/\/4petis.com\/de\/wp-json\/wp\/v2\/product\/926","targetHints":{"allow":["GET"]}}],"collection":[{"href":"https:\/\/4petis.com\/de\/wp-json\/wp\/v2\/product"}],"about":[{"href":"https:\/\/4petis.com\/de\/wp-json\/wp\/v2\/types\/product"}],"replies":[{"embeddable":true,"href":"https:\/\/4petis.com\/de\/wp-json\/wp\/v2\/comments?post=926"}],"wp:featuredmedia":[{"embeddable":true,"href":"https:\/\/4petis.com\/de\/wp-json\/wp\/v2\/media\/978"}],"wp:attachment":[{"href":"https:\/\/4petis.com\/de\/wp-json\/wp\/v2\/media?parent=926"}],"wp:term":[{"taxonomy":"product_brand","embeddable":true,"href":"https:\/\/4petis.com\/de\/wp-json\/wp\/v2\/product_brand?post=926"},{"taxonomy":"product_cat","embeddable":true,"href":"https:\/\/4petis.com\/de\/wp-json\/wp\/v2\/product_cat?post=926"},{"taxonomy":"product_tag","embeddable":true,"href":"https:\/\/4petis.com\/de\/wp-json\/wp\/v2\/product_tag?post=926"}],"curies":[{"name":"wp","href":"https:\/\/api.w.org\/{rel}","templated":true}]}}