{"id":938,"date":"2026-04-06T22:49:53","date_gmt":"2026-04-06T20:49:53","guid":{"rendered":"https:\/\/4petis.com\/produkt\/sweet-potato-pie-a-la-mode-pro-bakery-bites-soft-n-chewy\/"},"modified":"2026-04-20T11:45:15","modified_gmt":"2026-04-20T09:45:15","slug":"sweet-potato-pie-a-la-mode-pro-bakery-bites-soft-n-chewy","status":"publish","type":"product","link":"https:\/\/4petis.com\/de\/produkt\/sweet-potato-pie-a-la-mode-pro-bakery-bites-soft-n-chewy\/","title":{"rendered":"S\u00fc\u00dfkartoffelkuchen \u00e0 la mode von Pro Bakery Bites \u2013 weich und zart Tierfutter"},"content":{"rendered":"<div class=\"Flex-sc-14t19kd-0 Column-sc-1t2afg0-0 dYHmSl epZUpD\">\n<div class=\"spacing__Spacer-sc-w504b2-0 gCtlJx\">\n<div class=\"spacing__Spacer-sc-w504b2-0 gCtlJx\"><span data-mce-fragment=\"1\" data-test-id=\"accordion-text\" class=\"Styles__Span-sc-4zz2i3-1 AccordionContainer__AccordionTextSpan-sc-10ikm52-3 fUEVZU jAkFaF\"><\/span><\/div>\n<p>Dogs love Pro Bakery Bites treats because they taste great. Dog owners love them because they contain probiotics that promote gut health, a strong immune system, and digestive balance. Probiotics are the friendly bacteria that every dog needs to enjoy overall health and vitality. See happier tail wagging by treating your dog to Pro Bakery<\/p><\/div>\n<div class=\"spacing__Spacer-sc-w504b2-0 gCtlJx\">Bites and better digestive health.<br data-mce-fragment=\"1\">\n<\/div>\n<div class=\"spacing__Spacer-sc-w504b2-0 gCtlJx\"><\/div>\n<div class=\"spacing__Spacer-sc-w504b2-0 gCtlJx\"><\/div>\n<div class=\"spacing__Spacer-sc-w504b2-0 gCtlJx\">*These must be kept in an airtight container to keep treats soft* Not doing so will make the treats become hard.<br data-mce-fragment=\"1\">\n<\/div>\n<div class=\"spacing__Spacer-sc-w504b2-0 gCtlJx\"><\/div>\n<div class=\"spacing__Spacer-sc-w504b2-0 gCtlJx\"><\/div>\n<div class=\"spacing__Spacer-sc-w504b2-0 gCtlJx\"><\/div>\n<div class=\"spacing__Spacer-sc-w504b2-0 gCtlJx\">Ingredients: Dried Bakery Product, Cassava Flour, Wheat Flour, Vegetable Glycerin, Canola Oil, Yogurt Powder, Sweet Potato, Honey, Natural Vanilla Flavor, Yogurt Chips, Lactic Acid, Whole Egg, Cinnamon, Natural Sweet Potato Pie Flavor, Mixed Tocopherols, Rosemary Extract, Vanilla Extract<br data-mce-fragment=\"1\">\n<\/div>\n<div class=\"spacing__Spacer-sc-w504b2-0 gCtlJx\"><\/div>\n<div class=\"spacing__Spacer-sc-w504b2-0 gCtlJx\"><\/div>\n<div class=\"spacing__Spacer-sc-w504b2-0 gCtlJx\"><\/div>\n<div class=\"spacing__Spacer-sc-w504b2-0 gCtlJx\">Guaranteed Analysis:<\/div>\n<div class=\"spacing__Spacer-sc-w504b2-0 gCtlJx\">Crude Protein &#8211; 12% min<\/div>\n<div class=\"spacing__Spacer-sc-w504b2-0 gCtlJx\">Crude Fat &#8211; 8% min<\/div>\n<div class=\"spacing__Spacer-sc-w504b2-0 gCtlJx\">Crude Fiber &#8211; 3% max<\/div>\n<div class=\"spacing__Spacer-sc-w504b2-0 gCtlJx\">Moisture &#8211; 8% max<\/div>\n<div class=\"spacing__Spacer-sc-w504b2-0 gCtlJx\">\n<br data-mce-fragment=\"1\">Details<\/div>\n<div class=\"spacing__Spacer-sc-w504b2-0 gCtlJx\">\u2022 Made in United States \u2022 Weight: 6 oz (170 g) \u2022 Dimensions: 8&#215;5.4&#215;2 in (20.3&#215;13.7&#215;5.1 cm).<\/p>\n<div>\n<div><\/div>\n<\/div>\n<\/div>\n<\/div>","protected":false},"excerpt":{"rendered":"<p>Dogs love Pro Bakery Bites treats because they taste great. Dog owners love them because they contain probiotics that promote gut health, a strong immune system, and digestive balance. Probiotics are the friendly bacteria that every dog needs to enjoy overall health and vitality. See happier tail wagging by treating your dog to Pro Bakery [&#8230;]\n","protected":false},"featured_media":1030,"comment_status":"open","ping_status":"closed","template":"","meta":{"_uag_custom_page_level_css":""},"product_brand":[],"product_cat":[101,23],"product_tag":[108],"class_list":{"0":"post-938","1":"product","2":"type-product","3":"status-publish","4":"has-post-thumbnail","6":"product_cat-hunde","7":"product_cat-hundefutter","8":"product_tag-ttb","10":"first","11":"instock","12":"taxable","13":"shipping-taxable","14":"purchasable","15":"product-type-variable"},"uagb_featured_image_src":{"full":["https:\/\/4petis.com\/wp-content\/uploads\/2026\/04\/image4.jpg",1512,2016,false],"thumbnail":["https:\/\/4petis.com\/wp-content\/uploads\/2026\/04\/image4-280x280.jpg",280,280,true],"medium":["https:\/\/4petis.com\/wp-content\/uploads\/2026\/04\/image4-300x400.jpg",300,400,true],"medium_large":["https:\/\/4petis.com\/wp-content\/uploads\/2026\/04\/image4-768x1024.jpg",768,1024,true],"large":["https:\/\/4petis.com\/wp-content\/uploads\/2026\/04\/image4-600x800.jpg",600,800,true],"1536x1536":["https:\/\/4petis.com\/wp-content\/uploads\/2026\/04\/image4-1152x1536.jpg",1152,1536,true],"2048x2048":["https:\/\/4petis.com\/wp-content\/uploads\/2026\/04\/image4.jpg",1512,2016,false],"trp-custom-language-flag":["https:\/\/4petis.com\/wp-content\/uploads\/2026\/04\/image4-9x12.jpg",9,12,true],"woocommerce_thumbnail":["https:\/\/4petis.com\/wp-content\/uploads\/2026\/04\/image4-247x296.jpg",247,296,true],"woocommerce_single":["https:\/\/4petis.com\/wp-content\/uploads\/2026\/04\/image4-510x680.jpg",510,680,true],"woocommerce_gallery_thumbnail":["https:\/\/4petis.com\/wp-content\/uploads\/2026\/04\/image4-100x100.jpg",100,100,true]},"uagb_author_info":{"display_name":"4Petis","author_link":"https:\/\/4petis.com\/de\/author\/"},"uagb_comment_info":0,"uagb_excerpt":"Dogs love Pro Bakery Bites treats because they taste great. Dog owners love them because they contain probiotics that promote gut health, a strong immune system, and digestive balance. Probiotics are the friendly bacteria that every dog needs to enjoy overall health and vitality. See happier tail wagging by treating your dog to Pro Bakery&hellip;","_links":{"self":[{"href":"https:\/\/4petis.com\/de\/wp-json\/wp\/v2\/product\/938","targetHints":{"allow":["GET"]}}],"collection":[{"href":"https:\/\/4petis.com\/de\/wp-json\/wp\/v2\/product"}],"about":[{"href":"https:\/\/4petis.com\/de\/wp-json\/wp\/v2\/types\/product"}],"replies":[{"embeddable":true,"href":"https:\/\/4petis.com\/de\/wp-json\/wp\/v2\/comments?post=938"}],"wp:featuredmedia":[{"embeddable":true,"href":"https:\/\/4petis.com\/de\/wp-json\/wp\/v2\/media\/1030"}],"wp:attachment":[{"href":"https:\/\/4petis.com\/de\/wp-json\/wp\/v2\/media?parent=938"}],"wp:term":[{"taxonomy":"product_brand","embeddable":true,"href":"https:\/\/4petis.com\/de\/wp-json\/wp\/v2\/product_brand?post=938"},{"taxonomy":"product_cat","embeddable":true,"href":"https:\/\/4petis.com\/de\/wp-json\/wp\/v2\/product_cat?post=938"},{"taxonomy":"product_tag","embeddable":true,"href":"https:\/\/4petis.com\/de\/wp-json\/wp\/v2\/product_tag?post=938"}],"curies":[{"name":"wp","href":"https:\/\/api.w.org\/{rel}","templated":true}]}}