{"id":943,"date":"2026-04-06T22:50:03","date_gmt":"2026-04-06T20:50:03","guid":{"rendered":"https:\/\/4petis.com\/produkt\/natural-woolen-cat-toy-fish\/"},"modified":"2026-04-14T16:23:46","modified_gmt":"2026-04-14T14:23:46","slug":"natural-woolen-cat-toy-fish","status":"publish","type":"product","link":"https:\/\/4petis.com\/de\/produkt\/natural-woolen-cat-toy-fish\/","title":{"rendered":"Katzenspielzeug aus Naturwolle: Fisch"},"content":{"rendered":"<p>DER WOLLFISCH \u2193<\/p>\n<p>F\u00fcr den stilbewussten J\u00e4ger. Dieses Spielzeug besteht aus echter Wolle, nat\u00fcrlicher Jute und einem leisen Gl\u00f6ckchen \u2013 denn Ihre Katze hat mehr verdient als M\u00e4use aus Polyester. Im Lieferumfang enthalten sind ein Holzstab f\u00fcr interaktives Spielen oder nur die Schnur f\u00fcr das Spielen im Alleingang.<\/p>\n<p>\u25cf 100 % Wolle auf Polyesternetz (80 % Wolle, 20 % Polyester)<br \/>\n\u25cf Holzkugel + Juteschnur + leise Metallglocke<br \/>\n\u25cf Optional mit Federn oder Juteschwanz<br \/>\n\u25cf Wahlweise: mit Stab oder ohne<br \/>\n\u25cf Handgefertigt in der EU<\/p>\n<p>Strukturiert. Schadstofffrei. Absolut unwiderstehlich.<br \/>\nGenau die Art von Spielzeug, die Ihre Katze wirklich jagen m\u00f6chte.<\/p>\n<p>\ud83d\udc49 Das nat\u00fcrliche Woll-Katzenspielzeug \u201eFisch\u201c kaufen<\/p>","protected":false},"excerpt":{"rendered":"<p>DER WOLLFISCH \u2193 F\u00fcr den stilbewussten J\u00e4ger. Dieses Spielzeug besteht aus echter Wolle, nat\u00fcrlicher Jute und einem leisen Gl\u00f6ckchen \u2013 denn Ihre Katze hat mehr verdient als M\u00e4use aus Polyester. Im Lieferumfang enthalten sind ein Holzstab f\u00fcr interaktives Spielen oder nur die Schnur f\u00fcr das Spielen im Alleingang. \u25cf 100 % Wolle auf Polyesternetz (80 [&#8230;]\n","protected":false},"featured_media":1055,"comment_status":"open","ping_status":"closed","template":"","meta":{"_uag_custom_page_level_css":""},"product_brand":[],"product_cat":[102,24],"product_tag":[199,112,178,200],"class_list":{"0":"post-943","1":"product","2":"type-product","3":"status-publish","4":"has-post-thumbnail","6":"product_cat-katzen","7":"product_cat-katzenfutter","8":"product_tag-cat-toy","9":"product_tag-mellow","10":"product_tag-pet","11":"product_tag-pet-toy","13":"first","14":"instock","15":"taxable","16":"shipping-taxable","17":"purchasable","18":"product-type-variable"},"uagb_featured_image_src":{"full":["https:\/\/4petis.com\/wp-content\/uploads\/2026\/04\/MSG_0130-scaled.jpg",1707,2560,false],"thumbnail":["https:\/\/4petis.com\/wp-content\/uploads\/2026\/04\/MSG_0130-280x280.jpg",280,280,true],"medium":["https:\/\/4petis.com\/wp-content\/uploads\/2026\/04\/MSG_0130-267x400.jpg",267,400,true],"medium_large":["https:\/\/4petis.com\/wp-content\/uploads\/2026\/04\/MSG_0130-768x1152.jpg",768,1152,true],"large":["https:\/\/4petis.com\/wp-content\/uploads\/2026\/04\/MSG_0130-533x800.jpg",533,800,true],"1536x1536":["https:\/\/4petis.com\/wp-content\/uploads\/2026\/04\/MSG_0130-1024x1536.jpg",1024,1536,true],"2048x2048":["https:\/\/4petis.com\/wp-content\/uploads\/2026\/04\/MSG_0130-1366x2048.jpg",1366,2048,true],"trp-custom-language-flag":["https:\/\/4petis.com\/wp-content\/uploads\/2026\/04\/MSG_0130-8x12.jpg",8,12,true],"woocommerce_thumbnail":["https:\/\/4petis.com\/wp-content\/uploads\/2026\/04\/MSG_0130-247x296.jpg",247,296,true],"woocommerce_single":["https:\/\/4petis.com\/wp-content\/uploads\/2026\/04\/MSG_0130-510x765.jpg",510,765,true],"woocommerce_gallery_thumbnail":["https:\/\/4petis.com\/wp-content\/uploads\/2026\/04\/MSG_0130-100x100.jpg",100,100,true]},"uagb_author_info":{"display_name":"4Petis","author_link":"https:\/\/4petis.com\/de\/author\/"},"uagb_comment_info":0,"uagb_excerpt":"DER WOLLFISCH \u2193 F\u00fcr den stilbewussten J\u00e4ger. Dieses Spielzeug besteht aus echter Wolle, nat\u00fcrlicher Jute und einem leisen Gl\u00f6ckchen \u2013 denn Ihre Katze hat mehr verdient als M\u00e4use aus Polyester. Im Lieferumfang enthalten sind ein Holzstab f\u00fcr interaktives Spielen oder nur die Schnur f\u00fcr das Spielen im Alleingang. \u25cf 100 % Wolle auf Polyesternetz (80&hellip;","_links":{"self":[{"href":"https:\/\/4petis.com\/de\/wp-json\/wp\/v2\/product\/943","targetHints":{"allow":["GET"]}}],"collection":[{"href":"https:\/\/4petis.com\/de\/wp-json\/wp\/v2\/product"}],"about":[{"href":"https:\/\/4petis.com\/de\/wp-json\/wp\/v2\/types\/product"}],"replies":[{"embeddable":true,"href":"https:\/\/4petis.com\/de\/wp-json\/wp\/v2\/comments?post=943"}],"wp:featuredmedia":[{"embeddable":true,"href":"https:\/\/4petis.com\/de\/wp-json\/wp\/v2\/media\/1055"}],"wp:attachment":[{"href":"https:\/\/4petis.com\/de\/wp-json\/wp\/v2\/media?parent=943"}],"wp:term":[{"taxonomy":"product_brand","embeddable":true,"href":"https:\/\/4petis.com\/de\/wp-json\/wp\/v2\/product_brand?post=943"},{"taxonomy":"product_cat","embeddable":true,"href":"https:\/\/4petis.com\/de\/wp-json\/wp\/v2\/product_cat?post=943"},{"taxonomy":"product_tag","embeddable":true,"href":"https:\/\/4petis.com\/de\/wp-json\/wp\/v2\/product_tag?post=943"}],"curies":[{"name":"wp","href":"https:\/\/api.w.org\/{rel}","templated":true}]}}